{"id":150603,"date":"2025-08-14T11:30:24","date_gmt":"2025-08-14T11:30:24","guid":{"rendered":"https:\/\/minervashop.eu\/?post_type=product&#038;p=150603"},"modified":"2025-09-12T15:19:39","modified_gmt":"2025-09-12T15:19:39","slug":"floor-cleaner-wood-natural-510ml","status":"publish","type":"product","link":"https:\/\/minervashop.eu\/en\/toode\/floor-cleaner-wood-natural-510ml\/","title":{"rendered":"Floor cleaner wood &#038; natural 510ml"},"content":{"rendered":"<p>koostis &#8211; Aqua; Sapindus Mukurossi Extract; Disodium Cocoyl Glutamate; Sodium Levulinate; Decyl glucoside Capryl Glucoside; Sodium Cocoyl Glutamate; Potassium Sorbate; Camelia Oleifera Leaf Extract; Saponaria Officinalis Extract; Citric Acid; Alcohol; Xanthan Gum; Parfum.<\/p>\n<p>98.7% koostisainetest on naturaalset p\u00e4ritolu, 26.8% kontrollitud farmitoodang v\u00f5i vabast loodusest saadud. T\u00e4iesti biolagunev. pakend- pudel (PET), kork (rPP) silt (PE) valmistatud 10% \u00fcmbert\u00f6\u00f6deldud plastikust, taaskasutatav.<br \/>\nsertifikaat: Eco-garantii, Vegan<\/p>\n<p><b>kasutamine<\/b>: 1 spl. = ca 10 ml<br \/>\ndoseerimine 25 ml\u00a0 5 L vee kohta<br \/>\nsertifikaat: Austria Orgaanika garantii, originaalne\u00a0 Dermatest<\/p>\n","protected":false},"excerpt":{"rendered":"<p>Planet Pure orgaaniline puidu puhastus vahend on ideaalne selle puhastamiseks ja kaitsmiseks. Sobib puidust pindade, nagu p\u00f5rand, kapid, uksed, lauad,\u00a0 jmt. puhastamiseks. Lisatud looduslikke taimseid saponiine\u00a0 \u00a0ja orgaanilist oliivi \u00f5li.<\/p>\n<p>Toodetus Austrias<\/p>\n<p>plastik pudel<\/p>\n","protected":false},"featured_media":150604,"template":"","meta":[],"product_brand":[],"product_cat":[774],"product_tag":[],"class_list":{"0":"post-150603","1":"product","2":"type-product","3":"status-publish","4":"has-post-thumbnail","6":"product_cat-kodupuhastus-tooted","7":"product_shipping_class-s","9":"first","10":"instock","11":"taxable","12":"shipping-taxable","13":"purchasable","14":"product-type-simple"},"_links":{"self":[{"href":"https:\/\/minervashop.eu\/en\/wp-json\/wp\/v2\/product\/150603","targetHints":{"allow":["GET"]}}],"collection":[{"href":"https:\/\/minervashop.eu\/en\/wp-json\/wp\/v2\/product"}],"about":[{"href":"https:\/\/minervashop.eu\/en\/wp-json\/wp\/v2\/types\/product"}],"wp:featuredmedia":[{"embeddable":true,"href":"https:\/\/minervashop.eu\/en\/wp-json\/wp\/v2\/media\/150604"}],"wp:attachment":[{"href":"https:\/\/minervashop.eu\/en\/wp-json\/wp\/v2\/media?parent=150603"}],"wp:term":[{"taxonomy":"product_brand","embeddable":true,"href":"https:\/\/minervashop.eu\/en\/wp-json\/wp\/v2\/product_brand?post=150603"},{"taxonomy":"product_cat","embeddable":true,"href":"https:\/\/minervashop.eu\/en\/wp-json\/wp\/v2\/product_cat?post=150603"},{"taxonomy":"product_tag","embeddable":true,"href":"https:\/\/minervashop.eu\/en\/wp-json\/wp\/v2\/product_tag?post=150603"}],"curies":[{"name":"wp","href":"https:\/\/api.w.org\/{rel}","templated":true}]}}