{"id":150620,"date":"2025-08-14T12:43:24","date_gmt":"2025-08-14T12:43:24","guid":{"rendered":"https:\/\/minervashop.eu\/?post_type=product&#038;p=150620"},"modified":"2026-01-12T11:01:34","modified_gmt":"2026-01-12T11:01:34","slug":"organic-dental-powder-ginseng-clove-eliah-sahil-60g","status":"publish","type":"product","link":"https:\/\/minervashop.eu\/en\/toode\/organic-dental-powder-ginseng-clove-eliah-sahil-60g\/","title":{"rendered":"Organic Dental Powder Ginseng Clove Eliah Sahil 60g"},"content":{"rendered":"<p>koostis &#8211; Xylitol* (Xylit), Saponaria Officinalis Root Powder** (Soapwort), Chamomilla Recutita Flower Powder* (Chamomile), Pimpinella Anisum Seed Powder* (Anise), Panax Ginseng Root Powder* (Ginseng), Betula Pendula Leaf Powder* (Birch), Withania Somnifera Root Powder** (Ashwagandha), Aloe Barbadensis Leaf Juice* (Aloe Vera), Zingiber Officinale Root Powder* (Ginger), Eugenia Caryophyllus Flower Bud Powder* (Clove), Solum Fullonum** (Fuller\u2019s Earth), Cyamopsis Tetragonoloba Gum** (Guar Gum), Xanthan Gum**, Croton Lechleri Resin Extract** (Dragon Blood)<\/p>\n<p>Kui inimene on endaga harmoonias, elab ta ka harmoonilist elu koos loodusega ja seet\u00f5ttu on ka\u00a0 v\u00f5imeline muutma maailma positiivses suunas. Eliah Sahil valmistab tooteid, mis\u00a0 mis peegeldavad looduse puhtust. K\u00f5ik tooted on valmistatud k\u00f5rge kvaliteediga taimedest,\u00a0 ja lille essentsidest ning mineraalidest. Orgaaniline toormaterjal saadakse peamiselt v\u00e4iketootjatelt Indias ja Aafrikas. Eliah Sahil v\u00e4\u00e4rtustab elu ja elavat ning seet\u00f5ttu ei kasuta tootmises\u00a0 loomseid komponente ega loomset testimist.<\/p>\n<p><b>Null kosmeetika j\u00e4\u00e4ke.<\/b><\/p>\n<p>Eliah Sahil kasutab tselluloosist silte, mis on valmistatud innovaatilisest kivipulbrist ja mineraal\u00f5lidest tinti, lahusteid v\u00f5i lisandeid. Need sildid\u00a0 n\u00f5uavad kuni 80% v\u00e4hem vett tootmise k\u00e4igus. Ja k\u00f5ige parem &#8211;\u00a0 \u00fchtegi puud pole\u00a0 langetatud selle paberi jaoks. Klaas, puit,\u00a0 alumiinium, plastik pakendid ja klaas on 100% \u00fcmbert\u00f6\u00f6deldud. Bioplastik on valmistatud taastuvast suhkruroost ja seda kasutatakse plastiku asemel.<\/p>\n<p><b>kasutamine<\/b><\/p>\n<p>pane pulbrit hoolikalt niiskele hambaharjale\u00a0 v\u00f5i kohe suhu ja harja hambaid\u00a0 ca 3 minutit kerge survega,. seej\u00e4rel loputa suu veega,. Hambapulbrit v\u00f5ib kasutada koos naturaalse \u00f5liga, nagu kookos\u00f5li. Hoia pulber purgis kuivana!<\/p>\n","protected":false},"excerpt":{"rendered":"<p>Eliah Sahil sertifitseeritud orgaaniline \u017een\u017eenni ja nelgiga hambapulber on naturaalne hambapasta alternatiiv. Puhas \u017een\u017eenni, nelgi, aniisi, seebilille, ashwagandha juurte ja taimede pulber puhastavad hambaid korralikult. Nad ka rahustavad ja tugevdavad igemeid, samas luues tervisliku floora ja v\u00e4rskuse. Sobib ka lastele! Pleegitavate ainete, fluoriidi ja mikroplastika\u00a0 vaba.\u00a0 \u00dche purgi pulbriga saab pesta \u00a0\u00b1 250 korda. See on naturaalne, sertifitseeritud orgaaniline, vegan toode.<\/p>\n<p>&nbsp;<\/p>\n","protected":false},"featured_media":150621,"template":"","meta":[],"product_brand":[],"product_cat":[234],"product_tag":[],"class_list":{"0":"post-150620","1":"product","2":"type-product","3":"status-publish","4":"has-post-thumbnail","6":"product_cat-tervisetooted","7":"product_shipping_class-s","9":"first","10":"outofstock","11":"taxable","12":"shipping-taxable","13":"purchasable","14":"product-type-simple"},"_links":{"self":[{"href":"https:\/\/minervashop.eu\/en\/wp-json\/wp\/v2\/product\/150620","targetHints":{"allow":["GET"]}}],"collection":[{"href":"https:\/\/minervashop.eu\/en\/wp-json\/wp\/v2\/product"}],"about":[{"href":"https:\/\/minervashop.eu\/en\/wp-json\/wp\/v2\/types\/product"}],"wp:featuredmedia":[{"embeddable":true,"href":"https:\/\/minervashop.eu\/en\/wp-json\/wp\/v2\/media\/150621"}],"wp:attachment":[{"href":"https:\/\/minervashop.eu\/en\/wp-json\/wp\/v2\/media?parent=150620"}],"wp:term":[{"taxonomy":"product_brand","embeddable":true,"href":"https:\/\/minervashop.eu\/en\/wp-json\/wp\/v2\/product_brand?post=150620"},{"taxonomy":"product_cat","embeddable":true,"href":"https:\/\/minervashop.eu\/en\/wp-json\/wp\/v2\/product_cat?post=150620"},{"taxonomy":"product_tag","embeddable":true,"href":"https:\/\/minervashop.eu\/en\/wp-json\/wp\/v2\/product_tag?post=150620"}],"curies":[{"name":"wp","href":"https:\/\/api.w.org\/{rel}","templated":true}]}}