{"id":150625,"date":"2025-08-14T13:33:40","date_gmt":"2025-08-14T13:33:40","guid":{"rendered":"https:\/\/minervashop.eu\/?post_type=product&#038;p=150625"},"modified":"2025-08-16T08:07:54","modified_gmt":"2025-08-16T08:07:54","slug":"organic-dental-oil-turmeric-eliah-sahil-100ml","status":"publish","type":"product","link":"https:\/\/minervashop.eu\/en\/toode\/organic-dental-oil-turmeric-eliah-sahil-100ml\/","title":{"rendered":"Organic Dental Oil Turmeric Eliah Sahil 100ml"},"content":{"rendered":"<p>kasutamine &#8211; raputa enne kasutamist. Loputa suud ca 1 tl. \u00f5liga ca 2-20 minutit ja seej\u00e4rel s\u00fclita v\u00e4lja Loputa suu sooja veega ja puhasta hambad nagu tavaliselt.\u00a0 Ayurveda traditsiooni j\u00e4rgi tehakse pulling-puhastust t\u00fchja k\u00f5huga p\u00e4rast hommikust t\u00f5usmist. Mis on pulling? See on iidne tehnika Ayurveda tervise hoidmise s\u00fcsteemist, et puhastada organism m\u00fcrkidest ja suu-piirkond hoida vaba mikroobidest. Seda tehakse igap\u00e4evaselt, luues bakterite tasakaalu suus ja kurgus. See v\u00e4hendab hambakattu,\u00a0 valgendab hambaid, v\u00e4rskendab hinge\u00f5hku ja vabastab m\u00fcrkidest kogu keha tervikuna.<\/p>\n<p>Kui inimene on endaga harmoonias, elab ta ka harmoonilist elu koos loodusega ja seet\u00f5ttu on ka\u00a0 v\u00f5imeline muutma maailma positiivses suunas. Eliah Sahil valmistab tooteid, mis\u00a0 mis peegeldavad looduse puhtust. K\u00f5ik tooted on valmistatud k\u00f5rge kvaliteediga taimedest,\u00a0 ja lille essentsidest ning mineraalidest. Orgaaniline toormaterjal saadakse peamiselt v\u00e4iketootjatelt Indias ja Aafrikas. Eliah Sahil v\u00e4\u00e4rtustab elu ja elavat ning seet\u00f5ttu ei kasuta tootmises\u00a0 loomseid komponente ega loomset testimist.<\/p>\n<p><b>Null kosmeetika j\u00e4\u00e4ke.<\/b><\/p>\n<p>Eliah Sahil kasutab tselluloosist silte, mis on valmistatud innovaatilisest kivipulbrist ja mineraal\u00f5lidest tinti, lahusteid v\u00f5i lisandeid. Need sildid\u00a0 n\u00f5uavad kuni 80% v\u00e4hem vett tootmise k\u00e4igus. Ja k\u00f5ige parem \u2013\u00a0 \u00fchtegi puud pole\u00a0 langetatud selle paberi jaoks. Klaas, puit,\u00a0 alumiinium, plastik pakendid ja klaas on 100% \u00fcmbert\u00f6\u00f6deldud. Bioplastik on valmistatud taastuvast suhkruroost ja seda kasutatakse plastiku asemel.<\/p>\n<p><strong>Eliah Sahil tooted on vabad:<\/strong><br \/>\nsurfaktandid, gluteen, palmi\u00f5li, parabeenid, silikoonid. Loomade peal testimised ja loomsed koostisained, keemilised l\u00f5hnad, s\u00e4ilitusained, mikroplastika.<\/p>\n","protected":false},"excerpt":{"rendered":"<p>Selle hamba\u00f5li puhastavate allikate hulka kuulub sapindus mukorossi seemned. Rikastatud vaikudega draakoni vere puust, kurkumi ekstraktist ja ks\u00fclitoolist, aitab taastada igemete tervist ja v\u00f5itleb efektiivselt\u00a0 bakterite leviku vastu ning tagab suus tervete vajalike bakterite floora.<\/p>\n","protected":false},"featured_media":150626,"template":"","meta":[],"product_brand":[],"product_cat":[230,234],"product_tag":[],"class_list":{"0":"post-150625","1":"product","2":"type-product","3":"status-publish","4":"has-post-thumbnail","6":"product_cat-naole","7":"product_cat-tervisetooted","8":"product_shipping_class-s","10":"first","11":"outofstock","12":"taxable","13":"shipping-taxable","14":"purchasable","15":"product-type-simple"},"_links":{"self":[{"href":"https:\/\/minervashop.eu\/en\/wp-json\/wp\/v2\/product\/150625","targetHints":{"allow":["GET"]}}],"collection":[{"href":"https:\/\/minervashop.eu\/en\/wp-json\/wp\/v2\/product"}],"about":[{"href":"https:\/\/minervashop.eu\/en\/wp-json\/wp\/v2\/types\/product"}],"wp:featuredmedia":[{"embeddable":true,"href":"https:\/\/minervashop.eu\/en\/wp-json\/wp\/v2\/media\/150626"}],"wp:attachment":[{"href":"https:\/\/minervashop.eu\/en\/wp-json\/wp\/v2\/media?parent=150625"}],"wp:term":[{"taxonomy":"product_brand","embeddable":true,"href":"https:\/\/minervashop.eu\/en\/wp-json\/wp\/v2\/product_brand?post=150625"},{"taxonomy":"product_cat","embeddable":true,"href":"https:\/\/minervashop.eu\/en\/wp-json\/wp\/v2\/product_cat?post=150625"},{"taxonomy":"product_tag","embeddable":true,"href":"https:\/\/minervashop.eu\/en\/wp-json\/wp\/v2\/product_tag?post=150625"}],"curies":[{"name":"wp","href":"https:\/\/api.w.org\/{rel}","templated":true}]}}