{"id":150634,"date":"2025-08-15T09:06:18","date_gmt":"2025-08-15T09:06:18","guid":{"rendered":"https:\/\/minervashop.eu\/?post_type=product&#038;p=150634"},"modified":"2026-03-18T14:28:00","modified_gmt":"2026-03-18T14:28:00","slug":"must-turmaliin-nooriga-kaevoru","status":"publish","type":"product","link":"https:\/\/minervashop.eu\/en\/toode\/must-turmaliin-nooriga-kaevoru\/","title":{"rendered":"Must turmaliin n\u00f6\u00f6riga k\u00e4ev\u00f5ru"},"content":{"rendered":"<div id=\"row-1078749585\" class=\"row\">\n<div id=\"col-1822538892\" class=\"col small-12 large-12\">\n<div class=\"col-inner\">\n<div class=\"woocommerce-tabs wc-tabs-wrapper container tabbed-content\">\n<div class=\"tab-panels\">\n<div id=\"tab-description\" class=\"woocommerce-Tabs-panel woocommerce-Tabs-panel--description panel entry-content active\" role=\"tabpanel\" aria-labelledby=\"tab-title-description\">\n<p align=\"JUSTIFY\"><b>Must turmaliin e. \u0160\u00f6rl<\/b> \u2013 \u0160amaanide kivi. Kaitseb mobiiltelefonide kiirguse, elektromagnetilise sudu, muu kiirguse, ps\u00fc\u00fchhiliste r\u00fcnnakute, n\u00f5iduse, loitsude ja pahasoovijate ning muu negatiivse energia eest. Puhastab negatiivseid m\u00f5tteid. Kaitseb negatiivsuse ja agressiooni eest. V\u00e4hendab paanikahoogusid, eriti, mis on seotud pimedate ruumide ja \u00fcksindusega. Tugevdab enesekindlust, muudab maailmavaate harmoonilisemaks ja avatumaks. Aitab hambaarsti hirmu ees. K\u00f5ige parem meditatsiooni-kivi: tunnete end t\u00e4iesti vabalt, v\u00f5ttes selle kristalli kaasa oma hinge r\u00e4nnakule. Hea inimestele, kes puutuvad kokku paljude erinevate inimestega. Paigutades teravikuga kehast eemale t\u00f5mbab \u00e4ra negatiivset energiat. Kaitsev kristall, mis annab ka v\u00e4e tunde. Ta paneb tundma end turvalisena, f\u00fc\u00fcsiliselt v\u00f5imeka ja kartmatuna. Suurendab \u00fchendust f\u00fc\u00fcsilise maailmaga. Kergendab hirmutunnet , mis on seotud siin f\u00fc\u00fcsilises maailmas olemisega. Kasuta kristalliessentsina, kui vajad turvalisus- ja kindlustunnet. Puhastab emotsionaalset keha negatiivsetest m\u00f5tetest, \u00e4revusest, vihast ja kasutu olemise tundest. Aitab \u00fcle saada solvamisest ning suitsiidsetest m\u00f5tetest v\u00f5i kalduvusest end vigastada. Kasulik obsessiiv-kompulsiivse k\u00e4itumise puhul ja kroonilisest muretsemisest lahti laskmisel. KEHA: Tugevdab immuuns\u00fcsteemi, ravib artriiti, leevendab valu, korrastab l\u00fclisammast. Noorendab nahka ja aktiveerib p\u00e4risnaha rakkude uuenemist. Stimuleerib vereringet. Kiirendab naha loomulikke puhastumisprotsesse. MAAGIA: Kui teid \u00fcmbritsevad ebameeldivad ja agresiivsed jutud, siis pange oma foto peale turmaliin. See kaitseb teid ka siis, kui te olete eemal. Kanda kaelas v\u00f5i panna enda ja elektromagnetkiirguse vahele. Rituaalidel panna kaitseks 8 v\u00e4ikest kivi, \u00fchendatuna ringiks, oma altarile. Kui soovite \u00e4ra hoida oma t\u00f6\u00f6kaaslaste negatiivseid vibratsioone, kasutage musta turmaliini.<\/p>\n<\/div>\n<\/div>\n<\/div>\n<\/div>\n<\/div>\n<\/div>\n","protected":false},"excerpt":{"rendered":"<p>6 mm must turmaliin p\u00e4rlid, tugev 1mm n\u00f6\u00f6r<\/p>\n<p>14-20 cm randmele<\/p>\n<p>&nbsp;<\/p>\n","protected":false},"featured_media":150635,"template":"","meta":[],"product_brand":[],"product_cat":[171,242],"product_tag":[],"class_list":{"0":"post-150634","1":"product","2":"type-product","3":"status-publish","4":"has-post-thumbnail","6":"product_cat-ceridwen","7":"product_cat-umar-parlitega-kaevorud","8":"product_shipping_class-xs","10":"first","11":"outofstock","12":"taxable","13":"shipping-taxable","14":"purchasable","15":"product-type-simple"},"_links":{"self":[{"href":"https:\/\/minervashop.eu\/en\/wp-json\/wp\/v2\/product\/150634","targetHints":{"allow":["GET"]}}],"collection":[{"href":"https:\/\/minervashop.eu\/en\/wp-json\/wp\/v2\/product"}],"about":[{"href":"https:\/\/minervashop.eu\/en\/wp-json\/wp\/v2\/types\/product"}],"wp:featuredmedia":[{"embeddable":true,"href":"https:\/\/minervashop.eu\/en\/wp-json\/wp\/v2\/media\/150635"}],"wp:attachment":[{"href":"https:\/\/minervashop.eu\/en\/wp-json\/wp\/v2\/media?parent=150634"}],"wp:term":[{"taxonomy":"product_brand","embeddable":true,"href":"https:\/\/minervashop.eu\/en\/wp-json\/wp\/v2\/product_brand?post=150634"},{"taxonomy":"product_cat","embeddable":true,"href":"https:\/\/minervashop.eu\/en\/wp-json\/wp\/v2\/product_cat?post=150634"},{"taxonomy":"product_tag","embeddable":true,"href":"https:\/\/minervashop.eu\/en\/wp-json\/wp\/v2\/product_tag?post=150634"}],"curies":[{"name":"wp","href":"https:\/\/api.w.org\/{rel}","templated":true}]}}