{"id":150638,"date":"2025-08-15T09:17:05","date_gmt":"2025-08-15T09:17:05","guid":{"rendered":"https:\/\/minervashop.eu\/?post_type=product&#038;p=150638"},"modified":"2025-09-18T13:01:49","modified_gmt":"2025-09-18T13:01:49","slug":"orgoniit-must-turmaliin-elulillega-kuul-55-cm","status":"publish","type":"product","link":"https:\/\/minervashop.eu\/en\/toode\/orgoniit-must-turmaliin-elulillega-kuul-55-cm\/","title":{"rendered":"Orgoniit must turmaliin elulillega kuul 5,5 cm"},"content":{"rendered":"<div id=\"row-1799336567\" class=\"row\">\n<div id=\"col-314256132\" class=\"col small-12 large-12\">\n<div class=\"col-inner\">\n<div class=\"woocommerce-tabs wc-tabs-wrapper container tabbed-content\">\n<div class=\"tab-panels\">\n<div id=\"tab-description\" class=\"woocommerce-Tabs-panel woocommerce-Tabs-panel--description panel entry-content active\" role=\"tabpanel\" aria-labelledby=\"tab-title-description\">\n<div id=\"row-1078749585\" class=\"row\">\n<div id=\"col-1822538892\" class=\"col small-12 large-12\">\n<div class=\"col-inner\">\n<div class=\"woocommerce-tabs wc-tabs-wrapper container tabbed-content\">\n<div class=\"tab-panels\">\n<div id=\"tab-description\" class=\"woocommerce-Tabs-panel woocommerce-Tabs-panel--description panel entry-content active\" role=\"tabpanel\" aria-labelledby=\"tab-title-description\">\n<p align=\"JUSTIFY\"><b>Must turmaliin e. \u0160\u00f6rl<\/b>\u00a0\u2013 \u0160amaanide kivi. Kaitseb mobiiltelefonide kiirguse, elektromagnetilise sudu, muu kiirguse, ps\u00fc\u00fchhiliste r\u00fcnnakute, n\u00f5iduse, loitsude ja pahasoovijate ning muu negatiivse energia eest. Puhastab negatiivseid m\u00f5tteid. Kaitseb negatiivsuse ja agressiooni eest. V\u00e4hendab paanikahoogusid, eriti, mis on seotud pimedate ruumide ja \u00fcksindusega. Tugevdab enesekindlust, muudab maailmavaate harmoonilisemaks ja avatumaks. Aitab hambaarsti hirmu ees. K\u00f5ige parem meditatsiooni-kivi: tunnete end t\u00e4iesti vabalt, v\u00f5ttes selle kristalli kaasa oma hinge r\u00e4nnakule. Hea inimestele, kes puutuvad kokku paljude erinevate inimestega. Paigutades teravikuga kehast eemale t\u00f5mbab \u00e4ra negatiivset energiat. Kaitsev kristall, mis annab ka v\u00e4e tunde. Ta paneb tundma end turvalisena, f\u00fc\u00fcsiliselt v\u00f5imeka ja kartmatuna. Suurendab \u00fchendust f\u00fc\u00fcsilise maailmaga. Kergendab hirmutunnet , mis on seotud siin f\u00fc\u00fcsilises maailmas olemisega. Kasuta kristalliessentsina, kui vajad turvalisus- ja kindlustunnet. Puhastab emotsionaalset keha negatiivsetest m\u00f5tetest, \u00e4revusest, vihast ja kasutu olemise tundest. Aitab \u00fcle saada solvamisest ning suitsiidsetest m\u00f5tetest v\u00f5i kalduvusest end vigastada. Kasulik obsessiiv-kompulsiivse k\u00e4itumise puhul ja kroonilisest muretsemisest lahti laskmisel. KEHA: Tugevdab immuuns\u00fcsteemi, ravib artriiti, leevendab valu, korrastab l\u00fclisammast. Noorendab nahka ja aktiveerib p\u00e4risnaha rakkude uuenemist. Stimuleerib vereringet. Kiirendab naha loomulikke puhastumisprotsesse. MAAGIA: Kui teid \u00fcmbritsevad ebameeldivad ja agresiivsed jutud, siis pange oma foto peale turmaliin. See kaitseb teid ka siis, kui te olete eemal. Kanda kaelas v\u00f5i panna enda ja elektromagnetkiirguse vahele. Rituaalidel panna kaitseks 8 v\u00e4ikest kivi, \u00fchendatuna ringiks, oma altarile. Kui soovite \u00e4ra hoida oma t\u00f6\u00f6kaaslaste negatiivseid vibratsioone, kasutage musta turmaliini.<\/p>\n<p align=\"justify\"><span style=\"font-size: small;\"><b>Elulille<\/b> s\u00fcmbolit esineb kunstis, k\u00e4sikirjades ja templites l\u00e4bi kultuuride \u00fcle maailma.\u00a0 Elulill on \u00fcmbritsetud m\u00fcstikaga ja usutakse, et temas on k\u00f5ige elava baasinformatsioon. See on v\u00e4ga v\u00f5imas s\u00fcmbol, mis aitab avada teadmatuse ja tunda end valgustununa. Elulill on \u00fcks v\u00f5imsamaid s\u00fcmboleid looduses. Ta esineb p\u00fchas geomeetrias. See on iidne metafoor \u00fchendumise kohta eluga Universumis. Selle t\u00e4hendus on tuntud paljudes kultuurides.<\/span><a name=\"orgoniit\"><\/a><\/p>\n<p class=\"western\" align=\"justify\"><a name=\"orgoniit\"><\/a> <span style=\"font-size: small;\"><span style=\"font-family: Arial, sans-serif;\"><b>Orgoniit \u2013<\/b><\/span> <span style=\"font-family: Arial, sans-serif;\">orgon t\u00e4hendab eluenergiat (chi, eeter, prana). Kaitseb kahjuliku elektromagnet kiirguse ja muu saastatuse eest. <\/span><span style=\"font-family: Arial, sans-serif;\">\u00c4ra pane seda k\u00f5rge elektromagnet kiirguse allika l\u00e4hedale, nagu ruuter. <\/span><span style=\"font-family: Arial, sans-serif;\">Tal on reaalne rahustav omadus tervendades spirituaalset ja f\u00fc\u00fcsilist keha. <\/span><span style=\"font-family: Arial, sans-serif;\">Ei ole midagi maagilisemat ega esoteerilisemat kui orgoniit. Orgoniit on valmistatud naturaalsetest kividest, vasest, metalliosadest ja esoteerilistest esemetest sees. See on spirituaalne tervendamisvahend ja kaitseks\u00a0 elektromagnetilise saastuse\u00a0 eest. Paljud inimesed m\u00e4rkavad positiivseid emotsionaalseid\u00a0 m\u00e4rke\u00a0orgoniit\u00a0esemete l\u00e4heduses olles, tuju ja emotsioonid t\u00f5usevad, nad magavad paremini.\u00a0 Iga ese on k\u00e4sitsi valmistatud ja seega v\u00f5ib pisut erineda pildil olevast<\/span><span style=\"color: #4b0082;\"><span style=\"font-family: Comic Sans MS, cursive;\">.<\/span><\/span> <span style=\"color: #000000;\"><span style=\"font-family: Arial, sans-serif;\">Puhasta regulaarselt veega, Kuu v\u00f5i p\u00e4ikese k\u00e4es <\/span><\/span><span style=\"color: #000000;\"><span style=\"font-family: Arial, sans-serif;\">hoides m\u00f5ne tunni. Hoia orgoniiti k\u00e4es ja keskendu oma eesm\u00e4rgile, et kivi omadusi v\u00f5imendada. <\/span><\/span><span style=\"color: #000000;\"><span style=\"font-family: Arial, sans-serif;\">P\u00fcramiid aseta \u00fche k\u00fcljega p\u00f5hja suunas optimaalseks tulemuseks, loob tugeva energia voolu \u00fclespoole. <\/span><\/span><span style=\"color: #000000;\"><span style=\"font-family: Arial, sans-serif;\">Resiin v\u00f5ib kergelt muuta v\u00e4rvi, kui seisab p\u00e4ikese k\u00e4es pikka aega. See aga ei v\u00e4henda tema funktsiooni. Orgoniidi omadused ei ole teaduslikult t\u00f5estatud, vaid p\u00f5hinevad kasutajate ja kivi terapeutide kogemustel. <\/span><\/span><span style=\"color: #000000;\"><span style=\"font-family: Arial, sans-serif;\">Kui sul on t\u00f5siseid probleeme tervisega, otsi arsti abi. <\/span><\/span><\/span><\/p>\n<p>Feng Shui (h\u00e4\u00e4lda: fang shouee) on \u00fcle 3,000 aasta vana filosoofia, mis \u00f5petab keskkonna faktorite m\u00f5ju meie heaolule ja samuti negatiivse m\u00f5ju positiivseks muutmisest. Feng Shui aitab kohandada meie eluruumi ja t\u00f6\u00f6kohta meetodil, mis stimuleerib eluj\u00f5u Chi harmoonilist liikumist. Hiina filosoofia r\u00e4\u00e4gib harmooniast ja tasakaalust vastandlike j\u00f5udude\u00a0 yin ja yang vahel, n\u00e4iteks nagu mehelik ja naiselik jne.<\/p>\n<p><strong>Elulille s\u00fcmbolit esineb kunstis, k\u00e4sikirjades ja templites l\u00e4bi kultuuride \u00fcle maailma.\u00a0 Elulill on \u00fcmbritsetud m\u00fcstikaga ja usutakse, et temas on k\u00f5ige elava baasinformatsioon. See on v\u00e4ga v\u00f5imas s\u00fcmbol, mis aitab avada teadmatuse ja tunda end valgustununa.<\/strong><\/p>\n<\/div>\n<\/div>\n<\/div>\n<\/div>\n<\/div>\n<\/div>\n<\/div>\n<\/div>\n<\/div>\n<\/div>\n<\/div>\n<\/div>\n","protected":false},"excerpt":{"rendered":"<div class=\"product-short-description\">\n<p align=\"JUSTIFY\">Oma kuju t\u00f5ttu on kuul v\u00e4ga sobiv\u00a0 kristallitervendamisel ja meditatsiooni praktikatel. Pane kodu dekoratsiooniks v\u00f5i oma t\u00f6\u00f6kohta. See tugevdab feng shuid ruumis.<\/p>\n<p align=\"JUSTIFY\">M\u00fcstiline 3D efektiga kuul kivide ja elulille s\u00fcmboliga.<\/p>\n<h4><strong>vaata lisaks\u00a0<a href=\"https:\/\/minervashop.eu\/uudised\/naturaalsete-kivide-vagi\/\">siit<\/a><\/strong><\/h4>\n<\/div>\n","protected":false},"featured_media":150639,"template":"","meta":[],"product_brand":[],"product_cat":[171,238,444,164],"product_tag":[],"class_list":{"0":"post-150638","1":"product","2":"type-product","3":"status-publish","4":"has-post-thumbnail","6":"product_cat-ceridwen","7":"product_cat-maagia-tooriistad","8":"product_cat-erikujulised-lihvitud-kivid","9":"product_cat-orgoniit-2","10":"product_shipping_class-s","12":"first","13":"outofstock","14":"taxable","15":"shipping-taxable","16":"purchasable","17":"product-type-simple"},"_links":{"self":[{"href":"https:\/\/minervashop.eu\/en\/wp-json\/wp\/v2\/product\/150638","targetHints":{"allow":["GET"]}}],"collection":[{"href":"https:\/\/minervashop.eu\/en\/wp-json\/wp\/v2\/product"}],"about":[{"href":"https:\/\/minervashop.eu\/en\/wp-json\/wp\/v2\/types\/product"}],"wp:featuredmedia":[{"embeddable":true,"href":"https:\/\/minervashop.eu\/en\/wp-json\/wp\/v2\/media\/150639"}],"wp:attachment":[{"href":"https:\/\/minervashop.eu\/en\/wp-json\/wp\/v2\/media?parent=150638"}],"wp:term":[{"taxonomy":"product_brand","embeddable":true,"href":"https:\/\/minervashop.eu\/en\/wp-json\/wp\/v2\/product_brand?post=150638"},{"taxonomy":"product_cat","embeddable":true,"href":"https:\/\/minervashop.eu\/en\/wp-json\/wp\/v2\/product_cat?post=150638"},{"taxonomy":"product_tag","embeddable":true,"href":"https:\/\/minervashop.eu\/en\/wp-json\/wp\/v2\/product_tag?post=150638"}],"curies":[{"name":"wp","href":"https:\/\/api.w.org\/{rel}","templated":true}]}}