{"id":150651,"date":"2025-08-15T14:11:55","date_gmt":"2025-08-15T14:11:55","guid":{"rendered":"https:\/\/minervashop.eu\/?post_type=product&#038;p=150651"},"modified":"2025-09-08T12:10:35","modified_gmt":"2025-09-08T12:10:35","slug":"lilleline-tomblukuga-jakk","status":"publish","type":"product","link":"https:\/\/minervashop.eu\/en\/toode\/lilleline-tomblukuga-jakk\/","title":{"rendered":"Lilleline t\u00f5mblukuga jakk"},"content":{"rendered":"","protected":false},"excerpt":{"rendered":"<p>stretch\u00a0 pol\u00fcester, tr\u00fckitud muster, k\u00fcljetaskud, kootud \u00e4\u00e4rised all ja varruka \u00e4\u00e4res<\/p>\n<p>toote m\u00f5\u00f5dud &#8211; \u00f5lad 45 cm\u00a0 rind 51 cm\u00a0 varruka pikkus 57 cm\u00a0 kogupikkus 59 cm<\/p>\n","protected":false},"featured_media":150656,"template":"","meta":[],"product_brand":[],"product_cat":[266,702,710],"product_tag":[],"class_list":{"0":"post-150651","1":"product","2":"type-product","3":"status-publish","4":"has-post-thumbnail","6":"product_cat-banbha","7":"product_cat-pluusid-ja-topid","8":"product_cat-uleriided","9":"product_shipping_class-xs","11":"first","12":"instock","13":"taxable","14":"shipping-taxable","15":"purchasable","16":"product-type-simple"},"_links":{"self":[{"href":"https:\/\/minervashop.eu\/en\/wp-json\/wp\/v2\/product\/150651","targetHints":{"allow":["GET"]}}],"collection":[{"href":"https:\/\/minervashop.eu\/en\/wp-json\/wp\/v2\/product"}],"about":[{"href":"https:\/\/minervashop.eu\/en\/wp-json\/wp\/v2\/types\/product"}],"wp:featuredmedia":[{"embeddable":true,"href":"https:\/\/minervashop.eu\/en\/wp-json\/wp\/v2\/media\/150656"}],"wp:attachment":[{"href":"https:\/\/minervashop.eu\/en\/wp-json\/wp\/v2\/media?parent=150651"}],"wp:term":[{"taxonomy":"product_brand","embeddable":true,"href":"https:\/\/minervashop.eu\/en\/wp-json\/wp\/v2\/product_brand?post=150651"},{"taxonomy":"product_cat","embeddable":true,"href":"https:\/\/minervashop.eu\/en\/wp-json\/wp\/v2\/product_cat?post=150651"},{"taxonomy":"product_tag","embeddable":true,"href":"https:\/\/minervashop.eu\/en\/wp-json\/wp\/v2\/product_tag?post=150651"}],"curies":[{"name":"wp","href":"https:\/\/api.w.org\/{rel}","templated":true}]}}