{"id":150704,"date":"2025-08-16T07:30:26","date_gmt":"2025-08-16T07:30:26","guid":{"rendered":"https:\/\/minervashop.eu\/?post_type=product&#038;p=150704"},"modified":"2025-09-08T12:18:23","modified_gmt":"2025-09-08T12:18:23","slug":"kollase-liblikaga-puuvillane-kott-10-x-12-cm","status":"publish","type":"product","link":"https:\/\/minervashop.eu\/en\/toode\/kollase-liblikaga-puuvillane-kott-10-x-12-cm\/","title":{"rendered":"Kollase liblikaga puuvillane kott 10 x 12 cm"},"content":{"rendered":"<p align=\"justify\"><strong>Liblikas on elav kunstiteos, jagades vaimustust, kergust ja head tuju. Nad meenutavad meile kogu oleva muundumist. Nad kehastavad j\u00f5u ja hapruse paradoksi \u2013 liblikad on kerged ja \u00f5rnad nagu paber, tiibadega, ei toitu tahkest toidust vaid saavad kogu vajaliku taimede nektarist. Paljudes kultuurides seostatakse teda hingedega. Kummituslikena alustavad nad oma elu r\u00f6\u00f6vikuna. Moondumisega r\u00f6\u00f6vikust liblikaks s\u00fcmboliseerib taass\u00fcndi ja \u00fclest\u00f5usmist. Nukust v\u00e4ljuv liblikas s\u00fcmboliseerib kehast lahkuvat hinge. Et t\u00e4ielikult l\u00f5pule viia oma moondumist, lahustub r\u00f6\u00f6viku keha oma nukus amorfseks limaks, korraldades end \u00fcmber, et s\u00fcndida kauni tiivulise liblikana. Liblikas t\u00e4histab nii surematust kui r\u00f5\u00f5mu. Hiljutised uuringud on n\u00e4idanud, et liblikas talletab oma m\u00e4lestused, mida ta koges r\u00f6\u00f6vikuna ning need j\u00e4\u00e4vad muutumatuks kogu edasises kehastuses. Liblikat peetakse igavese hinge s\u00fcmboliks, mis elab inimese kehas kogu elu ja j\u00e4\u00e4b j\u00e4rgi peale surma. Liblikaid seostatakse ka surnud hingedega. M\u00f5lemal juhul nad r\u00e4\u00e4givad meile p\u00f5neva loo siemisest teekonnast, kasvust ja muutusest. Kui me p\u00f5rkume teravate elumuutustega \u2013 f\u00fc\u00fcsiliste, mentaalsete, emotsionaalsete ja hingeliste \u2013 p\u00f6\u00f6rdume liblika vaimu poole. T\u00f5eline muutus on harva kerge ja mugav. Isegi kui muutuste tagaj\u00e4rjel on ootamas midagi suurep\u00e4rast, vajalikku ja v\u00e4rskendavat, v\u00f5ib protsess ise olla v\u00e4gagi piinarikas. Vana purustamiseks ja uue loomiseks on vaja palju usku ja j\u00f5udu. Liblika hing aitab l\u00e4bida neid katsumusi ja tuletab meelde, et suured muutused annavad teile tiivad. K\u00f5ik, mis toimub tulevikus, toimub just praegu, s\u00fcndimise hetkel. Isegi liblikad \u2013 lendavad olendid \u2013 puutuvad kokku k\u00f5ige kaugemate ja ja raskemate teekondadega. Kogu meie teekond Maa peal on muutused, ilma milleta me poleks eluski. Liblikas saab olla meie kaaslane ja paariline, sest ta on palju taluvam kui v\u00e4lja paistab. \u00dcks liblikas on edevuse s\u00fcmbol. Kaks liblikat koos s\u00fcmboliseerivad armastust ja \u00f5nnelikku abielu. Liblikad on inimeste hinged, kes otsivad oma emasid. Liblikas on vahendaja vaimse ja reaalse maailma vahel.<\/strong><\/p>\n","protected":false},"excerpt":{"rendered":"<p>Hologramm tikand<\/p>\n","protected":false},"featured_media":150705,"template":"","meta":[],"product_brand":[],"product_cat":[262,155,732],"product_tag":[],"class_list":{"0":"post-150704","1":"product","2":"type-product","3":"status-publish","4":"has-post-thumbnail","6":"product_cat-artha","7":"product_cat-kangast-kotid","8":"product_cat-liblikad-ja-kiilid","9":"product_shipping_class-xs","11":"first","12":"instock","13":"taxable","14":"shipping-taxable","15":"purchasable","16":"product-type-simple"},"_links":{"self":[{"href":"https:\/\/minervashop.eu\/en\/wp-json\/wp\/v2\/product\/150704","targetHints":{"allow":["GET"]}}],"collection":[{"href":"https:\/\/minervashop.eu\/en\/wp-json\/wp\/v2\/product"}],"about":[{"href":"https:\/\/minervashop.eu\/en\/wp-json\/wp\/v2\/types\/product"}],"wp:featuredmedia":[{"embeddable":true,"href":"https:\/\/minervashop.eu\/en\/wp-json\/wp\/v2\/media\/150705"}],"wp:attachment":[{"href":"https:\/\/minervashop.eu\/en\/wp-json\/wp\/v2\/media?parent=150704"}],"wp:term":[{"taxonomy":"product_brand","embeddable":true,"href":"https:\/\/minervashop.eu\/en\/wp-json\/wp\/v2\/product_brand?post=150704"},{"taxonomy":"product_cat","embeddable":true,"href":"https:\/\/minervashop.eu\/en\/wp-json\/wp\/v2\/product_cat?post=150704"},{"taxonomy":"product_tag","embeddable":true,"href":"https:\/\/minervashop.eu\/en\/wp-json\/wp\/v2\/product_tag?post=150704"}],"curies":[{"name":"wp","href":"https:\/\/api.w.org\/{rel}","templated":true}]}}