{"id":150715,"date":"2025-08-16T08:42:23","date_gmt":"2025-08-16T08:42:23","guid":{"rendered":"https:\/\/minervashop.eu\/?post_type=product&#038;p=150715"},"modified":"2025-12-19T10:48:36","modified_gmt":"2025-12-19T10:48:36","slug":"native-spirits-incense-sun-ylang-ylang","status":"publish","type":"product","link":"https:\/\/minervashop.eu\/en\/toode\/native-spirits-incense-sun-ylang-ylang\/","title":{"rendered":"Native spirits incense sun ylang ylang"},"content":{"rendered":"<p><strong>Goloka viirukid<\/strong><br \/>\nNative Spirits viirukid on toodetud Goloka poolt Indias. Goloka Seva Trust annab 100% oma kasumist heategevusse, nagu toidu jagamine ja haridus vaestele lastele ja aidates vaeseid noori \u00f5pingutel. T\u00e4nud selle toote ostmise eest ja osalemise eest parema tuleviku nimel.<\/p>\n<p><strong>vaata lisaks\u00a0<a href=\"https:\/\/rnojomku.sendsmaily.net\/templates\/103ba3cb-4ecc-4af3-8cbb-7da51985e907\/html\/\">siit<\/a><\/strong><\/p>\n<div class=\"product-short-description\">\n<div class=\"product-short-description\">\n<h3><strong>vaata lisaks\u00a0<a href=\"https:\/\/minervashop.eu\/uudised\/ruumide-lohnastamine\/\">siit<\/a><\/strong><\/h3>\n<\/div>\n<\/div>\n","protected":false},"excerpt":{"rendered":"<p>P\u00e4ike &#8211; k\u00fclluseks. \u00fchendu P\u00e4ikese vaimuga, kui otsid tervendust ja rahu. P\u00e4ikese heldemeelsus on l\u00f5putu k\u00fcllus. Ta on allikas, juhatav valgus, mis n\u00e4itab sulle teed edule, kasvule ja tasakaalule.<\/p>\n<p>pakis 15 pirdu<\/p>\n<p><strong>NB!<\/strong><br \/>\nHoia eemale lastest ja lemmikloomadest. Veendu, et tuhk langeb tulekindlale pinnale viirukialusel. Ei sobi seespidiseks kasutamiseks. Pole testitud loomade peal.<\/p>\n","protected":false},"featured_media":150718,"template":"","meta":[],"product_brand":[],"product_cat":[81],"product_tag":[],"class_list":{"0":"post-150715","1":"product","2":"type-product","3":"status-publish","4":"has-post-thumbnail","6":"product_cat-viirukid","7":"product_shipping_class-xs","9":"first","10":"outofstock","11":"taxable","12":"shipping-taxable","13":"purchasable","14":"product-type-simple"},"_links":{"self":[{"href":"https:\/\/minervashop.eu\/en\/wp-json\/wp\/v2\/product\/150715","targetHints":{"allow":["GET"]}}],"collection":[{"href":"https:\/\/minervashop.eu\/en\/wp-json\/wp\/v2\/product"}],"about":[{"href":"https:\/\/minervashop.eu\/en\/wp-json\/wp\/v2\/types\/product"}],"wp:featuredmedia":[{"embeddable":true,"href":"https:\/\/minervashop.eu\/en\/wp-json\/wp\/v2\/media\/150718"}],"wp:attachment":[{"href":"https:\/\/minervashop.eu\/en\/wp-json\/wp\/v2\/media?parent=150715"}],"wp:term":[{"taxonomy":"product_brand","embeddable":true,"href":"https:\/\/minervashop.eu\/en\/wp-json\/wp\/v2\/product_brand?post=150715"},{"taxonomy":"product_cat","embeddable":true,"href":"https:\/\/minervashop.eu\/en\/wp-json\/wp\/v2\/product_cat?post=150715"},{"taxonomy":"product_tag","embeddable":true,"href":"https:\/\/minervashop.eu\/en\/wp-json\/wp\/v2\/product_tag?post=150715"}],"curies":[{"name":"wp","href":"https:\/\/api.w.org\/{rel}","templated":true}]}}