{"id":150726,"date":"2025-08-16T09:04:39","date_gmt":"2025-08-16T09:04:39","guid":{"rendered":"https:\/\/minervashop.eu\/?post_type=product&#038;p=150726"},"modified":"2025-09-08T12:19:30","modified_gmt":"2025-09-08T12:19:30","slug":"namaste-mudra-kasi-buddhaga","status":"publish","type":"product","link":"https:\/\/minervashop.eu\/en\/toode\/namaste-mudra-kasi-buddhaga\/","title":{"rendered":"Namaste Mudra k\u00e4si Buddhaga"},"content":{"rendered":"","protected":false},"excerpt":{"rendered":"<p>pol\u00fcresiin, s\u00e4deleva pinnaga<\/p>\n<p>Buddha kahe mudraga &#8211; Bhumisparsha mudra (puudutab maad) ja Namaste mudra, palve rahu eest<\/p>\n<p>21,5 x 8,5 x 5,5 cm<\/p>\n","protected":false},"featured_media":150727,"template":"","meta":[],"product_brand":[],"product_cat":[718,79],"product_tag":[],"class_list":{"0":"post-150726","1":"product","2":"type-product","3":"status-publish","4":"has-post-thumbnail","6":"product_cat-buddha","7":"product_cat-idamaade-jumalused","8":"product_shipping_class-s","10":"first","11":"instock","12":"taxable","13":"shipping-taxable","14":"purchasable","15":"product-type-simple"},"_links":{"self":[{"href":"https:\/\/minervashop.eu\/en\/wp-json\/wp\/v2\/product\/150726","targetHints":{"allow":["GET"]}}],"collection":[{"href":"https:\/\/minervashop.eu\/en\/wp-json\/wp\/v2\/product"}],"about":[{"href":"https:\/\/minervashop.eu\/en\/wp-json\/wp\/v2\/types\/product"}],"wp:featuredmedia":[{"embeddable":true,"href":"https:\/\/minervashop.eu\/en\/wp-json\/wp\/v2\/media\/150727"}],"wp:attachment":[{"href":"https:\/\/minervashop.eu\/en\/wp-json\/wp\/v2\/media?parent=150726"}],"wp:term":[{"taxonomy":"product_brand","embeddable":true,"href":"https:\/\/minervashop.eu\/en\/wp-json\/wp\/v2\/product_brand?post=150726"},{"taxonomy":"product_cat","embeddable":true,"href":"https:\/\/minervashop.eu\/en\/wp-json\/wp\/v2\/product_cat?post=150726"},{"taxonomy":"product_tag","embeddable":true,"href":"https:\/\/minervashop.eu\/en\/wp-json\/wp\/v2\/product_tag?post=150726"}],"curies":[{"name":"wp","href":"https:\/\/api.w.org\/{rel}","templated":true}]}}