{"id":150743,"date":"2025-08-16T09:28:07","date_gmt":"2025-08-16T09:28:07","guid":{"rendered":"https:\/\/minervashop.eu\/?post_type=product&#038;p=150743"},"modified":"2026-01-07T11:32:42","modified_gmt":"2026-01-07T11:32:42","slug":"purskkaev-mudra","status":"publish","type":"product","link":"https:\/\/minervashop.eu\/en\/toode\/purskkaev-mudra\/","title":{"rendered":"Purskkaev Mudra"},"content":{"rendered":"<p>Dekoratiivne laua purskkakev siseruumides kasutamiseks, loob rahustavat looduslikku heli\u00a0 sinu eluruumides. Purskkaevu vee liikumine suurendab Feng shui keskkonda sinu kodus v\u00f5i t\u00f6\u00f6kohas.<\/p>\n<p><b>tootel on vaikse h\u00e4\u00e4lega pump<\/b><br \/>\nadapter: 220-240V, 50 Hz; output 12V, 300mA<br \/>\nsooja LED valgusega: 12V, 50Hz, 3W<br \/>\n\u200bm\u00e4rge CE<\/p>\n<p>Feng Shui (h\u00e4\u00e4lda: fang shouee) on \u00fcle 3,000 aasta vana filosoofia, mis \u00f5petab keskkonna faktorite m\u00f5ju meie heaolule ja samuti negatiivse m\u00f5ju positiivseks muutmisest. Feng Shui aitab kohandada meie eluruumi ja t\u00f6\u00f6kohta meetodil, mis stimuleerib eluj\u00f5u Chi harmoonilist liikumist. Hiina filosoofia r\u00e4\u00e4gib harmooniast ja tasakaalust vastandlike j\u00f5udude\u00a0 yin ja yang vahel, n\u00e4iteks nagu mehelik ja naiselik jne.<\/p>\n<div class=\"product-short-description\">\n<div class=\"spec-item\">\n<div>\n<div class=\"term-description\">\n<h4><strong>Feng shui oma koju toomisel v\u00f5ib olla elumuutev tulemus. \u00dcks parimaid\u00a0 meetodeid on purskkaevu n\u00e4ol vee elemendi toomine oma koju v\u00f5i kontorisse. Pane see ruumi p\u00f5hja nurka, kuna see on vee elemendi esindaja. Samuti on hea koht esik v\u00f5i hall, samas j\u00e4lgides, et vee vool oleks ruumi poole, et tuua sisse positiivset energiat ja seda mitte lasta v\u00e4lja voolata.\u00a0<\/strong><\/h4>\n<\/div>\n<\/div>\n<\/div>\n<div class=\"spec-item\"><\/div>\n<\/div>\n<div class=\"add-to-cart-container form-normal is-normal\"><\/div>\n","protected":false},"excerpt":{"rendered":"<p>13.3&#215;13.3&#215;20<\/p>\n<p>valgustusega pump<\/p>\n","protected":false},"featured_media":150744,"template":"","meta":[],"product_brand":[],"product_cat":[661,718,413,418,571],"product_tag":[],"class_list":{"0":"post-150743","1":"product","2":"type-product","3":"status-publish","4":"has-post-thumbnail","6":"product_cat-allahindlus","7":"product_cat-buddha","8":"product_cat-muud-inimkujud","9":"product_cat-muud-kujud","10":"product_cat-purskkaevud-ja-tarvikud","11":"product_shipping_class-m","13":"first","14":"instock","15":"sale","16":"taxable","17":"shipping-taxable","18":"purchasable","19":"product-type-simple"},"_links":{"self":[{"href":"https:\/\/minervashop.eu\/en\/wp-json\/wp\/v2\/product\/150743","targetHints":{"allow":["GET"]}}],"collection":[{"href":"https:\/\/minervashop.eu\/en\/wp-json\/wp\/v2\/product"}],"about":[{"href":"https:\/\/minervashop.eu\/en\/wp-json\/wp\/v2\/types\/product"}],"wp:featuredmedia":[{"embeddable":true,"href":"https:\/\/minervashop.eu\/en\/wp-json\/wp\/v2\/media\/150744"}],"wp:attachment":[{"href":"https:\/\/minervashop.eu\/en\/wp-json\/wp\/v2\/media?parent=150743"}],"wp:term":[{"taxonomy":"product_brand","embeddable":true,"href":"https:\/\/minervashop.eu\/en\/wp-json\/wp\/v2\/product_brand?post=150743"},{"taxonomy":"product_cat","embeddable":true,"href":"https:\/\/minervashop.eu\/en\/wp-json\/wp\/v2\/product_cat?post=150743"},{"taxonomy":"product_tag","embeddable":true,"href":"https:\/\/minervashop.eu\/en\/wp-json\/wp\/v2\/product_tag?post=150743"}],"curies":[{"name":"wp","href":"https:\/\/api.w.org\/{rel}","templated":true}]}}