{"id":150755,"date":"2025-08-16T09:46:15","date_gmt":"2025-08-16T09:46:15","guid":{"rendered":"https:\/\/minervashop.eu\/?post_type=product&#038;p=150755"},"modified":"2025-11-18T07:38:59","modified_gmt":"2025-11-18T07:38:59","slug":"tiibeti-kadaka-viirukid","status":"publish","type":"product","link":"https:\/\/minervashop.eu\/en\/toode\/tiibeti-kadaka-viirukid\/","title":{"rendered":"Tiibeti kadaka viirukid"},"content":{"rendered":"<p>Vastavalt\u00a0 Ayurvedale on kadakas olnud peamise rolli kandja paljude nakkushaiguste ravimisel.\u00a0 Seda p\u00f5letatakse ka n\u00f5idade ja deemonite eemale peletamiseks.\u00a0 Kadakas puhastab, stimuleerib ja tugevdab n\u00e4rve, puhastab atmosf\u00e4\u00e4ri ja omab rahustavat omadust.<\/p>\n","protected":false},"excerpt":{"rendered":"<p>\u00fche pirru p\u00f5lemisaeg ca 45 min.<\/p>\n<p>10,5 cm<\/p>\n<p>kaasas v\u00e4ike alus p\u00f5letamiseks<\/p>\n<p>100% naturaalsed koostisained.*<br \/>\nTurvaline sissehingamisel ja keskkonnale.<br \/>\npakis 30 pulka.<br \/>\nK\u00e4sitsi valmistatud Nepaalis<br \/>\n<em>* see toode on valmistatud naturaalsetest koostisainetest (taimed, \u00fcrdid jne.). Iga kogus on valmistatud sama retsepti j\u00e4rgi. Loodusliku korje t\u00f5ttu v\u00f5ib toote v\u00e4rv v\u00f5i l\u00f5hn pisut erineda.<\/em><\/p>\n","protected":false},"featured_media":150756,"template":"","meta":[],"product_brand":[],"product_cat":[81],"product_tag":[],"class_list":{"0":"post-150755","1":"product","2":"type-product","3":"status-publish","4":"has-post-thumbnail","6":"product_cat-viirukid","7":"product_shipping_class-s","9":"first","10":"outofstock","11":"taxable","12":"shipping-taxable","13":"purchasable","14":"product-type-simple"},"_links":{"self":[{"href":"https:\/\/minervashop.eu\/en\/wp-json\/wp\/v2\/product\/150755","targetHints":{"allow":["GET"]}}],"collection":[{"href":"https:\/\/minervashop.eu\/en\/wp-json\/wp\/v2\/product"}],"about":[{"href":"https:\/\/minervashop.eu\/en\/wp-json\/wp\/v2\/types\/product"}],"wp:featuredmedia":[{"embeddable":true,"href":"https:\/\/minervashop.eu\/en\/wp-json\/wp\/v2\/media\/150756"}],"wp:attachment":[{"href":"https:\/\/minervashop.eu\/en\/wp-json\/wp\/v2\/media?parent=150755"}],"wp:term":[{"taxonomy":"product_brand","embeddable":true,"href":"https:\/\/minervashop.eu\/en\/wp-json\/wp\/v2\/product_brand?post=150755"},{"taxonomy":"product_cat","embeddable":true,"href":"https:\/\/minervashop.eu\/en\/wp-json\/wp\/v2\/product_cat?post=150755"},{"taxonomy":"product_tag","embeddable":true,"href":"https:\/\/minervashop.eu\/en\/wp-json\/wp\/v2\/product_tag?post=150755"}],"curies":[{"name":"wp","href":"https:\/\/api.w.org\/{rel}","templated":true}]}}