{"id":150770,"date":"2025-08-16T10:41:50","date_gmt":"2025-08-16T10:41:50","guid":{"rendered":"https:\/\/minervashop.eu\/?post_type=product&#038;p=150770"},"modified":"2025-09-08T12:22:33","modified_gmt":"2025-09-08T12:22:33","slug":"rippuv-kristallklaasist-lootos","status":"publish","type":"product","link":"https:\/\/minervashop.eu\/en\/toode\/rippuv-kristallklaasist-lootos\/","title":{"rendered":"Rippuv kristallklaasist lootos"},"content":{"rendered":"<div class=\"prod-desc-container expandable expanded\">\n<div class=\"prod-desc-wrapper\">\n<div class=\"product-long-description\">\n<p>Feng Shui (h\u00e4\u00e4lda fang shouee) on \u00fcle\u00a0 3,000 aasta vana filosoofia, mis \u00f5petab, kuidas elementaarseid faktoreid kasutada heaoluks ja negatiivsete m\u00f5jutuste eemaldamiseks keskkonnnast enda \u00fcmber ja muuta need positiivseks. See \u00f5petab, kuidas kohandada oma eluruumi ja t\u00f6\u00f6 keskkonda meetodil, mis stimuleerib harmoonilise energia voolu, Chi (eluj\u00f5ud). Hiina filosoofias peegeldub see harmoonias ja tasakaalus vastandlike j\u00f5udude vahel &#8211; yin ja yang, n\u00e4iteks mehelik ja naiselik jne.<\/p>\n<div class=\"term-description\">\n<div class=\"product-short-description\">\n<h4 align=\"JUSTIFY\"><strong>Lootos \u2013 iidne puhtuse ja jumaliku armastuse s\u00fcmbol. Ebav\u00f5rdsuse \u00fcletamise ja raskete aegadega toimetuleku, aga ka vaimu, hinge ja iseenda taass\u00fcnni s\u00fcmbol. Lootose\u00f5it peetakse inimese tarkuse ja vaimse virgumise kujutuseks. Avanemisootel lootosepung s\u00fcmboliseerib s\u00fcnnieelset hinge, mis v\u00f5ib puhkeda ja ennast jumalikule t\u00f5ele avada. Punane lootos on armastuse ja siiruse s\u00fcmbol. Sinine lootos s\u00fcmboliseerib p\u00fcha v\u00f5imu. Selle taime v\u00e4rskemaid osasid lisatakse armujoogile, omades narkootilist toimet. 8 kroonlehte t\u00e4hendavad ilmakaari. Joogas kasutatava t\u0161akras\u00fcsteemi s\u00fcmbol. Iga kroonleht on seotud t\u0161akra e. energiakeskusega, mis l\u00e4bivad n\u00e4htamatu spiraaline keha. Kaheksas kroonleht t\u00e4hendab kroont\u0161akra \u00fchinemist jumalikuga, mis on saavutatav ainult neile, kes on j\u00f5udnud virgumise \u00fclimale astmele. Nii, nagu lootose\u00f5is avaneb, areneb ka hing ja virgub spirituaalses v\u00f5i transtsedentses maailmas. Lootos on universaalne puhtuse ja valgustatuse s\u00fcmbol. Seda peetakse paljude feng shui meistrite poolt hea\u00f5nne lilleks, mis muudab halva \u00f5nne heaks ning t\u00f5stab r\u00f5\u00f5mu ja rahu tunnet.<\/strong><\/h4>\n<\/div>\n<\/div>\n<\/div>\n<\/div>\n<\/div>\n","protected":false},"excerpt":{"rendered":"<p>Feng Shuis kasutatakse erinevaid esemeid positiivseks energiavooluks eluruumides ja keskkonnas. See kaunis ja elegantne kristall lootos on selleks v\u00e4ga sobiv. See on kaunis kinkekarbis ja seega sobiv ka kinkimiseks.<\/p>\n<p>43g<\/p>\n<p>26 x 5 cm<\/p>\n","protected":false},"featured_media":150771,"template":"","meta":[],"product_brand":[],"product_cat":[264,741,440],"product_tag":[],"class_list":{"0":"post-150770","1":"product","2":"type-product","3":"status-publish","4":"has-post-thumbnail","6":"product_cat-domnu","7":"product_cat-lootos","8":"product_cat-ripp-ornamendid","9":"product_shipping_class-s","11":"first","12":"instock","13":"taxable","14":"shipping-taxable","15":"purchasable","16":"product-type-simple"},"_links":{"self":[{"href":"https:\/\/minervashop.eu\/en\/wp-json\/wp\/v2\/product\/150770","targetHints":{"allow":["GET"]}}],"collection":[{"href":"https:\/\/minervashop.eu\/en\/wp-json\/wp\/v2\/product"}],"about":[{"href":"https:\/\/minervashop.eu\/en\/wp-json\/wp\/v2\/types\/product"}],"wp:featuredmedia":[{"embeddable":true,"href":"https:\/\/minervashop.eu\/en\/wp-json\/wp\/v2\/media\/150771"}],"wp:attachment":[{"href":"https:\/\/minervashop.eu\/en\/wp-json\/wp\/v2\/media?parent=150770"}],"wp:term":[{"taxonomy":"product_brand","embeddable":true,"href":"https:\/\/minervashop.eu\/en\/wp-json\/wp\/v2\/product_brand?post=150770"},{"taxonomy":"product_cat","embeddable":true,"href":"https:\/\/minervashop.eu\/en\/wp-json\/wp\/v2\/product_cat?post=150770"},{"taxonomy":"product_tag","embeddable":true,"href":"https:\/\/minervashop.eu\/en\/wp-json\/wp\/v2\/product_tag?post=150770"}],"curies":[{"name":"wp","href":"https:\/\/api.w.org\/{rel}","templated":true}]}}