{"id":150781,"date":"2025-08-18T08:42:26","date_gmt":"2025-08-18T08:42:26","guid":{"rendered":"https:\/\/minervashop.eu\/?post_type=product&#038;p=150781"},"modified":"2026-02-23T13:41:41","modified_gmt":"2026-02-23T13:41:41","slug":"mini-heksagoon-kivi","status":"publish","type":"product","link":"https:\/\/minervashop.eu\/en\/toode\/mini-heksagoon-kivi\/","title":{"rendered":"Mini heksagoon kivi"},"content":{"rendered":"<div class=\"prod-desc-container expandable expanded\">\n<div class=\"prod-desc-wrapper\">\n<div class=\"product-long-description\">\n<div>\n<p>T\u0161akrad on energiakeskused, mida nimetatakse energia ratasteks. Nad t\u00f6\u00f6tavad energia muutumise keskustena. Tegelikult on meil sadasid energiapunkte kehas, mis on jaotunud kogu energias\u00fcsteemis. K\u00f5ige tuntumad on 7 energiakeskust, t\u0161akrat, mis on \u00fchendatud keha keskse kanaliga, mis kulgeb piki selgroogu. Kui t\u0161akrad t\u00f6\u00f6tavad korralikult, on need terve eluenergia allikaks, kuhu siseneb keha l\u00e4bi kanalite &#8211; naadide &#8211; ja meridiaanide, mis\u00a0 l\u00e4bivad keha. Samal ajal on need ka madala sagedusega energia v\u00e4ljaviimiseks. Iga\u00fcks 7st peat\u0161akrast esindab teadvuse tasandit elu arengus, vaadates seda\u00a0 meie f\u00fc\u00fcsilise eksistentsi seisukohalt. T\u0161akrad v\u00f5ivad t\u00f6\u00f6tada v\u00e4hem, kui nad on negatiivses seisundis pikka aega negatiivsete harjumuste ja\u00a0 kuhjunud emotsioonide t\u00f5ttu. See muudab raskeks inimesel t\u00e4ielikult integreeruda\u00a0 teadvuse tasandile, mida t\u0161akra esindab. Kui t\u0161akrad on avatud ja tasakaalus, loovad nad integreeritud s\u00fcsteemi, kus iga t\u0161akra eraldi s\u00f5ltub teisest optimaalseks funktsioneerimiseks.<\/p>\n<\/div>\n<\/div>\n<\/div>\n<\/div>\n","protected":false},"excerpt":{"rendered":"<p>poolv\u00e4\u00e4riskivid amet\u00fcst | sodaliit| angeliit| roheline aventuriin | punane aventuriin | punane jaspis, kollane aventuriin<\/p>\n<p>AA kvaliteet<\/p>\n<p>3 x 0,9 cm kivi<\/p>\n","protected":false},"featured_media":150798,"template":"","meta":[],"product_brand":[],"product_cat":[444],"product_tag":[],"class_list":{"0":"post-150781","1":"product","2":"type-product","3":"status-publish","4":"has-post-thumbnail","6":"product_cat-erikujulised-lihvitud-kivid","7":"product_shipping_class-xs","9":"first","10":"instock","11":"taxable","12":"shipping-taxable","13":"purchasable","14":"product-type-variable"},"_links":{"self":[{"href":"https:\/\/minervashop.eu\/en\/wp-json\/wp\/v2\/product\/150781","targetHints":{"allow":["GET"]}}],"collection":[{"href":"https:\/\/minervashop.eu\/en\/wp-json\/wp\/v2\/product"}],"about":[{"href":"https:\/\/minervashop.eu\/en\/wp-json\/wp\/v2\/types\/product"}],"wp:featuredmedia":[{"embeddable":true,"href":"https:\/\/minervashop.eu\/en\/wp-json\/wp\/v2\/media\/150798"}],"wp:attachment":[{"href":"https:\/\/minervashop.eu\/en\/wp-json\/wp\/v2\/media?parent=150781"}],"wp:term":[{"taxonomy":"product_brand","embeddable":true,"href":"https:\/\/minervashop.eu\/en\/wp-json\/wp\/v2\/product_brand?post=150781"},{"taxonomy":"product_cat","embeddable":true,"href":"https:\/\/minervashop.eu\/en\/wp-json\/wp\/v2\/product_cat?post=150781"},{"taxonomy":"product_tag","embeddable":true,"href":"https:\/\/minervashop.eu\/en\/wp-json\/wp\/v2\/product_tag?post=150781"}],"curies":[{"name":"wp","href":"https:\/\/api.w.org\/{rel}","templated":true}]}}