{"id":150800,"date":"2025-08-18T09:17:39","date_gmt":"2025-08-18T09:17:39","guid":{"rendered":"https:\/\/minervashop.eu\/?post_type=product&#038;p=150800"},"modified":"2025-09-08T09:34:12","modified_gmt":"2025-09-08T09:34:12","slug":"bagua-peegel-nogus","status":"publish","type":"product","link":"https:\/\/minervashop.eu\/en\/toode\/bagua-peegel-nogus\/","title":{"rendered":"Bagua peegel n\u00f5gus"},"content":{"rendered":"<div>\n<p>Kui oled sellises seisus, et on vaja end kaitsta oma kodu v\u00f5i \u00e4ri potentsiaalse ohtliku Sha Chi feng shui energia eest, (teravad r\u00fcndavad struktuurid, mis on suunatud sinu kodu poole), v\u00f5i halb energia, mis tuleb sinu naabritelt. Siis saad valda kumera bagua peegli. Parima koha selle asetamiseks saab anda feng shui spetsialist. Traditsiooniliselt pannakse see peegel eesukse kohale v\u00f5i akna kohale, mis on otse negatiivse energia suunal.<\/p>\n<p><strong>v\u00e4ljas kasutamine: <\/strong>palun pane peegel v\u00f5imalikult kaitstud kohta, et see oleks kaitstud v\u00e4listingimuste eest.<\/p>\n<p>Feng Shui (h\u00e4\u00e4lda fang shouee) on \u00fcle\u00a0 3,000 aasta vana filosoofia, mis \u00f5petab, kuidas elementaarseid faktoreid kasutada heaoluks ja negatiivsete m\u00f5jutuste eemaldamiseks keskkonnnast enda \u00fcmber ja muuta need positiivseks. See \u00f5petab, kuidas kohandada oma eluruumi ja t\u00f6\u00f6 keskkonda meetodil, mis stimuleerib harmoonilise energia voolu, Chi (eluj\u00f5ud). Hiina filosoofias peegeldub see harmoonias ja tasakaalus vastandlike j\u00f5udude vahel \u2013 yin ja yang, n\u00e4iteks mehelik ja naiselik jne.<\/p>\n<p>Bagua peegel on traditsiooniline feng shui t\u00f6\u00f6riist oma keskkonnas energiate harmoniseerimiseks. See on 8-nurkse kujuga ja kaunistatud s\u00fcmbolitega, mis annavad kaitset ja energeetilist toetust.<\/p>\n<p>Esimene feng shui reegel kasutades bagua peeglit, on see, et seda ei tohi kunagi kasutada seespool kodu.\u00a0 Teine feng shui reegel on, et\u00a0 kasutad seda peeglit vaid siis, kui on halb feng shui energia &#8211; Sha Chi v\u00f5i Si Chi &#8211; mis on suunatud sinu kodu v\u00f5i \u00e4ri vastu. Bagua peegel ei ole sisekujunduselement.<\/p>\n<p>\u00c4ra riputa peeglit otse magamise ala vastu, kuna see v\u00f5ib h\u00e4irida\u00a0 energia tasakaalu.\u00a0 V\u00e4ldi peegli paigutamist ilma kindla vajaduseta, kuna see v\u00e4hendab selle feng shui m\u00f5ju. Kinnita peegel\u00a0 seinale v\u00f5i pinnale \u00fclaosas oleva konksu abil. Eemalda peeglilt kaitsekile.<\/p>\n<p>Puhastamine- puhasta peeglit regulaarselt puhta lapiga ja \u00f5rna puhastusvahendiga tolmu ja mustuse eemaldamiseks. V\u00e4ldi tugevaid puhastusvahendeid, mis v\u00f5ivad rikkuda peegli pinna. Hoia puidust raami pikaajalise niiskuse eest. Veendu, et peegel on kinnitatud kindlalt, et v\u00e4ltida selle kukkumist ja kahjustumist. \u00c4ra pane peeglit otsese p\u00e4ikese k\u00e4tte, kuna see v\u00f5ib p\u00f5hjustada kiirte toimel tekkivad p\u00f5lengut.<\/p>\n<div class=\"term-description\">\n<div class=\"product-short-description\"><\/div>\n<\/div>\n<\/div>\n","protected":false},"excerpt":{"rendered":"<p>puit, riputus konksuga<\/p>\n<p>13 x 13 cm<\/p>\n<p>N\u00f5gus bagua peeglit kasutatakse feng shuis, kui on vaja\u00a0 \u00a0energia\u00a0 sinu kodus positiivse energia\u00a0 sissepoole t\u00f5mbamiseks koondumise abil. Pane peegel v\u00e4lisukse sisek\u00fcljele.<\/p>\n<p>Kumer disain peeglina juhib k\u00f5rvale negatiivse energia ja neutraliseerib selle. Suuna see v\u00e4ljapoole teravate nurkade v\u00f5i tiheda liiklusega teede poole.<\/p>\n<p>&nbsp;<\/p>\n","protected":false},"featured_media":150801,"template":"","meta":[],"product_brand":[],"product_cat":[347,236],"product_tag":[],"class_list":{"0":"post-150800","1":"product","2":"type-product","3":"status-publish","4":"has-post-thumbnail","6":"product_cat-idamaade-amuletid","7":"product_cat-peeglid","8":"product_shipping_class-xs","10":"first","11":"instock","12":"taxable","13":"shipping-taxable","14":"purchasable","15":"product-type-simple"},"_links":{"self":[{"href":"https:\/\/minervashop.eu\/en\/wp-json\/wp\/v2\/product\/150800","targetHints":{"allow":["GET"]}}],"collection":[{"href":"https:\/\/minervashop.eu\/en\/wp-json\/wp\/v2\/product"}],"about":[{"href":"https:\/\/minervashop.eu\/en\/wp-json\/wp\/v2\/types\/product"}],"wp:featuredmedia":[{"embeddable":true,"href":"https:\/\/minervashop.eu\/en\/wp-json\/wp\/v2\/media\/150801"}],"wp:attachment":[{"href":"https:\/\/minervashop.eu\/en\/wp-json\/wp\/v2\/media?parent=150800"}],"wp:term":[{"taxonomy":"product_brand","embeddable":true,"href":"https:\/\/minervashop.eu\/en\/wp-json\/wp\/v2\/product_brand?post=150800"},{"taxonomy":"product_cat","embeddable":true,"href":"https:\/\/minervashop.eu\/en\/wp-json\/wp\/v2\/product_cat?post=150800"},{"taxonomy":"product_tag","embeddable":true,"href":"https:\/\/minervashop.eu\/en\/wp-json\/wp\/v2\/product_tag?post=150800"}],"curies":[{"name":"wp","href":"https:\/\/api.w.org\/{rel}","templated":true}]}}