{"id":150804,"date":"2025-08-18T10:36:27","date_gmt":"2025-08-18T10:36:27","guid":{"rendered":"https:\/\/minervashop.eu\/?post_type=product&#038;p=150804"},"modified":"2025-09-08T12:23:55","modified_gmt":"2025-09-08T12:23:55","slug":"pentagrammiga-metalne-karp","status":"publish","type":"product","link":"https:\/\/minervashop.eu\/en\/toode\/pentagrammiga-metalne-karp\/","title":{"rendered":"Pentagrammiga metalne karp"},"content":{"rendered":"<div id=\"row-1168345807\" class=\"row\">\n<div id=\"col-253071608\" class=\"col small-12 large-12\">\n<div class=\"col-inner\">\n<div class=\"woocommerce-tabs wc-tabs-wrapper container tabbed-content\">\n<div class=\"tab-panels\">\n<div id=\"tab-description\" class=\"woocommerce-Tabs-panel woocommerce-Tabs-panel--description panel entry-content active\" role=\"tabpanel\" aria-labelledby=\"tab-title-description\">\n<h4 align=\"JUSTIFY\"><strong>Pentagramm \u2013 \u00dcks maailma iidsemaid s\u00fcmboleid. See on uuenemise, taastekkimise ja muutumise s\u00fcmbol. Algup\u00e4raselt s\u00fcmboliseeris ta t\u00e4hte \u2013 seega ka m\u00fcstilist energiat selle \u00fcmber. Seda s\u00fcmbolit kantakse eesm\u00e4rkide saavutamiseks. Kaelas kantuna kaitseb maagi ja annab talle v\u00e4e. Pentagramm on viie tipuga geomeetriline kujund, mida kreeka filosoof ja arvuteoreetik Pythagoras pidas m\u00fcstilise harmoonia s\u00fcmboliks. Tema ja ta j\u00e4rglased viitasid sellele kui\u00a0<i>hugieia<\/i>`le, mida t\u00f5lgitakse sageli \u201ctervis\u201d, kuid mille m\u00f5tet edastab paremini \u201cterviklikkus\u201d. Pythagorase meelest seisnes s\u00fcmboli t\u00e4htsus selle viies tipus, mis on arvude 2 (mis tema meelest t\u00e4hendas naiselikku ja maist) ning 3 (mehelik ja taevalik) summa. Seega s\u00fcmboliseeris arv 5 vastandite kosmilist harmooniat, taeva ja maa abielu. \u00dclespoole tipuga suunatud pentagramm s\u00fcmboliseerib \u201cvaimu\u201d, mis valitseb nelja materiaalse maailma elementi. Kahe tipuga alla suunatud pentagramm s\u00fcmboliseerib valgust ja vaimsust. T\u00e4histab p\u00fc\u00fcdlust, vaimumaailma ja haridust. Tagurpidine viisnurk on saatana s\u00fcmbol (tipuga all) ja suunatud mustale maagiale. Pentagramm ringi sees on p\u00fcha ruumi t\u00e4his, t\u00e4histab ka maaelementi v\u00f5i mateerias avalduvat jumalikkust.<\/strong><\/h4>\n<\/div>\n<\/div>\n<\/div>\n<\/div>\n<\/div>\n<\/div>\n","protected":false},"excerpt":{"rendered":"<p>metallilehega kaetud karp, metallist lukusti ees, sees must samet, all jalad pehmendusega.<\/p>\n<p>18x13x6 cm<\/p>\n<p>441g<\/p>\n<p>&nbsp;<\/p>\n","protected":false},"featured_media":150806,"template":"","meta":[],"product_brand":[],"product_cat":[260,476,623],"product_tag":[],"class_list":{"0":"post-150804","1":"product","2":"type-product","3":"status-publish","4":"has-post-thumbnail","6":"product_cat-danu","7":"product_cat-metallist-karbid","8":"product_cat-pentagrammid-2","9":"product_shipping_class-s","11":"first","12":"instock","13":"taxable","14":"shipping-taxable","15":"purchasable","16":"product-type-simple"},"_links":{"self":[{"href":"https:\/\/minervashop.eu\/en\/wp-json\/wp\/v2\/product\/150804","targetHints":{"allow":["GET"]}}],"collection":[{"href":"https:\/\/minervashop.eu\/en\/wp-json\/wp\/v2\/product"}],"about":[{"href":"https:\/\/minervashop.eu\/en\/wp-json\/wp\/v2\/types\/product"}],"wp:featuredmedia":[{"embeddable":true,"href":"https:\/\/minervashop.eu\/en\/wp-json\/wp\/v2\/media\/150806"}],"wp:attachment":[{"href":"https:\/\/minervashop.eu\/en\/wp-json\/wp\/v2\/media?parent=150804"}],"wp:term":[{"taxonomy":"product_brand","embeddable":true,"href":"https:\/\/minervashop.eu\/en\/wp-json\/wp\/v2\/product_brand?post=150804"},{"taxonomy":"product_cat","embeddable":true,"href":"https:\/\/minervashop.eu\/en\/wp-json\/wp\/v2\/product_cat?post=150804"},{"taxonomy":"product_tag","embeddable":true,"href":"https:\/\/minervashop.eu\/en\/wp-json\/wp\/v2\/product_tag?post=150804"}],"curies":[{"name":"wp","href":"https:\/\/api.w.org\/{rel}","templated":true}]}}