{"id":150808,"date":"2025-08-18T10:42:34","date_gmt":"2025-08-18T10:42:34","guid":{"rendered":"https:\/\/minervashop.eu\/?post_type=product&#038;p=150808"},"modified":"2025-12-04T13:36:20","modified_gmt":"2025-12-04T13:36:20","slug":"lootosega-metalne-karp","status":"publish","type":"product","link":"https:\/\/minervashop.eu\/en\/toode\/lootosega-metalne-karp\/","title":{"rendered":"Lootosega metalne karp"},"content":{"rendered":"<div id=\"row-253563989\" class=\"row\">\n<div id=\"col-1112579596\" class=\"col small-12 large-12\">\n<div class=\"col-inner\">\n<div class=\"woocommerce-tabs wc-tabs-wrapper container tabbed-content\">\n<div class=\"tab-panels\">\n<div id=\"tab-description\" class=\"woocommerce-Tabs-panel woocommerce-Tabs-panel--description panel entry-content active\" role=\"tabpanel\" aria-labelledby=\"tab-title-description\">\n<div class=\"prod-desc-container expandable expanded\">\n<div class=\"prod-desc-wrapper\">\n<div class=\"product-long-description\">\n<div class=\"term-description\">\n<div class=\"product-short-description\">\n<h4 align=\"JUSTIFY\"><strong>Lootos \u2013 iidne puhtuse ja jumaliku armastuse s\u00fcmbol. Ebav\u00f5rdsuse \u00fcletamise ja raskete aegadega toimetuleku, aga ka vaimu, hinge ja iseenda taass\u00fcnni s\u00fcmbol. Lootose\u00f5it peetakse inimese tarkuse ja vaimse virgumise kujutuseks. Avanemisootel lootosepung s\u00fcmboliseerib s\u00fcnnieelset hinge, mis v\u00f5ib puhkeda ja ennast jumalikule t\u00f5ele avada. Punane lootos on armastuse ja siiruse s\u00fcmbol. Sinine lootos s\u00fcmboliseerib p\u00fcha v\u00f5imu. Selle taime v\u00e4rskemaid osasid lisatakse armujoogile, omades narkootilist toimet. 8 kroonlehte t\u00e4hendavad ilmakaari. Joogas kasutatava t\u0161akras\u00fcsteemi s\u00fcmbol. Iga kroonleht on seotud t\u0161akra e. energiakeskusega, mis l\u00e4bivad n\u00e4htamatu spiraaline keha. Kaheksas kroonleht t\u00e4hendab kroont\u0161akra \u00fchinemist jumalikuga, mis on saavutatav ainult neile, kes on j\u00f5udnud virgumise \u00fclimale astmele. Nii, nagu lootose\u00f5is avaneb, areneb ka hing ja virgub spirituaalses v\u00f5i transtsedentses maailmas. Lootos on universaalne puhtuse ja valgustatuse s\u00fcmbol. Seda peetakse paljude feng shui meistrite poolt hea\u00f5nne lilleks, mis muudab halva \u00f5nne heaks ning t\u00f5stab r\u00f5\u00f5mu ja rahu tunnet.<\/strong><\/h4>\n<\/div>\n<\/div>\n<\/div>\n<\/div>\n<\/div>\n<\/div>\n<\/div>\n<\/div>\n<\/div>\n<\/div>\n<\/div>\n","protected":false},"excerpt":{"rendered":"<p>metallilehega kaetud karp, metallist lukusti ees, sees must samet, all jalad pehmendusega.<\/p>\n<p>18x13x6 cm<\/p>\n<p>441g<\/p>\n<div class=\"product-short-description\">\n<div class=\"product-short-description\">\n<p><strong>vaata lisa\u00a0<a href=\"https:\/\/rnojomku.sendsmaily.net\/templates\/acafb176-ee1f-4e4a-bba3-5c57e9a8e0e3\/html\/\">siit<\/a><\/strong><\/p>\n<\/div>\n<\/div>\n<div class=\"add-to-cart-container form-normal is-normal\"><\/div>\n","protected":false},"featured_media":150809,"template":"","meta":[],"product_brand":[],"product_cat":[264,476,741],"product_tag":[],"class_list":{"0":"post-150808","1":"product","2":"type-product","3":"status-publish","4":"has-post-thumbnail","6":"product_cat-domnu","7":"product_cat-metallist-karbid","8":"product_cat-lootos","9":"product_shipping_class-s","11":"first","12":"outofstock","13":"taxable","14":"shipping-taxable","15":"purchasable","16":"product-type-simple"},"_links":{"self":[{"href":"https:\/\/minervashop.eu\/en\/wp-json\/wp\/v2\/product\/150808","targetHints":{"allow":["GET"]}}],"collection":[{"href":"https:\/\/minervashop.eu\/en\/wp-json\/wp\/v2\/product"}],"about":[{"href":"https:\/\/minervashop.eu\/en\/wp-json\/wp\/v2\/types\/product"}],"wp:featuredmedia":[{"embeddable":true,"href":"https:\/\/minervashop.eu\/en\/wp-json\/wp\/v2\/media\/150809"}],"wp:attachment":[{"href":"https:\/\/minervashop.eu\/en\/wp-json\/wp\/v2\/media?parent=150808"}],"wp:term":[{"taxonomy":"product_brand","embeddable":true,"href":"https:\/\/minervashop.eu\/en\/wp-json\/wp\/v2\/product_brand?post=150808"},{"taxonomy":"product_cat","embeddable":true,"href":"https:\/\/minervashop.eu\/en\/wp-json\/wp\/v2\/product_cat?post=150808"},{"taxonomy":"product_tag","embeddable":true,"href":"https:\/\/minervashop.eu\/en\/wp-json\/wp\/v2\/product_tag?post=150808"}],"curies":[{"name":"wp","href":"https:\/\/api.w.org\/{rel}","templated":true}]}}