{"id":150819,"date":"2025-08-18T11:29:21","date_gmt":"2025-08-18T11:29:21","guid":{"rendered":"https:\/\/minervashop.eu\/?post_type=product&#038;p=150819"},"modified":"2026-02-10T08:41:52","modified_gmt":"2026-02-10T08:41:52","slug":"lohnakott-20g","status":"publish","type":"product","link":"https:\/\/minervashop.eu\/en\/toode\/lohnakott-20g\/","title":{"rendered":"L\u00f5hnakott 20g"},"content":{"rendered":"","protected":false},"excerpt":{"rendered":"<p>sidrunhein &#8211; tunne end erksa ja v\u00e4rskena ja lase sel levida ruumis.<\/p>\n<div>sandlipuu &#8211; puhas, tugev l\u00f5hn on absoluutselt jumalik.<\/div>\n<div>Riputa l\u00f5hnakott kuhu iganes soovid anda l\u00f5hna &#8211; riidekappi, autosse, pr\u00fcginurka, vanntuppa, tualettruumi, magamistuppa jne.<\/div>\n<div><\/div>\n<div>L\u00f5hn kestab 15-25 p\u00e4eva p\u00e4rast avamist. Liiguta pakki aeg-ajalt, et eeterlikud \u00f5lid saaksid levida.<\/div>\n","protected":false},"featured_media":150822,"template":"","meta":[],"product_brand":[],"product_cat":[177,540],"product_tag":[],"class_list":{"0":"post-150819","1":"product","2":"type-product","3":"status-publish","4":"has-post-thumbnail","6":"product_cat-lohnasegud","7":"product_cat-ohuvarskendajad","8":"product_shipping_class-xs","10":"first","11":"instock","12":"taxable","13":"shipping-taxable","14":"purchasable","15":"product-type-variable"},"_links":{"self":[{"href":"https:\/\/minervashop.eu\/en\/wp-json\/wp\/v2\/product\/150819","targetHints":{"allow":["GET"]}}],"collection":[{"href":"https:\/\/minervashop.eu\/en\/wp-json\/wp\/v2\/product"}],"about":[{"href":"https:\/\/minervashop.eu\/en\/wp-json\/wp\/v2\/types\/product"}],"wp:featuredmedia":[{"embeddable":true,"href":"https:\/\/minervashop.eu\/en\/wp-json\/wp\/v2\/media\/150822"}],"wp:attachment":[{"href":"https:\/\/minervashop.eu\/en\/wp-json\/wp\/v2\/media?parent=150819"}],"wp:term":[{"taxonomy":"product_brand","embeddable":true,"href":"https:\/\/minervashop.eu\/en\/wp-json\/wp\/v2\/product_brand?post=150819"},{"taxonomy":"product_cat","embeddable":true,"href":"https:\/\/minervashop.eu\/en\/wp-json\/wp\/v2\/product_cat?post=150819"},{"taxonomy":"product_tag","embeddable":true,"href":"https:\/\/minervashop.eu\/en\/wp-json\/wp\/v2\/product_tag?post=150819"}],"curies":[{"name":"wp","href":"https:\/\/api.w.org\/{rel}","templated":true}]}}