{"id":150829,"date":"2025-08-18T11:43:41","date_gmt":"2025-08-18T11:43:41","guid":{"rendered":"https:\/\/minervashop.eu\/?post_type=product&#038;p=150829"},"modified":"2026-03-11T11:38:55","modified_gmt":"2026-03-11T11:38:55","slug":"keldi-solmedega-roheline-kuunlaklaas","status":"publish","type":"product","link":"https:\/\/minervashop.eu\/en\/toode\/keldi-solmedega-roheline-kuunlaklaas\/","title":{"rendered":"Keldi s\u00f5lmedega roheline k\u00fc\u00fcnlaklaas"},"content":{"rendered":"","protected":false},"excerpt":{"rendered":"<p>Muster klaasil pole veekindel, seega ainult kuiv puhastus!<\/p>\n<p>6 x 5 cm<\/p>\n","protected":false},"featured_media":150830,"template":"","meta":[],"product_brand":[],"product_cat":[22,262,266,261,265,263,55],"product_tag":[],"class_list":{"0":"post-150829","1":"product","2":"type-product","3":"status-publish","4":"has-post-thumbnail","6":"product_cat-keldi-amuletid","7":"product_cat-artha","8":"product_cat-banbha","9":"product_cat-brigitta","10":"product_cat-ker","11":"product_cat-rhiannon","12":"product_cat-muust-materjalist-kuunlaalused","13":"product_shipping_class-s","15":"first","16":"instock","17":"taxable","18":"shipping-taxable","19":"purchasable","20":"product-type-simple"},"_links":{"self":[{"href":"https:\/\/minervashop.eu\/en\/wp-json\/wp\/v2\/product\/150829","targetHints":{"allow":["GET"]}}],"collection":[{"href":"https:\/\/minervashop.eu\/en\/wp-json\/wp\/v2\/product"}],"about":[{"href":"https:\/\/minervashop.eu\/en\/wp-json\/wp\/v2\/types\/product"}],"wp:featuredmedia":[{"embeddable":true,"href":"https:\/\/minervashop.eu\/en\/wp-json\/wp\/v2\/media\/150830"}],"wp:attachment":[{"href":"https:\/\/minervashop.eu\/en\/wp-json\/wp\/v2\/media?parent=150829"}],"wp:term":[{"taxonomy":"product_brand","embeddable":true,"href":"https:\/\/minervashop.eu\/en\/wp-json\/wp\/v2\/product_brand?post=150829"},{"taxonomy":"product_cat","embeddable":true,"href":"https:\/\/minervashop.eu\/en\/wp-json\/wp\/v2\/product_cat?post=150829"},{"taxonomy":"product_tag","embeddable":true,"href":"https:\/\/minervashop.eu\/en\/wp-json\/wp\/v2\/product_tag?post=150829"}],"curies":[{"name":"wp","href":"https:\/\/api.w.org\/{rel}","templated":true}]}}