{"id":150847,"date":"2025-08-18T12:47:11","date_gmt":"2025-08-18T12:47:11","guid":{"rendered":"https:\/\/minervashop.eu\/?post_type=product&#038;p=150847"},"modified":"2025-12-30T13:32:41","modified_gmt":"2025-12-30T13:32:41","slug":"smudge-spray-white-sage-palo-santo-aromafume-100ml","status":"publish","type":"product","link":"https:\/\/minervashop.eu\/en\/toode\/smudge-spray-white-sage-palo-santo-aromafume-100ml\/","title":{"rendered":"Smudge spray white sage &#038; palo santo Aromafume 100ml"},"content":{"rendered":"<p>valge salvei ja palo santo<br \/>\nAura puhastaja ja ruumi sprei<br \/>\nkasuta kodus v\u00f5i reisil<br \/>\nEco keskkonna s\u00f5bralik, CFC vaba, ei riku osoonikihti<br \/>\nftalaatide ja parabeenide vaba<br \/>\ntaaskasutatav ja \u00fcmbert\u00f6\u00f6deldav pudel<\/p>\n<p>ainult v\u00e4lispidiseks kasutamiseks. V\u00e4ldi otsest kontakti silmadega. Hoia eemale lastest ja lemmikloomadest.<br \/>\n<strong>kasutamine:<\/strong>\u00a0kasuta iga p\u00e4ev kodus, t\u00f6\u00f6kohas, autos, treening stuudios. Piserda p\u00fchkiva liigutusega ruumi ca 5 sekundi jooksul. Kasuta sageli.<\/p>\n<p>koostis \u2013 kristalli essents, vesi DM, segatud parf\u00fc\u00fcm ja eeterlikud \u00f5lid, parabeenide vaba s\u00e4ilitusaine<\/p>\n<p><strong>kuidas ruumi puhastada?<\/strong><br \/>\n1. tee kindlaks eesm\u00e4rk, miks sa soovid puhastust negatiivsest energiast. Sellel on positiivne v\u00e4\u00e4rtus, kui v\u00f5tad selleks aja. Lausu \u2013 \u201cMa vabastan k\u00f5ik energiad, mis mind enam ei teeni. K\u00f5ik negatiivsus minu \u00fcmber ja k\u00f5ik hirmud, mis mind piiravad. Saagu nii!\u201d<br \/>\n2. Pihusta m\u00f5ned korrad nurkadesse ja t\u00f6\u00f6tle ruumi keskosa. tee pihustiga ring.<br \/>\n3. Kui ruum on puhas, v\u00f5id seada uue eesm\u00e4rgi ja tuua positiivset energiat palvega, lausumisega v\u00f5i afirmatsiooniga. \u201cLas positiivne energia aitab kaasa minu ja minu pere heaolule, Maale ja k\u00f5ikidele olenditele, kes elavad selle peal.<\/p>\n","protected":false},"excerpt":{"rendered":"<p>Ruumi energia puhastamiseks negatiivsest seisvast energiast. Naturaalne sprei. See p\u00fcha l\u00f5hn on salveiga suitsutamisele alternatiiv, sama tulemuse saab ilma suitsuta ja meeldiva l\u00f5hnaga.\u00a0 Aitab rahustada ja puhastada keha, meelt ja vaimu. Toob head \u00f5nne neile, kes kasutavad seda l\u00f5hna.<\/p>\n<p><strong>maandav &amp; kaitsev<\/strong><br \/>\npuhas, tsitruseline ja puidune l\u00f5hn<\/p>\n<p>&nbsp;<\/p>\n","protected":false},"featured_media":150848,"template":"","meta":[],"product_brand":[],"product_cat":[177,540],"product_tag":[],"class_list":{"0":"post-150847","1":"product","2":"type-product","3":"status-publish","4":"has-post-thumbnail","6":"product_cat-lohnasegud","7":"product_cat-ohuvarskendajad","8":"product_shipping_class-xs","10":"first","11":"outofstock","12":"taxable","13":"shipping-taxable","14":"purchasable","15":"product-type-simple"},"_links":{"self":[{"href":"https:\/\/minervashop.eu\/en\/wp-json\/wp\/v2\/product\/150847","targetHints":{"allow":["GET"]}}],"collection":[{"href":"https:\/\/minervashop.eu\/en\/wp-json\/wp\/v2\/product"}],"about":[{"href":"https:\/\/minervashop.eu\/en\/wp-json\/wp\/v2\/types\/product"}],"wp:featuredmedia":[{"embeddable":true,"href":"https:\/\/minervashop.eu\/en\/wp-json\/wp\/v2\/media\/150848"}],"wp:attachment":[{"href":"https:\/\/minervashop.eu\/en\/wp-json\/wp\/v2\/media?parent=150847"}],"wp:term":[{"taxonomy":"product_brand","embeddable":true,"href":"https:\/\/minervashop.eu\/en\/wp-json\/wp\/v2\/product_brand?post=150847"},{"taxonomy":"product_cat","embeddable":true,"href":"https:\/\/minervashop.eu\/en\/wp-json\/wp\/v2\/product_cat?post=150847"},{"taxonomy":"product_tag","embeddable":true,"href":"https:\/\/minervashop.eu\/en\/wp-json\/wp\/v2\/product_tag?post=150847"}],"curies":[{"name":"wp","href":"https:\/\/api.w.org\/{rel}","templated":true}]}}