{"id":150851,"date":"2025-08-18T13:12:35","date_gmt":"2025-08-18T13:12:35","guid":{"rendered":"https:\/\/minervashop.eu\/?post_type=product&#038;p=150851"},"modified":"2025-09-22T07:38:19","modified_gmt":"2025-09-22T07:38:19","slug":"holy-lama-naturals-deodorant-73g","status":"publish","type":"product","link":"https:\/\/minervashop.eu\/en\/toode\/holy-lama-naturals-deodorant-73g\/","title":{"rendered":"Holy Lama Naturals Deodorant 73g"},"content":{"rendered":"<p style=\"font-weight: 400;\"><b><strong>naturaalne \u2013 j\u00e4tkusuutlik &#8211; \u00f5iglase kaubanduse p\u00f5him\u00f5tted<br \/>\n<\/strong><\/b>Holy Lama tooted on valmistatud\u00a0 peamiselt looduslikust toorainest, mida pole t\u00f6\u00f6deldud kemikaalide ega kunstainetega. Keha hooldustooted on vegan, GMO vaba, k\u00e4sitsi valmistatud ja pole testitud loomade peal. Kus v\u00f5imalik, kasutatakse\u00a0 taastuvaid materjale pakendamiseks. Tootmise k\u00e4igus toodetakse v\u00e4hem kui 1% j\u00e4\u00e4ke ning k\u00f5ik j\u00e4\u00e4gid kasutatakse k\u00fctusena v\u00f5i loomas\u00f6\u00f6daks., seega s\u00fcsiniku jalaj\u00e4lg on \u00e4\u00e4rmiselt v\u00e4ike.<\/p>\n<p>Toormed saadakse peamiselt kohalikest farmidest Keralas ja \u00fclej\u00e4\u00e4nud Indias. Farmeritega on \u00fcles ehitatud rohkem kui 7 dekaadi jooksul tugevad partner-suhted. Ettev\u00f5te tegutseb krediidivabal p\u00f5him\u00f5ttel, see t\u00e4hendab farmeritele ja toorme tarnijatele makstakse kauba eest koheselt.\u00a0 Tehas maksab oma t\u00f6\u00f6listele ausat tasu ja farmeritele \u00f5iglast hinda.<\/p>\n<p>Naiste ettev\u00f5te. Holy Lama Naturals on tunnustatud Keralas kui valitsuse poolt tunnustatud naisettev\u00f5tlus, kus\u00a0 \u00fcle 80% vabriku t\u00f6\u00f6tajatest on naised. Enamus on tulnud ebasoodsatest tingimustest (lesestunud v\u00f5i partnerist h\u00fcljatud) ning neile antakse v\u00f5imalus areneda ja t\u00f6\u00f6tada Holy Lama Naturalsiga.<\/p>\n<p><strong>koostis:<br \/>\n<\/strong>vesi, Aloe Vera mahl, Glyceryl Monostearate, vanilje ekstrakt, Ylang Ylang \u00f5li, Petitgrain \u00f5li, rosmariini \u00f5li, teepuu \u00f5li, n\u00f5iap\u00e4hkli \u00f5li, kaalium alumiinium,\u00a0 Phenoxyethanol, Citronellol, Limonene, Benzyl Alcohol, Benzyl Benzoate<\/p>\n","protected":false},"excerpt":{"rendered":"<p>deodorant\u00a0 100% naturaalse koostisega, sobib igale nahale. Sulfaatide ja parabeenide vaba, pole testistud loomade peal.<\/p>\n<p>Holy Lama Naturals Deodorant hoiab su tunde v\u00e4rske kogu p\u00e4eva jooksul. Peamised koostisained on kaalium alumiinium \u2013 naturaalselt esinev antiseptiline mineraal, mida kasutatakse l\u00f5hna tekitavate bakterite kasvu p\u00e4rssimiseks. See deodorant annab alternatiivi paljudele toodetele, kuna nahk seda mineraali ei ima. Looduslik segu vaniljest, ylang ylangist, petitgrainist ja rosmariinist j\u00e4tavad tunde v\u00e4rske ja mugava.<\/p>\n","protected":false},"featured_media":150852,"template":"","meta":[],"product_brand":[],"product_cat":[433],"product_tag":[],"class_list":{"0":"post-150851","1":"product","2":"type-product","3":"status-publish","4":"has-post-thumbnail","6":"product_cat-kehale","7":"product_shipping_class-s","9":"first","10":"instock","11":"taxable","12":"shipping-taxable","13":"purchasable","14":"product-type-simple"},"_links":{"self":[{"href":"https:\/\/minervashop.eu\/en\/wp-json\/wp\/v2\/product\/150851","targetHints":{"allow":["GET"]}}],"collection":[{"href":"https:\/\/minervashop.eu\/en\/wp-json\/wp\/v2\/product"}],"about":[{"href":"https:\/\/minervashop.eu\/en\/wp-json\/wp\/v2\/types\/product"}],"wp:featuredmedia":[{"embeddable":true,"href":"https:\/\/minervashop.eu\/en\/wp-json\/wp\/v2\/media\/150852"}],"wp:attachment":[{"href":"https:\/\/minervashop.eu\/en\/wp-json\/wp\/v2\/media?parent=150851"}],"wp:term":[{"taxonomy":"product_brand","embeddable":true,"href":"https:\/\/minervashop.eu\/en\/wp-json\/wp\/v2\/product_brand?post=150851"},{"taxonomy":"product_cat","embeddable":true,"href":"https:\/\/minervashop.eu\/en\/wp-json\/wp\/v2\/product_cat?post=150851"},{"taxonomy":"product_tag","embeddable":true,"href":"https:\/\/minervashop.eu\/en\/wp-json\/wp\/v2\/product_tag?post=150851"}],"curies":[{"name":"wp","href":"https:\/\/api.w.org\/{rel}","templated":true}]}}