{"id":150855,"date":"2025-08-18T13:39:38","date_gmt":"2025-08-18T13:39:38","guid":{"rendered":"https:\/\/minervashop.eu\/?post_type=product&#038;p=150855"},"modified":"2025-11-28T09:41:40","modified_gmt":"2025-11-28T09:41:40","slug":"tabiano-biosulfur-shampoo-250ml","status":"publish","type":"product","link":"https:\/\/minervashop.eu\/en\/toode\/tabiano-biosulfur-shampoo-250ml\/","title":{"rendered":"Tabiano biosulfur shampoo 250ml"},"content":{"rendered":"","protected":false},"excerpt":{"rendered":"<p>Bio-Sulfur on uuenduslik oma tasakaalustava, puhastava, m\u00fcrkidest vabastava,\u00a0 elustava ja taastava omaduse poolest, kombineeritud parimate koostisainetega, mis on saadud k\u00f5ige arenenumatest trihholoogilistest uuringutest ja andnud suurep\u00e4raseid tulemusi taluvuse, puhastuse ja kaitse osas. Eriti\u00a0 sobiv k\u00f5ige n\u00f5udlikumale juukset\u00fc\u00fcbile ja sagedasele pesemisele.<\/p>\n<p>\u0160ampoon rasusele v\u00f5i k\u00f5\u00f5masele juuksele.<\/p>\n","protected":false},"featured_media":150856,"template":"","meta":[],"product_brand":[],"product_cat":[216],"product_tag":[],"class_list":{"0":"post-150855","1":"product","2":"type-product","3":"status-publish","4":"has-post-thumbnail","6":"product_cat-sampoonid","7":"product_shipping_class-s","9":"first","10":"instock","11":"taxable","12":"shipping-taxable","13":"purchasable","14":"product-type-simple"},"_links":{"self":[{"href":"https:\/\/minervashop.eu\/en\/wp-json\/wp\/v2\/product\/150855","targetHints":{"allow":["GET"]}}],"collection":[{"href":"https:\/\/minervashop.eu\/en\/wp-json\/wp\/v2\/product"}],"about":[{"href":"https:\/\/minervashop.eu\/en\/wp-json\/wp\/v2\/types\/product"}],"wp:featuredmedia":[{"embeddable":true,"href":"https:\/\/minervashop.eu\/en\/wp-json\/wp\/v2\/media\/150856"}],"wp:attachment":[{"href":"https:\/\/minervashop.eu\/en\/wp-json\/wp\/v2\/media?parent=150855"}],"wp:term":[{"taxonomy":"product_brand","embeddable":true,"href":"https:\/\/minervashop.eu\/en\/wp-json\/wp\/v2\/product_brand?post=150855"},{"taxonomy":"product_cat","embeddable":true,"href":"https:\/\/minervashop.eu\/en\/wp-json\/wp\/v2\/product_cat?post=150855"},{"taxonomy":"product_tag","embeddable":true,"href":"https:\/\/minervashop.eu\/en\/wp-json\/wp\/v2\/product_tag?post=150855"}],"curies":[{"name":"wp","href":"https:\/\/api.w.org\/{rel}","templated":true}]}}