{"id":150858,"date":"2025-08-18T13:54:52","date_gmt":"2025-08-18T13:54:52","guid":{"rendered":"https:\/\/minervashop.eu\/?post_type=product&#038;p=150858"},"modified":"2025-11-01T05:27:35","modified_gmt":"2025-11-01T05:27:35","slug":"tabiano-biosulfur-seep-125g","status":"publish","type":"product","link":"https:\/\/minervashop.eu\/en\/toode\/tabiano-biosulfur-seep-125g\/","title":{"rendered":"Tabiano biosulfur seep 125g"},"content":{"rendered":"<p>1% v\u00e4\u00e4vli ja 3% gl\u00fctseriini baasil seep<\/p>\n<p>neutraalne ja \u00f5rna l\u00f5hnaga, suurep\u00e4rane higistava, kuuma rasuse naha ja samuti akne nahale ja ka intiimh\u00fcgieeniks, tasakaalustatud koostis, \u00f5rn nahale.<\/p>\n<p>alates 1898.aastast toodetud Carezza Salsomaggiore termides, kuulsas kuurortlinnas P\u00f5hja-Itaalias<\/p>\n<p>Bio-Sulfur on uuenduslik oma tasakaalustava, puhastava, m\u00fcrkidest vabastava,\u00a0 elustava ja taastava omaduse poolest, kombineeritud parimate koostisainetega, mis on saadud k\u00f5ige arenenumatest trihholoogilistest uuringutest ja andnud suurep\u00e4raseid tulemusi taluvuse, puhastuse ja kaitse osas.<\/p>\n","protected":false},"excerpt":{"rendered":"<p>Tabiano super seep on eriti sobiv rasusele nahale\u00a0 ja rasu \u00fcletootmisele.<\/p>\n<p>&nbsp;<\/p>\n<p>&nbsp;<\/p>\n","protected":false},"featured_media":150859,"template":"","meta":[],"product_brand":[],"product_cat":[275,433,230,26],"product_tag":[],"class_list":{"0":"post-150858","1":"product","2":"type-product","3":"status-publish","4":"has-post-thumbnail","6":"product_cat-jalgadele","7":"product_cat-kehale","8":"product_cat-naole","9":"product_cat-seebid","10":"product_shipping_class-xs","12":"first","13":"instock","14":"taxable","15":"shipping-taxable","16":"purchasable","17":"product-type-simple"},"_links":{"self":[{"href":"https:\/\/minervashop.eu\/en\/wp-json\/wp\/v2\/product\/150858","targetHints":{"allow":["GET"]}}],"collection":[{"href":"https:\/\/minervashop.eu\/en\/wp-json\/wp\/v2\/product"}],"about":[{"href":"https:\/\/minervashop.eu\/en\/wp-json\/wp\/v2\/types\/product"}],"wp:featuredmedia":[{"embeddable":true,"href":"https:\/\/minervashop.eu\/en\/wp-json\/wp\/v2\/media\/150859"}],"wp:attachment":[{"href":"https:\/\/minervashop.eu\/en\/wp-json\/wp\/v2\/media?parent=150858"}],"wp:term":[{"taxonomy":"product_brand","embeddable":true,"href":"https:\/\/minervashop.eu\/en\/wp-json\/wp\/v2\/product_brand?post=150858"},{"taxonomy":"product_cat","embeddable":true,"href":"https:\/\/minervashop.eu\/en\/wp-json\/wp\/v2\/product_cat?post=150858"},{"taxonomy":"product_tag","embeddable":true,"href":"https:\/\/minervashop.eu\/en\/wp-json\/wp\/v2\/product_tag?post=150858"}],"curies":[{"name":"wp","href":"https:\/\/api.w.org\/{rel}","templated":true}]}}