{"id":150861,"date":"2025-08-18T14:07:46","date_gmt":"2025-08-18T14:07:46","guid":{"rendered":"https:\/\/minervashop.eu\/?post_type=product&#038;p=150861"},"modified":"2025-10-29T10:45:45","modified_gmt":"2025-10-29T10:45:45","slug":"bio-lady-organic-anti-age-facial-cream-50ml","status":"publish","type":"product","link":"https:\/\/minervashop.eu\/en\/toode\/bio-lady-organic-anti-age-facial-cream-50ml\/","title":{"rendered":"Bio Lady Organic Anti Age Facial Cream 50ml"},"content":{"rendered":"<p><strong><b>kasutamine <\/b>Kasuta toodet iga p\u00e4ev, hommikul ja \u00f5htul, kanna kreemi puhtale nahale, n\u00e4ole ja kaelale kerge masseeriva liigutusega kuni kreem on t\u00e4ielikult imendunud.<\/strong><\/p>\n<p><strong>aktiivsed koostisained<br \/>\norgaaniline gl\u00fctseriinne kibuvitsa ekstrakt<\/strong><strong>,<\/strong> rikas C vitamiini ja tanniinide poolest;<br \/>\n<strong>riisi kliide \u00f5li, <\/strong>t\u00e4iesti niisutav, pehmendav ja silendav. Sisaldab Gamma Oryzanol-i, looduslikku kaitset kahjulike UV kiirte vastu. Tasakaalustatud oleiinhappe, linoolhappe,, palmitiinhappega ja E vitamiiniga. See on sobilik naha vananemise vastu.<br \/>\n<strong>orgaaniline akaatsia ekstrakt ja akaatsia \u00f5li<\/strong> \u00a0Euterpe A\u00e7a\u00ec Oleracea marjadest, palmi liik, mis kasvab Amazonase vihmametsas. Sisaldab m\u00e4rkimisv\u00e4\u00e4rsel kontsentratsioonile proteiine, asendamatuid rasvhappeid, vitamiine,\u00a0 kiudusid, mineraale, oleiinhappeid, antioks\u00fcdante, antots\u00fcaniine, mis v\u00f5itlevad naha vananemise vastu;<br \/>\n<strong>Beetagl\u00fckaan,<\/strong> toetab kahjustunud kudede parandamist l\u00e4bi\u00a0 keha regeneratiivse protsessi kaudu.<br \/>\n<strong>orgaaniline shea v\u00f5i<\/strong> (Butyrospermum Parkii), v\u00e4ga toitev, pehmendav ja nahka taastav ning kaitsev. Selle kasutamine dermatoloogias on tingitud vitamiinide ja\u00a0 ainete suurest sisaldusest, mis suurendavad fibroplastide , kollageeni ja elastaani hulka.<\/p>\n<p><strong>Lipoliin-orgaaniline saialille ekstrakt;<br \/>\npantenool <\/strong>v\u00f5i\u00a0 Provitamiin B5, efektiivnenaha\u00e4rrituse ravimisel ja ennetamisel.<br \/>\n<strong>Vitamiin E,<\/strong> rikkalik antioks\u00fcdant;<br \/>\n<strong>makadaamia \u00f5li<\/strong>, taastab elastsuse ja naha painduvuse, eriti p\u00e4rast p\u00e4ikese kahjustust;<br \/>\n<strong>h\u00fcaluroonhape, <\/strong>moodustab kihi, mis on kergelt l\u00e4bilaskev, n\u00e4htamatu ja viskoelastne naha pinnal ning fikseerib niiskuse, aidates\u00a0 s\u00e4ilitada naha p\u00f5hiomadusi nagu tervis, nooruslikkus,\u00a0 elastsus ja naha toon ning tugevdab selle loomulikku kaitsemehhanismi.<\/p>\n<div class=\"prod-desc-container expandable expanded\">\n<div class=\"prod-desc-wrapper\">\n<div class=\"product-long-description\">\n<div>\n<div>\n<p>ECO-BIO orgaaniline sertifitseeritud kosmeetika naturaalseks iluks, absoluutseks turvalisuseks ja taluvuseks. Mitte ainult toormed pole valitud vastavuses k\u00f5rgemale kvaliteedile, aga ka\u00a0 tootmise protsess on harmooniline. Kunagi ei kasutata k\u00f5rget temperatuuri, et mitte luua stressi v\u00f5i neutraliseerida koostisosasid, \u00f5lisid ja v\u00f5ideid.<\/p>\n<\/div>\n<\/div>\n<\/div>\n<\/div>\n<\/div>\n","protected":false},"excerpt":{"rendered":"<p>Multi-funktsiooniline toode kibuvitsaga nii p\u00e4evaseks kui \u00f6iseks kasutamiseks.\u00a0 Suurep\u00e4rane meigi aluskreemiks. \u00e4\u00e4rmiselt rikas aktiivsete koostisainete poolest, mis loovad ka kreemi struktuuri, niisutades nahka ja toites seda.\u00a0 Niisutamisele aitavad kaasa valitud toormed, mis on efektiivsed ja sobivad tundlikule nahale.<\/p>\n<p>&nbsp;<\/p>\n","protected":false},"featured_media":150862,"template":"","meta":[],"product_brand":[],"product_cat":[230],"product_tag":[],"class_list":{"0":"post-150861","1":"product","2":"type-product","3":"status-publish","4":"has-post-thumbnail","6":"product_cat-naole","7":"product_shipping_class-s","9":"first","10":"outofstock","11":"taxable","12":"shipping-taxable","13":"purchasable","14":"product-type-simple"},"_links":{"self":[{"href":"https:\/\/minervashop.eu\/en\/wp-json\/wp\/v2\/product\/150861","targetHints":{"allow":["GET"]}}],"collection":[{"href":"https:\/\/minervashop.eu\/en\/wp-json\/wp\/v2\/product"}],"about":[{"href":"https:\/\/minervashop.eu\/en\/wp-json\/wp\/v2\/types\/product"}],"wp:featuredmedia":[{"embeddable":true,"href":"https:\/\/minervashop.eu\/en\/wp-json\/wp\/v2\/media\/150862"}],"wp:attachment":[{"href":"https:\/\/minervashop.eu\/en\/wp-json\/wp\/v2\/media?parent=150861"}],"wp:term":[{"taxonomy":"product_brand","embeddable":true,"href":"https:\/\/minervashop.eu\/en\/wp-json\/wp\/v2\/product_brand?post=150861"},{"taxonomy":"product_cat","embeddable":true,"href":"https:\/\/minervashop.eu\/en\/wp-json\/wp\/v2\/product_cat?post=150861"},{"taxonomy":"product_tag","embeddable":true,"href":"https:\/\/minervashop.eu\/en\/wp-json\/wp\/v2\/product_tag?post=150861"}],"curies":[{"name":"wp","href":"https:\/\/api.w.org\/{rel}","templated":true}]}}