{"id":150865,"date":"2025-08-18T14:37:42","date_gmt":"2025-08-18T14:37:42","guid":{"rendered":"https:\/\/minervashop.eu\/?post_type=product&#038;p=150865"},"modified":"2025-09-23T12:52:22","modified_gmt":"2025-09-23T12:52:22","slug":"holy-lama-red-sandalwood-face-mask-50g","status":"publish","type":"product","link":"https:\/\/minervashop.eu\/en\/toode\/holy-lama-red-sandalwood-face-mask-50g\/","title":{"rendered":"Holy Lama Red Sandalwood Face Mask 50g"},"content":{"rendered":"<p>NB! See kreem v\u00f5ib j\u00e4tta plekke kangale ja nahale, seega ole ettevaatlik\u00a0 &#8211; oma k\u00e4si pese v\u00e4ga hoolikalt p\u00e4rast protseduuri. Kui see satub silma, loputa hoolikalt puhta veega.<\/p>\n<p>koostis &#8211; vesi, Glyceryl Stearate, Cocos Nucifera Oil, Cetearyl Alcohol, Hydrogenated Castor Oil, Pterocarpus Santalinus Wood Extract, Glycerin, Prunus Amygdalus Dulcis Oil, Simmondsiachinensis Seed Oil, Stearic Acid, Parfum, Polysorbate 60, Lavandula Angustifolia Oil, Vetiveria Zizanoides Root Oil, Pelargonium Graveolens Leaf Oil , Curcuma Longa Root Oil, Taraktogenos Kurzii Seed Oil, Tocopherol, Citric Acid, Acorus Calamus Root Oil, Hedychiumspicatum Extract, Melia Azadirachta Seed Oil, Vitis Vinifera Seed Oil, Eugenia Caryophyllusbud Oil, Eugenol, Isoeugenol, Geraniol, Linalool, Citronellol, Limonene.<\/p>\n<p><b><strong>naturaalne \u2013 j\u00e4tkusuutlik \u2013 \u00f5iglase kaubanduse p\u00f5him\u00f5tted<br \/>\n<\/strong><\/b>Holy Lama tooted on valmistatud\u00a0 peamiselt looduslikust toorainest, mida pole t\u00f6\u00f6deldud kemikaalide ega kunstainetega. Keha hooldustooted on vegan, GMO vaba, k\u00e4sitsi valmistatud ja pole testitud loomade peal. Kus v\u00f5imalik, kasutatakse\u00a0 taastuvaid materjale pakendamiseks. Tootmise k\u00e4igus toodetakse v\u00e4hem kui 1% j\u00e4\u00e4ke ning k\u00f5ik j\u00e4\u00e4gid kasutatakse k\u00fctusena v\u00f5i loomas\u00f6\u00f6daks., seega s\u00fcsiniku jalaj\u00e4lg on \u00e4\u00e4rmiselt v\u00e4ike.<\/p>\n<p>Toormed saadakse peamiselt kohalikest farmidest Keralas ja \u00fclej\u00e4\u00e4nud Indias. Farmeritega on \u00fcles ehitatud rohkem kui 7 dekaadi jooksul tugevad partner-suhted. Ettev\u00f5te tegutseb krediidivabal p\u00f5him\u00f5ttel, see t\u00e4hendab farmeritele ja toorme tarnijatele makstakse kauba eest koheselt.\u00a0 Tehas maksab oma t\u00f6\u00f6listele ausat tasu ja farmeritele \u00f5iglast hinda.<\/p>\n<p>Naiste ettev\u00f5te. Holy Lama Naturals on tunnustatud Keralas kui valitsuse poolt tunnustatud naisettev\u00f5tlus, kus\u00a0 \u00fcle 80% vabriku t\u00f6\u00f6tajatest on naised. Enamus on tulnud ebasoodsatest tingimustest (lesestunud v\u00f5i partnerist h\u00fcljatud) ning neile antakse v\u00f5imalus areneda ja t\u00f6\u00f6tada Holy Lama Naturalsiga.<\/p>\n","protected":false},"excerpt":{"rendered":"<p>Holy Lama punane sandlipuu mask n\u00e4ole vetiveri ja kalmusega elustab ja toidab nahka. Kasuta regulaarselt\u00a0 vannieelse kreemina v\u00f5i maskina naha v\u00e4limuse parandamiseks ja nahatooni \u00fchtlustamiseks ning p\u00f5letike v\u00e4hendamiseks. Sobib igale nahale.<\/p>\n<p>kasutamine &#8211; see on v\u00e4ga kontsentreeritud punase sandli kreem, seega kasuta s\u00e4\u00e4stlikult. V\u00f5ta v\u00e4ike hulk ja laota see \u00fchtlaselt kogu n\u00e4ole ja kaelale, j\u00e4ta seisma ca\u00a0 15-20 minutiks ja pese veega.<\/p>\n","protected":false},"featured_media":150866,"template":"","meta":[],"product_brand":[],"product_cat":[230],"product_tag":[],"class_list":{"0":"post-150865","1":"product","2":"type-product","3":"status-publish","4":"has-post-thumbnail","6":"product_cat-naole","7":"product_shipping_class-s","9":"first","10":"instock","11":"taxable","12":"shipping-taxable","13":"purchasable","14":"product-type-simple"},"_links":{"self":[{"href":"https:\/\/minervashop.eu\/en\/wp-json\/wp\/v2\/product\/150865","targetHints":{"allow":["GET"]}}],"collection":[{"href":"https:\/\/minervashop.eu\/en\/wp-json\/wp\/v2\/product"}],"about":[{"href":"https:\/\/minervashop.eu\/en\/wp-json\/wp\/v2\/types\/product"}],"wp:featuredmedia":[{"embeddable":true,"href":"https:\/\/minervashop.eu\/en\/wp-json\/wp\/v2\/media\/150866"}],"wp:attachment":[{"href":"https:\/\/minervashop.eu\/en\/wp-json\/wp\/v2\/media?parent=150865"}],"wp:term":[{"taxonomy":"product_brand","embeddable":true,"href":"https:\/\/minervashop.eu\/en\/wp-json\/wp\/v2\/product_brand?post=150865"},{"taxonomy":"product_cat","embeddable":true,"href":"https:\/\/minervashop.eu\/en\/wp-json\/wp\/v2\/product_cat?post=150865"},{"taxonomy":"product_tag","embeddable":true,"href":"https:\/\/minervashop.eu\/en\/wp-json\/wp\/v2\/product_tag?post=150865"}],"curies":[{"name":"wp","href":"https:\/\/api.w.org\/{rel}","templated":true}]}}