{"id":150874,"date":"2025-08-19T10:22:03","date_gmt":"2025-08-19T10:22:03","guid":{"rendered":"https:\/\/minervashop.eu\/?post_type=product&#038;p=150874"},"modified":"2025-09-23T12:57:54","modified_gmt":"2025-09-23T12:57:54","slug":"poletus-segu-mandariin-ja-loorber-vaikudega-klaaspurgis-40g","status":"publish","type":"product","link":"https:\/\/minervashop.eu\/en\/toode\/poletus-segu-mandariin-ja-loorber-vaikudega-klaaspurgis-40g\/","title":{"rendered":"P\u00f5letus segu mandariin ja loorber vaikudega, klaaspurgis 40g"},"content":{"rendered":"<p><strong>NB!<\/strong><br \/>\nHoia eemale lastest ja lemmikloomadest. \u00c4ra kunagi j\u00e4ta p\u00f5levat puru j\u00e4relevalveta. P\u00f5leta h\u00e4sti ventileeritavates ruumides, eemal kergesti s\u00fcttivatest esemetest ja tuulet\u00f5mbest. V\u00e4ldi otsest suitsu sissehingamist. P\u00f5leta segu tulekindlal pinnal. V\u00f5ib p\u00f5hjustada nahal sattudes allergilist reaktsiooni.<\/p>\n","protected":false},"excerpt":{"rendered":"<p>Maine v\u00fcrtsikas l\u00f5hnasegu p\u00f5letamiseks, valmistatud \u00a0100% looduslikust materjalist, nagu vaigud, lilled, \u00fcrdid ja eeterlikud \u00f5lid. Seda saab p\u00f5letada v\u00f5rguga p\u00f5letil v\u00f5i s\u00f6et\u00fckil.<\/p>\n<p>Kasutamine &#8211; pane viiruki p\u00f5letamise v\u00f5rk aroomilambile v\u00f5i kasuta spetsiaalset v\u00f5rguga p\u00f5letit ja selle peale pane taimepuru, s\u00fc\u00fcta all teek\u00fc\u00fcnal ja naudi meeldivat taimede p\u00f5lemise l\u00f5hna. Ka s\u00f6et\u00fckil saab kasutada taimesegu p\u00f5letamist.<\/p>\n","protected":false},"featured_media":150875,"template":"","meta":[],"product_brand":[],"product_cat":[306],"product_tag":[],"class_list":{"0":"post-150874","1":"product","2":"type-product","3":"status-publish","4":"has-post-thumbnail","6":"product_cat-taimed-vaigud-ja-puit","7":"product_shipping_class-s","9":"first","10":"instock","11":"taxable","12":"shipping-taxable","13":"purchasable","14":"product-type-simple"},"_links":{"self":[{"href":"https:\/\/minervashop.eu\/en\/wp-json\/wp\/v2\/product\/150874","targetHints":{"allow":["GET"]}}],"collection":[{"href":"https:\/\/minervashop.eu\/en\/wp-json\/wp\/v2\/product"}],"about":[{"href":"https:\/\/minervashop.eu\/en\/wp-json\/wp\/v2\/types\/product"}],"wp:featuredmedia":[{"embeddable":true,"href":"https:\/\/minervashop.eu\/en\/wp-json\/wp\/v2\/media\/150875"}],"wp:attachment":[{"href":"https:\/\/minervashop.eu\/en\/wp-json\/wp\/v2\/media?parent=150874"}],"wp:term":[{"taxonomy":"product_brand","embeddable":true,"href":"https:\/\/minervashop.eu\/en\/wp-json\/wp\/v2\/product_brand?post=150874"},{"taxonomy":"product_cat","embeddable":true,"href":"https:\/\/minervashop.eu\/en\/wp-json\/wp\/v2\/product_cat?post=150874"},{"taxonomy":"product_tag","embeddable":true,"href":"https:\/\/minervashop.eu\/en\/wp-json\/wp\/v2\/product_tag?post=150874"}],"curies":[{"name":"wp","href":"https:\/\/api.w.org\/{rel}","templated":true}]}}