{"id":150886,"date":"2025-08-19T10:44:32","date_gmt":"2025-08-19T10:44:32","guid":{"rendered":"https:\/\/minervashop.eu\/?post_type=product&#038;p=150886"},"modified":"2025-10-29T11:22:44","modified_gmt":"2025-10-29T11:22:44","slug":"potpourri-lohnastatud-kotike","status":"publish","type":"product","link":"https:\/\/minervashop.eu\/en\/toode\/potpourri-lohnastatud-kotike\/","title":{"rendered":"Potpourri l\u00f5hnastatud kotike"},"content":{"rendered":"<p class=\"product-title product_title entry-title\">Pitta aqua oud &#8211; Peen jahutav aroom vastupandamatu sooja rahustava noodiga. Assami agrwoodi \u00f5li. Sobib h\u00e4sti pitta dosha t\u00fc\u00fcbile- loogiline ja keskendunud, tavaliselt keskmise pikkusega, lihaselise kehaehitusega, v\u00f5ib kannatada vihahoogude all ja tal on raske l\u00f5\u00f5gastuda.<\/p>\n<p>Kapha sage mint &#8211; maine segu p\u00fcha salveiga puhastab \u00fcmbrust ja samal ajal\u00a0 m\u00fcnt jahutab ja hoiab sind\u00a0 laetud ja elavana kogu p\u00e4eva. Sobib h\u00e4sti kapha doshale.\u00a0 Kapha Dosha &#8211;<br \/>\nrahulik, armastav, ja m\u00f5istev koos muljetavaldava v\u00e4ljan\u00e4gemisega ja h\u00e4sti v\u00e4ljendunud omadustega. Nad kalduvad \u00fcle s\u00f6\u00f6ma, v\u00e4ltima liikumist ja\u00a0 palju magama.<\/p>\n<p>K\u00f5rge l\u00f5hnakontsentratsioon, valmistatud taimedest, mineraalpulbrist ja eeterlikest \u00f5lidest.<br \/>\n100% naturaalne &amp; keskkonnas\u00f5bralik, l\u00f5hna j\u00e4tkub: 25 &#8211; 40 p\u00e4eva<br \/>\nmitte-toksiline,turvaline kasutada. Hoia eemale otsese p\u00e4ikesevalguse eest, et hoida selle eluiga pikemana.<\/p>\n<p>Kasutamine &#8211; eemalda kotike v\u00e4lisest l\u00e4bipaistvast pakendist. Aeg-ajalt s\u00f5tku pakki \u00f5rnalt, et eeterlikud \u00f5lid saaksid levida. Pane sobivasse kohta.<\/p>\n<p>Ayurveda anti n\u00e4gijatele Indias ca 1000 aastat tagasi. See on teadus pikaealisusest, mis tagab tugeva tervise, loomuliku ilu, pika ea. Tervis s\u00e4ilitatakse kolme Dosha tasakaalustamisega, need on\u00a0 Vata, Pitta ja Kapha.<\/p>\n<p>&nbsp;<\/p>\n","protected":false},"excerpt":{"rendered":"<p>17 x 11 cm kotike<\/p>\n<p>L\u00f5hnastatud ayurveda parf\u00fc\u00fcmi kotike on ideaalne v\u00e4ikese ruumi v\u00e4rskendamiseks ja eemaldada ebameeldivad l\u00f5hnad. Pane pakk autosse,\u00a0 riietekappi,\u00a0 k\u00f6\u00f6ki, vannituppa, WC-sse,\u00a0 pr\u00fcgikoti l\u00e4hedale jne. Pane ka riidekappi, kus on seismas riided, mida sa m\u00f5nda aega ei kasuta. Sobib sise ja v\u00e4listingimustes kasutamiseks.<\/p>\n<p>&nbsp;<\/p>\n","protected":false},"featured_media":150887,"template":"","meta":[],"product_brand":[],"product_cat":[540],"product_tag":[],"class_list":{"0":"post-150886","1":"product","2":"type-product","3":"status-publish","4":"has-post-thumbnail","6":"product_cat-ohuvarskendajad","7":"product_shipping_class-xs","9":"first","10":"instock","11":"taxable","12":"shipping-taxable","13":"purchasable","14":"product-type-variable"},"_links":{"self":[{"href":"https:\/\/minervashop.eu\/en\/wp-json\/wp\/v2\/product\/150886","targetHints":{"allow":["GET"]}}],"collection":[{"href":"https:\/\/minervashop.eu\/en\/wp-json\/wp\/v2\/product"}],"about":[{"href":"https:\/\/minervashop.eu\/en\/wp-json\/wp\/v2\/types\/product"}],"wp:featuredmedia":[{"embeddable":true,"href":"https:\/\/minervashop.eu\/en\/wp-json\/wp\/v2\/media\/150887"}],"wp:attachment":[{"href":"https:\/\/minervashop.eu\/en\/wp-json\/wp\/v2\/media?parent=150886"}],"wp:term":[{"taxonomy":"product_brand","embeddable":true,"href":"https:\/\/minervashop.eu\/en\/wp-json\/wp\/v2\/product_brand?post=150886"},{"taxonomy":"product_cat","embeddable":true,"href":"https:\/\/minervashop.eu\/en\/wp-json\/wp\/v2\/product_cat?post=150886"},{"taxonomy":"product_tag","embeddable":true,"href":"https:\/\/minervashop.eu\/en\/wp-json\/wp\/v2\/product_tag?post=150886"}],"curies":[{"name":"wp","href":"https:\/\/api.w.org\/{rel}","templated":true}]}}