{"id":150890,"date":"2025-08-19T11:09:43","date_gmt":"2025-08-19T11:09:43","guid":{"rendered":"https:\/\/minervashop.eu\/?post_type=product&#038;p=150890"},"modified":"2026-03-13T11:44:55","modified_gmt":"2026-03-13T11:44:55","slug":"smaragd-toorkivi-ripats-hobedase-aasaga","status":"publish","type":"product","link":"https:\/\/minervashop.eu\/en\/toode\/smaragd-toorkivi-ripats-hobedase-aasaga\/","title":{"rendered":"Smaragd toorkivi ripats h\u00f5bedase aasaga"},"content":{"rendered":"<p class=\"western\" align=\"justify\"><b>SMARAGD<\/b> \u2013 legend r\u00e4\u00e4gib, et smaragde leitakse greifide pesast. Smaragde austatakse ja neile omistatakse suurt m\u00f5juv\u00f5imu. V\u00f5ib vabastada varjatud hirmudest ja \u00e4revusest. Kasulik mediteerimisel. Toob esile kasvamise, k\u00fclluse ja rahu energiad. Kaitseks kurjade vaimude eest. Prohveti- ja etten\u00e4gemisv\u00f5imete saamiseks. Smaragd v\u00f5ib puruneda, kui satub kurjuse ja pettuse l\u00e4hedusse. Neid arvatakse parandavat m\u00e4lu, teritavat m\u00f5istust ja keele alla panduna aitavat need tulevikku ennustada. Oma rohelise v\u00e4rvi t\u00f5ttu on see kevade, viljakuse, surematuse, nooruse ja vihma s\u00fcmbol. T\u00f5elist armastust esindav kivi. Tervendav kivi. S\u00fcdame kristallina v\u00e4hendab raskustunnet emotsionaalsel v\u00e4ljal ning toidab aurat lootuse, julgustuse, \u00f5rnuse ja k\u00fclluse energiaga. Ravitseb s\u00fcdamevalu ning aitab elu eba\u00f5nnest v\u00e4lja tulla, eemaldades negatiivsed ohvriksolemise tunded ja isikliku v\u00e4e kadumise, tugevdades f\u00fc\u00fcsilist ja emotsionaalset s\u00fcdamekeskust. Taastumise ja tervenemise kivina annab vitaalsust ja v\u00e4rskust, armastust ja kaastunnet nii enda kui teiste vastu. Inspiratsiooniks ja p\u00fc\u00fcdlikkuseks. Avab s\u00fcdame ja puhastab ning tugevdab seda Jumaliku armastuse vastuv\u00f5tmiseks ning toetades sel spirituaalsel teel. Julgustab elama ja t\u00f6\u00f6tama s\u00fcdamest, pakkudes tingimatut armastust ja kaastunnet igap\u00e4evaelus ja suhetes ning olema avatud teistelt armastuse vastuv\u00f5tmiseks. MAAGIA \u2013 raha ligimeelitamiseks hakka iga p\u00e4ev p\u00e4rast noorkuud enda paremas k\u00e4es kandma smaragds\u00f5rmust v\u00f5i rinnal kuldses kotikeses smaragdkivikest. Kanna seda v\u00e4hemalt \u00fche lunaarkuu jooksul.<b> <\/b>KEHA: silman\u00e4gemise parandamiseks ja v\u00e4rskendamiseks, kaitseks ussihammustuste eest. Kiirendab puhastavaid ja korrastavaid protsesse. S\u00fcdame tasakaalustamiseks. Smaragdist on otsitud abi m\u00fcrgituste, langet\u00f5ve, d\u00fcsenteeria ja pidalit\u00f5ve vastu.<\/p>\n","protected":false},"excerpt":{"rendered":"<p>naturaalne smaragd toorkivi ca 3 x 3 cm + aas 9 mm<\/p>\n<h3 align=\"JUSTIFY\"><strong>loe lisaks\u00a0<a href=\"https:\/\/minervashop.eu\/uudised\/naturaalsest-kivist-ehted\/\">siit<\/a><\/strong><\/h3>\n<p>kivide t\u00e4hendusi vaata\u00a0<a href=\"https:\/\/minervashop.eu\/tootekategooria\/naturaalsed-kivid\/\" data-cke-saved-href=\"\/epood\/Trummelkivid\/\">siit<\/a>.<\/p>\n","protected":false},"featured_media":150905,"template":"","meta":[],"product_brand":[],"product_cat":[266,213],"product_tag":[],"class_list":{"0":"post-150890","1":"product","2":"type-product","3":"status-publish","4":"has-post-thumbnail","6":"product_cat-banbha","7":"product_cat-naturaalse-toorkiviga-kaelaripatsid","8":"product_shipping_class-xs","10":"first","11":"outofstock","12":"taxable","13":"shipping-taxable","14":"purchasable","15":"product-type-simple"},"_links":{"self":[{"href":"https:\/\/minervashop.eu\/en\/wp-json\/wp\/v2\/product\/150890","targetHints":{"allow":["GET"]}}],"collection":[{"href":"https:\/\/minervashop.eu\/en\/wp-json\/wp\/v2\/product"}],"about":[{"href":"https:\/\/minervashop.eu\/en\/wp-json\/wp\/v2\/types\/product"}],"wp:featuredmedia":[{"embeddable":true,"href":"https:\/\/minervashop.eu\/en\/wp-json\/wp\/v2\/media\/150905"}],"wp:attachment":[{"href":"https:\/\/minervashop.eu\/en\/wp-json\/wp\/v2\/media?parent=150890"}],"wp:term":[{"taxonomy":"product_brand","embeddable":true,"href":"https:\/\/minervashop.eu\/en\/wp-json\/wp\/v2\/product_brand?post=150890"},{"taxonomy":"product_cat","embeddable":true,"href":"https:\/\/minervashop.eu\/en\/wp-json\/wp\/v2\/product_cat?post=150890"},{"taxonomy":"product_tag","embeddable":true,"href":"https:\/\/minervashop.eu\/en\/wp-json\/wp\/v2\/product_tag?post=150890"}],"curies":[{"name":"wp","href":"https:\/\/api.w.org\/{rel}","templated":true}]}}