{"id":150913,"date":"2025-08-19T12:56:09","date_gmt":"2025-08-19T12:56:09","guid":{"rendered":"https:\/\/minervashop.eu\/?post_type=product&#038;p=150913"},"modified":"2025-12-18T14:57:59","modified_gmt":"2025-12-18T14:57:59","slug":"turkiisiga-kreeka-mustriga-hobedane-sormus-suurus-18","status":"publish","type":"product","link":"https:\/\/minervashop.eu\/en\/toode\/turkiisiga-kreeka-mustriga-hobedane-sormus-suurus-18\/","title":{"rendered":"T\u00fcrkiisiga kreeka mustriga h\u00f5bedane s\u00f5rmus suurus 18"},"content":{"rendered":"<p class=\"western\" align=\"justify\"><b>T\u00dcRKIIS<\/b>&#8211; (sinakasroheline v\u00f5i taevasinine v\u00e4\u00e4riskivi); T\u00f5e kivi \u2013 s\u00fcmboliseerib aega olla aus iseenese vastu. Saavutad rohkem rahus ja enda n\u00e4gemises sellisena, nagu sa oled. S\u00fcmboliseerib taevast. T\u00f5de on v\u00e4ga motiveeriv neile, kes tahavad seda kuulda. Seotud edu, s\u00f5pruse, raha, armastuse, tervendamise, julguse, kaitse, soodsa saatuse, hingeelevuse ja hingeliste omaduste ilmutamisega kehalisel tasandil. Hoiab \u00f5nnetustest, eelk\u00f5ige ratsutamisel. T\u00fcrkiis \u00fctleb kellaaega, kui teda pendlina t\u00fchja klaasi sees hoida-k\u00f5lksatab vastav arv kordi vastu klaasi. Armastusega kingitud t\u00fcrkiis toob \u00f5nne, ta s\u00e4ilitavat oma v\u00e4rvi, kui kestab armastus. Roheliseks t\u00f5mbunud t\u00fcrkiisi \u00e4rge kandke, see toovat \u00f5nnetust. Muudab v\u00e4rvi vastavalt kandja tujule ja tervisele- haiguse v\u00f5i mure korral kahvatub ja surma korral kaotab v\u00e4rvi, mis uue eluj\u00f5ulise omaniku k\u00e4tte j\u00f5udes siiski pikapeale taastub. R\u00e4\u00e4gitakse, et t\u00fcrkiis liigub, kui tema kandjat \u00e4hvardab oht, ja kaotab oma ilu, kui ta pole kingitud, vaid ostetud. Taastab vaimse v\u00f5imekuse, hoiab nakkuse eest, tugevdab silmi ja parandab toitumust. T\u00fcrkiis aitab jagada oma n\u00e4gemust ja \u201ek\u00e4ima oma s\u00f5nade j\u00e4rgi\u201c. Ise eeskuju andes j\u00e4rgnevad sellele ka teised. T\u00fcrkiis aitab end teostada, m\u00f5istes iseend, oma ideesid ja emotsioone. Suurep\u00e4rane vahend anal\u00fc\u00fctiliseks m\u00f5tlemiseks. H\u00e4\u00e4lestab k\u00f5rgemale teadmisele. Joondab k\u00f5ik t\u0161akrad, luues puhta tee selle kivi loova ja toitva energia saabumiseks. Toimib kurgut\u0161akrale, arendades suhtlemisoskust. Avab s\u00fcdame-t\u0161akra andmiseks ja saamiseks. Sarnaselt amet\u00fcstiga, kaitseb alkoholi, saastatuse, UV-kiirguse ja m\u00fcrkide eest. Hea koostoime kr\u00fcsokollaga, eriti koos h\u00f5bedaga. Hinge ja vaimu p\u00f5hjalikuks tervenemiseks. \u201eNegatiivsuse\u201c imaja. Aitab arendada loomulikku v\u00e4ge. Suurep\u00e4rane maandamise kivi. Tugevdab ja rahustab keha ja meelt. MAAGIA: kanna trenni tehes kaasas suurt t\u00fckki t\u00fcrkiisi, erirti kui tegeled v\u00f5itlus- v\u00f5i ekstreemspordiga, samuti kui tegeled remondi- v\u00f5i parandust\u00f6\u00f6dega. Kui \u00f5nnetus peaks juhtuma, murdub kivi luude asemel. Kaitseb ja \u00f5nnistab kandjat. T\u00fcrkiis on \u00fcks k\u00f5ige mitmek\u00fclgsemaid kive, mist\u00f5ttu ta on p\u00f5lisameeriklaste hulgas v\u00e4ga austatud. <b>T\u00e4htkuju: <\/b>Kalad, Ambur, Kaljukits, S\u00f5nn, Veevalaja<\/p>\n","protected":false},"excerpt":{"rendered":"<p>roodiumiga kaetud messing, naturaalne t\u00fcrkiis, kristallid<\/p>\n<p>10mm<\/p>\n<div class=\"product-short-description\">\n<h3 align=\"JUSTIFY\"><strong>loe lisaks\u00a0<a href=\"https:\/\/minervashop.eu\/uudised\/naturaalsest-kivist-ehted\/\">siit<\/a><\/strong><\/h3>\n<p>kivide t\u00e4hendusi vaata\u00a0<a href=\"https:\/\/minervashop.eu\/tootekategooria\/naturaalsed-kivid\/\" data-cke-saved-href=\"\/epood\/Trummelkivid\/\">siit<\/a>.<\/p>\n<\/div>\n<div class=\"add-to-cart-container form-normal is-normal\"><\/div>\n","protected":false},"featured_media":150922,"template":"","meta":[],"product_brand":[],"product_cat":[264,159,40,254],"product_tag":[],"class_list":{"0":"post-150913","1":"product","2":"type-product","3":"status-publish","4":"has-post-thumbnail","6":"product_cat-domnu","7":"product_cat-hobeda-varvi-sormused","8":"product_cat-naturaalse-kiviga-sormused","9":"product_cat-sinise-kiviga-sormused","10":"product_shipping_class-xs","12":"first","13":"instock","14":"taxable","15":"shipping-taxable","16":"purchasable","17":"product-type-simple"},"_links":{"self":[{"href":"https:\/\/minervashop.eu\/en\/wp-json\/wp\/v2\/product\/150913","targetHints":{"allow":["GET"]}}],"collection":[{"href":"https:\/\/minervashop.eu\/en\/wp-json\/wp\/v2\/product"}],"about":[{"href":"https:\/\/minervashop.eu\/en\/wp-json\/wp\/v2\/types\/product"}],"wp:featuredmedia":[{"embeddable":true,"href":"https:\/\/minervashop.eu\/en\/wp-json\/wp\/v2\/media\/150922"}],"wp:attachment":[{"href":"https:\/\/minervashop.eu\/en\/wp-json\/wp\/v2\/media?parent=150913"}],"wp:term":[{"taxonomy":"product_brand","embeddable":true,"href":"https:\/\/minervashop.eu\/en\/wp-json\/wp\/v2\/product_brand?post=150913"},{"taxonomy":"product_cat","embeddable":true,"href":"https:\/\/minervashop.eu\/en\/wp-json\/wp\/v2\/product_cat?post=150913"},{"taxonomy":"product_tag","embeddable":true,"href":"https:\/\/minervashop.eu\/en\/wp-json\/wp\/v2\/product_tag?post=150913"}],"curies":[{"name":"wp","href":"https:\/\/api.w.org\/{rel}","templated":true}]}}