{"id":150925,"date":"2025-08-19T13:04:13","date_gmt":"2025-08-19T13:04:13","guid":{"rendered":"https:\/\/minervashop.eu\/?post_type=product&#038;p=150925"},"modified":"2025-09-17T08:46:02","modified_gmt":"2025-09-17T08:46:02","slug":"beez-keskaja-kleit","status":"publish","type":"product","link":"https:\/\/minervashop.eu\/en\/toode\/beez-keskaja-kleit\/","title":{"rendered":"Bee\u017e keskaja kleit"},"content":{"rendered":"","protected":false},"excerpt":{"rendered":"<p>elastne sametine pol\u00fcester, siidpaelad, k\u00fcljel t\u00f5mblukk<\/p>\n<p>\u00f5lad 41 cm rind 88-95 cm talje 70-80 cm puus 93-100 cm pikkus 130 cm<\/p>\n","protected":false},"featured_media":150934,"template":"","meta":[],"product_brand":[],"product_cat":[265,708],"product_tag":[],"class_list":{"0":"post-150925","1":"product","2":"type-product","3":"status-publish","4":"has-post-thumbnail","6":"product_cat-ker","7":"product_cat-kleidid-ja-tuunikad","8":"product_shipping_class-xs","10":"first","11":"instock","12":"taxable","13":"shipping-taxable","14":"purchasable","15":"product-type-simple"},"_links":{"self":[{"href":"https:\/\/minervashop.eu\/en\/wp-json\/wp\/v2\/product\/150925","targetHints":{"allow":["GET"]}}],"collection":[{"href":"https:\/\/minervashop.eu\/en\/wp-json\/wp\/v2\/product"}],"about":[{"href":"https:\/\/minervashop.eu\/en\/wp-json\/wp\/v2\/types\/product"}],"wp:featuredmedia":[{"embeddable":true,"href":"https:\/\/minervashop.eu\/en\/wp-json\/wp\/v2\/media\/150934"}],"wp:attachment":[{"href":"https:\/\/minervashop.eu\/en\/wp-json\/wp\/v2\/media?parent=150925"}],"wp:term":[{"taxonomy":"product_brand","embeddable":true,"href":"https:\/\/minervashop.eu\/en\/wp-json\/wp\/v2\/product_brand?post=150925"},{"taxonomy":"product_cat","embeddable":true,"href":"https:\/\/minervashop.eu\/en\/wp-json\/wp\/v2\/product_cat?post=150925"},{"taxonomy":"product_tag","embeddable":true,"href":"https:\/\/minervashop.eu\/en\/wp-json\/wp\/v2\/product_tag?post=150925"}],"curies":[{"name":"wp","href":"https:\/\/api.w.org\/{rel}","templated":true}]}}