{"id":150941,"date":"2025-08-19T13:36:18","date_gmt":"2025-08-19T13:36:18","guid":{"rendered":"https:\/\/minervashop.eu\/?post_type=product&#038;p=150941"},"modified":"2025-09-25T13:45:08","modified_gmt":"2025-09-25T13:45:08","slug":"maekristalliga-hobedane-sormus","status":"publish","type":"product","link":"https:\/\/minervashop.eu\/en\/toode\/maekristalliga-hobedane-sormus\/","title":{"rendered":"M\u00e4ekristalliga h\u00f5bedane s\u00f5rmus"},"content":{"rendered":"<p class=\"western\" align=\"justify\"><b>M\u00c4EKRISTALL e. KVARTS \u2013<\/b> Kristalli l\u00e4bipaistvus ja puhtus annab kristallile peegel-kvaliteedi, millest on k\u00f5ik selgelt n\u00e4ha. Energia edasiandja nii vastuv\u00f5tjana kui edasikandjana. Kaitseks v\u00e4liste negatiivsete vibratsioonide eest. Toob harmooniat ja hoolitseb hea tervise eest. KEHA: puhastab ja v\u00f5imendab elundeid. Auto k\u00fctusetorustiku k\u00fclge kinnitatuna v\u00e4hendab kvartsi tipp k\u00fctusekulu. T\u00f5stab energia k\u00f5rgeima tasandini. Suurendab ps\u00fc\u00fchilist v\u00f5imekust, aitab kontsentreeruda. K\u00f5ige v\u00f5imsam ja mitmek\u00fclgsem ravi-kivi, eriti, mis puudutab enesev\u00e4\u00e4rikust, hoolimatu ja teotava lapsep\u00f5lve haavadest paranemiseks. See kivi ei lase sul langeda enesehaletsusse sellest, mida sa muuta ei saa. V\u00f5imaldab n\u00e4ha asju selgemalt ja objektiivsemalt, et teha \u00f5igeid otsuseid ja organiseerida ideesid. Kristall, mis imab ja v\u00f5imendab energiat. M\u00e4ekristalli peetakse puhtuse s\u00fcmboliks. Suudab salvestada ja edastada energiat ning seet\u00f5ttu kasutatakse tervendamisel ja mediteerimisel. Sakilise v\u00f5i teravaotsalise tipuga kristalli kasutatakse sujuvama ja harmoonilisema energia saavutamiseks. Pannakse halbade energiav\u00f5ngetega kohtadesse, lastakse veidi aega seista ja negatiivsust endasse koguda, seej\u00e4rel v\u00f5etakse \u00e4ra ja pestakse puhtaks -see parandab paiga energiat. Seotud selguse, tugevuse, eluj\u00f5u, ps\u00fc\u00fchilise tegevuse ja vaimse stimulatsiooniga. Suure kristalli asetamine kolmandale silmale suurendab ps\u00fc\u00fchilisi v\u00f5imeid. M\u00e4ekristallist kuuliga v\u00f5ib p\u00e4ikesekiirega s\u00fc\u00fcdata p\u00fcha tuld &#8211; pange kristallkuul puulaastudele p\u00e4ikese k\u00e4tte. Kristallprisma tekitab vikerkaare. Tugevdab k\u00f5ikide teiste kivide energiat ja v\u00f5imendab sinu emotsionaalset energiat. Seda kivi v\u00f5ib nimetada vaese mehe teemandiks, kuna ta on rikas k\u00f5ige muu kui materiaalse v\u00e4\u00e4rtuse poolest. V\u00f5imendab, fokusseerib, salvestab, annab energiat. H\u00e4\u00e4lestub k\u00f5ikidele t\u0161akratele, k\u00f5ikidele m\u00e4rkidele ja k\u00f5ikidele numbritele. VAIM: selgus, neutraalsus; tugevdab isiklikku seisukohta, parandab m\u00e4lu ja tajumisv\u00f5imet; suurendab teadlikkust ja toob m\u00f5tlemisse selgust. \u00d5petab iga\u00fchte tema omal tasandil ja kiirusel. K\u00f5iki vaimseid p\u00fc\u00fcdlusi saab stimuleerida selle kivi energiaga. Aitab olla vastuv\u00f5tlik k\u00f5rgemalt tulevale juhatusele. KEHA: tugevdab energia liikumist, n\u00e4rve, aju, n\u00e4\u00e4rmeid; kergendab valu ja turset; ravitakse voolmeid, k\u00f5hulahtisust, podagrat, neerukive, vedelikupeetust. M\u00e4ekristallide loomus on kootav. Mees leotatud m\u00e4ekristallid pidavat suurendama piimaeritust. MAAGIA: V\u00f5imas kivi igasuguseks maagiaks \u2013 t\u00f5mbab ligi positiivset energiat, t\u00f5stab enesekindlust ja annab lisaenergiat, kui oled v\u00e4sinud, tunned end kehvalt v\u00f5i taastud haigusest. M\u00e4ekristall suurendab energiat ning t\u00f5mbab t\u00e4helepanu. *Peret\u00fclide korral pane eluruumi k\u00e4idavamatesse kohtadesse m\u00e4ekristall, mis muudab negatiivse energia positiivseks. *Kanna kuldketi otsas selget m\u00e4ekristalli, nii, et see puudutab ihu s\u00fcdame kohal. Kristallist saad j\u00f5udu ja energiat, kuld annab samuti energiat ja annab p\u00e4ikesejumala kaitset. * Kanna kurgut\u0161akra kohal m\u00e4ekristalli \u2013 see aitab t\u00f5sta enesekindlust.<b> * <\/b>lauba vastas hoituna aktiveerib kolmanda silma ning annab m\u00f5tlemiseks loovenergiat. Suurep\u00e4rane palvete ja afirmatsioonide fokusseerimiseks. Stimuleerib ps\u00fc\u00fchilist ettekujutust. V\u00f5imendab palveid, soove ja positiivseid visualisatsioone. Hoiab sind \u00fchenduses sinu vaimse poolega, meenutades sulle, et sa oled vaimne olend f\u00fc\u00fcsilises inimkehas. <b>T\u00e4hem\u00e4rgid: Kalad, L\u00f5vi, Kaljukits, S\u00f5nn, Kaalud, J\u00e4\u00e4r, Kaksikud.<\/b><\/p>\n<p><em>*See toode on nikli, plii ja kaadmiumi vaba ning vastab Euroopa tooteohutuse n\u00f5uetele(REACH).<\/em><\/p>\n","protected":false},"excerpt":{"rendered":"<p>metallisulam, naturaalne m\u00e4ekristall, reguleeritav suurus 17-19<\/p>\n<p>13 mm<\/p>\n<p align=\"JUSTIFY\"><strong>vaata lisaks\u00a0<a href=\"https:\/\/minervashop.eu\/uudised\/naturaalsete-kivide-vagi\/\">siit<\/a><\/strong><\/p>\n<p><strong>kivide kohta vaata\u00a0<a href=\"https:\/\/minervashop.eu\/tootekategooria\/naturaalsed-kivid\/\">siit<\/a><\/strong><\/p>\n<p><strong>lisa info leiab\u00a0<a href=\"https:\/\/minervashop.eu\/uudised\/naturaalsest-kivist-ehted\/\">siit<\/a><\/strong><\/p>\n","protected":false},"featured_media":150949,"template":"","meta":[],"product_brand":[],"product_cat":[260,159,40,161],"product_tag":[],"class_list":{"0":"post-150941","1":"product","2":"type-product","3":"status-publish","4":"has-post-thumbnail","6":"product_cat-danu","7":"product_cat-hobeda-varvi-sormused","8":"product_cat-naturaalse-kiviga-sormused","9":"product_cat-valge-kiviga-sormused","10":"product_shipping_class-xs","12":"first","13":"instock","14":"taxable","15":"shipping-taxable","16":"purchasable","17":"product-type-simple"},"_links":{"self":[{"href":"https:\/\/minervashop.eu\/en\/wp-json\/wp\/v2\/product\/150941","targetHints":{"allow":["GET"]}}],"collection":[{"href":"https:\/\/minervashop.eu\/en\/wp-json\/wp\/v2\/product"}],"about":[{"href":"https:\/\/minervashop.eu\/en\/wp-json\/wp\/v2\/types\/product"}],"wp:featuredmedia":[{"embeddable":true,"href":"https:\/\/minervashop.eu\/en\/wp-json\/wp\/v2\/media\/150949"}],"wp:attachment":[{"href":"https:\/\/minervashop.eu\/en\/wp-json\/wp\/v2\/media?parent=150941"}],"wp:term":[{"taxonomy":"product_brand","embeddable":true,"href":"https:\/\/minervashop.eu\/en\/wp-json\/wp\/v2\/product_brand?post=150941"},{"taxonomy":"product_cat","embeddable":true,"href":"https:\/\/minervashop.eu\/en\/wp-json\/wp\/v2\/product_cat?post=150941"},{"taxonomy":"product_tag","embeddable":true,"href":"https:\/\/minervashop.eu\/en\/wp-json\/wp\/v2\/product_tag?post=150941"}],"curies":[{"name":"wp","href":"https:\/\/api.w.org\/{rel}","templated":true}]}}