{"id":150942,"date":"2025-08-19T13:40:10","date_gmt":"2025-08-19T13:40:10","guid":{"rendered":"https:\/\/minervashop.eu\/?post_type=product&#038;p=150942"},"modified":"2025-09-23T13:00:21","modified_gmt":"2025-09-23T13:00:21","slug":"hobedane-ametustiga-rongas-kaevoru","status":"publish","type":"product","link":"https:\/\/minervashop.eu\/en\/toode\/hobedane-ametustiga-rongas-kaevoru\/","title":{"rendered":"H\u00f5bedane amet\u00fcstiga r\u00f5ngas-k\u00e4ev\u00f5ru"},"content":{"rendered":"<p class=\"western\" align=\"justify\"><b>AMET\u00dcST &#8211; <\/b>Amet\u00fcsti peetakse meister-tervendajaks. Ta puhastab ja kaitseb negatiivsuse eest. Vastab s\u00fcdame t\u0161akrale. Sinakas-punane amet\u00fcst on parim spirituaalse ja s\u00fcgava sideme loomiseks elu eesm\u00e4rkide ja iseenda vahel. Amet\u00fcsti seostati veinijumal Bakchosega ja usuti, et see aitab liigse joobe vastu. Amet\u00fcst on kainuse s\u00fcmbol, sest amet\u00fcstkannu valatud vesi n\u00e4eb v\u00e4lja nagu vein, ent purju ei tee. Amet\u00fcst on alandlikkuse, meelerahu ja vagaduse ning loobumise kivi. Kaitsev ja vaimne kivi, annab meelerahu. Seostatud rahulikkuse, tasakaalu, rahu, \u00f5nne, kaitse, mediteerimise, hingelisuse\/vaimsuse, muundumise, inspiratsiooni, tervendamise, viljakuse, m\u00f5\u00f5dukuse, vooruslikkuse, kainuse, une, valvsuse, jahi, julguse, puhtuse, endeunen\u00e4gude, jumaliku armastuse, n\u00e4gemuslike \u00fclesannete, ps\u00fchholoogilise paranemise, meelte vaigistamise, v\u00f5iduga vaenlaste \u00fcle, keeleosavuse ja tunnetatavate asjade m\u00f5istmisega. Usutakse, et amet\u00fcst l\u00f6\u00f6b m\u00f5tted klaariks, teravdab m\u00f5istust, teeb asjatundjaks \u00e4rialal, summutab kirge, kaitseb s\u00f5dureid, kahandab himu alkoholi j\u00e4rele, tekitab vastikust veini ja joobnud oleku suhtes, p\u00f5rgatab tagasi \u00f5elad m\u00f5tted. Amet\u00fcstiga saab ravida s\u00f5ltuvust, kompulssiivset k\u00e4itumist, trombe, v\u00e4hkkasvajaid, madalat enesehinnangut. Amet\u00fcsti pruulised tagavad viljakuse ja v\u00e4ljutavad m\u00fcrke. Aseta arvuti l\u00e4hedale v\u00f5i arvutikasti peale amet\u00fcst- see v\u00e4hendab t\u00f5rkeid ning takistab arvutit kokku jooksmast. Amet\u00fcsti kaasas kandmine aitab \u00f5pingutel. Chevron amet\u00fcst aitab eemaldada karmalised mustrid ja tuua v\u00e4lja spirituaalset n\u00e4gemust ja intuitsiooni.<\/p>\n<div id=\"row-1673728348\" class=\"row\">\n<div id=\"col-1798281978\" class=\"col small-12 large-12\">\n<div class=\"col-inner\">\n<div class=\"woocommerce-tabs wc-tabs-wrapper container tabbed-content\">\n<div class=\"tab-panels\">\n<div id=\"tab-description\" class=\"woocommerce-Tabs-panel woocommerce-Tabs-panel--description panel entry-content active\" role=\"tabpanel\" aria-labelledby=\"tab-title-description\">\n<p><em>*See toode on nikli, plii ja kaadmiumi vaba ning vastab Euroopa tooteohutuse n\u00f5uetele(REACH).<\/em><\/p>\n<h3 align=\"JUSTIFY\"><strong>loe lisaks\u00a0<a href=\"https:\/\/minervashop.eu\/uudised\/naturaalsest-kivist-ehted\/\">siit<\/a><\/strong><\/h3>\n<p>kivide t\u00e4hendusi vaata\u00a0<a href=\"https:\/\/minervashop.eu\/tootekategooria\/naturaalsed-kivid\/\" data-cke-saved-href=\"\/epood\/Trummelkivid\/\">siit<\/a>.<\/p>\n<\/div>\n<\/div>\n<\/div>\n<\/div>\n<\/div>\n<\/div>\n<div id=\"row-603683237\" class=\"row\">\n<div id=\"col-1188609485\" class=\"col small-12 large-12\">\n<div class=\"col-inner\">\n<div class=\"related related-products-wrapper product-section\"><\/div>\n<\/div>\n<\/div>\n<\/div>\n","protected":false},"excerpt":{"rendered":"<p>metallisulam, kergelt painutatav, sobib randmele 14-19 cm<\/p>\n<p>laius 12 mm<\/p>\n","protected":false},"featured_media":150951,"template":"","meta":[],"product_brand":[],"product_cat":[522,562],"product_tag":[],"class_list":{"0":"post-150942","1":"product","2":"type-product","3":"status-publish","4":"has-post-thumbnail","6":"product_cat-hobedast-ja-hobetatud-kaevorud","7":"product_cat-naturaalse-kiviga-metallist-kaevorud","8":"product_shipping_class-xs","10":"first","11":"instock","12":"taxable","13":"shipping-taxable","14":"purchasable","15":"product-type-simple"},"_links":{"self":[{"href":"https:\/\/minervashop.eu\/en\/wp-json\/wp\/v2\/product\/150942","targetHints":{"allow":["GET"]}}],"collection":[{"href":"https:\/\/minervashop.eu\/en\/wp-json\/wp\/v2\/product"}],"about":[{"href":"https:\/\/minervashop.eu\/en\/wp-json\/wp\/v2\/types\/product"}],"wp:featuredmedia":[{"embeddable":true,"href":"https:\/\/minervashop.eu\/en\/wp-json\/wp\/v2\/media\/150951"}],"wp:attachment":[{"href":"https:\/\/minervashop.eu\/en\/wp-json\/wp\/v2\/media?parent=150942"}],"wp:term":[{"taxonomy":"product_brand","embeddable":true,"href":"https:\/\/minervashop.eu\/en\/wp-json\/wp\/v2\/product_brand?post=150942"},{"taxonomy":"product_cat","embeddable":true,"href":"https:\/\/minervashop.eu\/en\/wp-json\/wp\/v2\/product_cat?post=150942"},{"taxonomy":"product_tag","embeddable":true,"href":"https:\/\/minervashop.eu\/en\/wp-json\/wp\/v2\/product_tag?post=150942"}],"curies":[{"name":"wp","href":"https:\/\/api.w.org\/{rel}","templated":true}]}}