{"id":150978,"date":"2025-08-21T09:19:11","date_gmt":"2025-08-21T09:19:11","guid":{"rendered":"https:\/\/minervashop.eu\/?post_type=product&#038;p=150978"},"modified":"2025-12-30T12:17:35","modified_gmt":"2025-12-30T12:17:35","slug":"varviliste-kividega-elulille-mustriga-viirukialus","status":"publish","type":"product","link":"https:\/\/minervashop.eu\/en\/toode\/varviliste-kividega-elulille-mustriga-viirukialus\/","title":{"rendered":"V\u00e4rviliste kividega elulille mustriga viirukialus"},"content":{"rendered":"","protected":false},"excerpt":{"rendered":"<p align=\"justify\"><b>Elulille<\/b>\u00a0s\u00fcmbolit esineb kunstis, k\u00e4sikirjades ja templites l\u00e4bi kultuuride \u00fcle maailma.\u00a0 Elulill on \u00fcmbritsetud m\u00fcstikaga ja usutakse, et temas on k\u00f5ige elava baasinformatsioon. See on v\u00e4ga v\u00f5imas s\u00fcmbol, mis aitab avada teadmatuse ja tunda end valgustununa. Elulill on \u00fcks v\u00f5imsamaid s\u00fcmboleid looduses. Ta esineb p\u00fchas geomeetrias. See on iidne metafoor \u00fchendumise kohta eluga Universumis. Selle t\u00e4hendus on tuntud paljudes kultuurides.<a name=\"orgoniit\"><\/a><\/p>\n<p align=\"justify\">10,5 cm<\/p>\n<p align=\"justify\">kahepoolse graveeritud mustriga, t\u0161akra klaas kivid \u00fchel pool.<\/p>\n<div class=\"product-short-description\">\n<div class=\"product-short-description\">\n<div class=\"product-short-description\">\n<p><strong>vaata lisa\u00a0<a href=\"https:\/\/rnojomku.sendsmaily.net\/templates\/acafb176-ee1f-4e4a-bba3-5c57e9a8e0e3\/html\/\">siit<\/a><\/strong><\/p>\n<\/div>\n<\/div>\n<\/div>\n","protected":false},"featured_media":150981,"template":"","meta":[],"product_brand":[],"product_cat":[42],"product_tag":[],"class_list":{"0":"post-150978","1":"product","2":"type-product","3":"status-publish","4":"has-post-thumbnail","6":"product_cat-viirukialused","7":"product_shipping_class-xs","9":"first","10":"instock","11":"taxable","12":"shipping-taxable","13":"purchasable","14":"product-type-simple"},"_links":{"self":[{"href":"https:\/\/minervashop.eu\/en\/wp-json\/wp\/v2\/product\/150978","targetHints":{"allow":["GET"]}}],"collection":[{"href":"https:\/\/minervashop.eu\/en\/wp-json\/wp\/v2\/product"}],"about":[{"href":"https:\/\/minervashop.eu\/en\/wp-json\/wp\/v2\/types\/product"}],"wp:featuredmedia":[{"embeddable":true,"href":"https:\/\/minervashop.eu\/en\/wp-json\/wp\/v2\/media\/150981"}],"wp:attachment":[{"href":"https:\/\/minervashop.eu\/en\/wp-json\/wp\/v2\/media?parent=150978"}],"wp:term":[{"taxonomy":"product_brand","embeddable":true,"href":"https:\/\/minervashop.eu\/en\/wp-json\/wp\/v2\/product_brand?post=150978"},{"taxonomy":"product_cat","embeddable":true,"href":"https:\/\/minervashop.eu\/en\/wp-json\/wp\/v2\/product_cat?post=150978"},{"taxonomy":"product_tag","embeddable":true,"href":"https:\/\/minervashop.eu\/en\/wp-json\/wp\/v2\/product_tag?post=150978"}],"curies":[{"name":"wp","href":"https:\/\/api.w.org\/{rel}","templated":true}]}}