{"id":150986,"date":"2025-08-21T10:04:04","date_gmt":"2025-08-21T10:04:04","guid":{"rendered":"https:\/\/minervashop.eu\/?post_type=product&#038;p=150986"},"modified":"2026-02-24T12:28:01","modified_gmt":"2026-02-24T12:28:01","slug":"najel-alum-stone-natural-deodorant-90g","status":"publish","type":"product","link":"https:\/\/minervashop.eu\/en\/toode\/najel-alum-stone-natural-deodorant-90g\/","title":{"rendered":"Najel alum stone natural deodorant 90g"},"content":{"rendered":"","protected":false},"excerpt":{"rendered":"<p>Naturaalne deodorant, mis on valmistatud maarjaj\u00e4\u00e4 kivist. Eemaldab efektiivselt kehal\u00f5hnad. Maarjaj\u00e4\u00e4 on mineraal, mida tavaliselt kasutatakse deodorantides ja after-shavides tema astringeeriva ja verd peatava omaduse t\u00f5ttu. H\u00fcpoallergiline ja l\u00f5hnatu. Sobib igap\u00e4evaseks kasutamiseks. Niisuta kivi ja kanna seda higistavatele kohtadele, kaenla alla, jalgadele jne.<\/p>\n","protected":false},"featured_media":150987,"template":"","meta":[],"product_brand":[],"product_cat":[275,433],"product_tag":[],"class_list":{"0":"post-150986","1":"product","2":"type-product","3":"status-publish","4":"has-post-thumbnail","6":"product_cat-jalgadele","7":"product_cat-kehale","8":"product_shipping_class-xs","10":"first","11":"instock","12":"taxable","13":"shipping-taxable","14":"purchasable","15":"product-type-simple"},"_links":{"self":[{"href":"https:\/\/minervashop.eu\/en\/wp-json\/wp\/v2\/product\/150986","targetHints":{"allow":["GET"]}}],"collection":[{"href":"https:\/\/minervashop.eu\/en\/wp-json\/wp\/v2\/product"}],"about":[{"href":"https:\/\/minervashop.eu\/en\/wp-json\/wp\/v2\/types\/product"}],"wp:featuredmedia":[{"embeddable":true,"href":"https:\/\/minervashop.eu\/en\/wp-json\/wp\/v2\/media\/150987"}],"wp:attachment":[{"href":"https:\/\/minervashop.eu\/en\/wp-json\/wp\/v2\/media?parent=150986"}],"wp:term":[{"taxonomy":"product_brand","embeddable":true,"href":"https:\/\/minervashop.eu\/en\/wp-json\/wp\/v2\/product_brand?post=150986"},{"taxonomy":"product_cat","embeddable":true,"href":"https:\/\/minervashop.eu\/en\/wp-json\/wp\/v2\/product_cat?post=150986"},{"taxonomy":"product_tag","embeddable":true,"href":"https:\/\/minervashop.eu\/en\/wp-json\/wp\/v2\/product_tag?post=150986"}],"curies":[{"name":"wp","href":"https:\/\/api.w.org\/{rel}","templated":true}]}}