{"id":150991,"date":"2025-08-21T10:14:22","date_gmt":"2025-08-21T10:14:22","guid":{"rendered":"https:\/\/minervashop.eu\/?post_type=product&#038;p=150991"},"modified":"2026-03-04T09:08:00","modified_gmt":"2026-03-04T09:08:00","slug":"najel-aleppo-punase-savi-kooriv-seep-100g","status":"publish","type":"product","link":"https:\/\/minervashop.eu\/en\/toode\/najel-aleppo-punase-savi-kooriv-seep-100g\/","title":{"rendered":"Najel Aleppo punase savi kooriv seep 100g"},"content":{"rendered":"<p>traditsiooniline\u00a0 Aleppo seep, punase saviga, \u00f5rn koorija, m\u00fcrkidest vabastaja.\u00a0 Sobib n\u00e4ole, kehale ja juustele. Ei sisalda kunstlikke v\u00e4rvaineid ega parf\u00fc\u00fcme. Dermatoloogiliselt testitud. <strong>kasutamine<\/strong><br \/>\nNajel Aleppo seep on soovitatav n\u00e4ole ja kaelale, igap\u00e4evaseks kasutamiseks sobiv, h\u00f5\u00f5ru m\u00e4rga seepi nahale, pese ja loputa. P\u00e4rast kasutamist lase seebil kuivada.<\/p>\n<p>Al Najjar perekond on teinud traditsioonilisi autentseid\u00a0 Aleppo seepe alates 1895 kasutades traditsioonilist meisterlikkust. Teadmised on edastatud p\u00f5lvkondade kaupa.\u00a0 Al Najjar perekonna seebitehas\u00a0 asub Aleppo linnas P\u00f5hja-S\u00fc\u00fcrias. Igal aastal novembri l\u00f5pust kuni m\u00e4rtsi l\u00f5puni.\u00a0 tootmine maailma esimeses tahke seebi tehases kordub, kasutades samasid, muutumatuid tootmisv\u00f5tteid Siis seebid kuivavad v\u00e4hemalt 9 kuud.<\/p>\n<div class=\"prod-desc-container expandable expanded\">\n<div class=\"prod-desc-wrapper\">\n<div class=\"product-long-description\">\n<p>Najel Aleppo seebid valmistatakse eksklusiivselt oliivi \u00f5list ja loorberi \u00f5list, mis annavad paljusid h\u00e4id omadusi. Seebistunud oliivi\u00f5li on v\u00f5imas puhastaja, toitja,\u00a0 kaitsja ja naha pehmendaja. Loorberi \u00f5li on tuntud\u00a0 oma desinfitseeriva ja taastava omaduse poolest.<\/p>\n<\/div>\n<\/div>\n<\/div>\n","protected":false},"excerpt":{"rendered":"<p>Najel Aleppo seep punase saviga kombineerib esiisade teadmised ja kaasaja tootmise.<\/p>\n<p>savi on kivim, mis on rikas mineraalide poolest, mis kergelt koorivad, rahustavad ja taastavad ning deodoreerivad nahka. See Aleppo Soap on rikas punase savi poolest, andes kerget koorivat tulemust. Sobib igale nahale, eriti kuivale ja tundlikule, mille korral taastab vitaalsuse ja s\u00e4ra.<\/p>\n","protected":false},"featured_media":150992,"template":"","meta":[],"product_brand":[],"product_cat":[26],"product_tag":[],"class_list":{"0":"post-150991","1":"product","2":"type-product","3":"status-publish","4":"has-post-thumbnail","6":"product_cat-seebid","7":"product_shipping_class-xs","9":"first","10":"instock","11":"taxable","12":"shipping-taxable","13":"purchasable","14":"product-type-simple"},"_links":{"self":[{"href":"https:\/\/minervashop.eu\/en\/wp-json\/wp\/v2\/product\/150991","targetHints":{"allow":["GET"]}}],"collection":[{"href":"https:\/\/minervashop.eu\/en\/wp-json\/wp\/v2\/product"}],"about":[{"href":"https:\/\/minervashop.eu\/en\/wp-json\/wp\/v2\/types\/product"}],"wp:featuredmedia":[{"embeddable":true,"href":"https:\/\/minervashop.eu\/en\/wp-json\/wp\/v2\/media\/150992"}],"wp:attachment":[{"href":"https:\/\/minervashop.eu\/en\/wp-json\/wp\/v2\/media?parent=150991"}],"wp:term":[{"taxonomy":"product_brand","embeddable":true,"href":"https:\/\/minervashop.eu\/en\/wp-json\/wp\/v2\/product_brand?post=150991"},{"taxonomy":"product_cat","embeddable":true,"href":"https:\/\/minervashop.eu\/en\/wp-json\/wp\/v2\/product_cat?post=150991"},{"taxonomy":"product_tag","embeddable":true,"href":"https:\/\/minervashop.eu\/en\/wp-json\/wp\/v2\/product_tag?post=150991"}],"curies":[{"name":"wp","href":"https:\/\/api.w.org\/{rel}","templated":true}]}}