{"id":150995,"date":"2025-08-21T10:33:28","date_gmt":"2025-08-21T10:33:28","guid":{"rendered":"https:\/\/minervashop.eu\/?post_type=product&#038;p=150995"},"modified":"2025-12-10T10:50:06","modified_gmt":"2025-12-10T10:50:06","slug":"najel-alum-maarjajaa-deodorant-spray-125ml","status":"publish","type":"product","link":"https:\/\/minervashop.eu\/en\/toode\/najel-alum-maarjajaa-deodorant-spray-125ml\/","title":{"rendered":"Najel Alum maarjaj\u00e4\u00e4 deodorant spray 125ml"},"content":{"rendered":"<p>koostis<\/p>\n<div class=\"prod-desc-container expandable expanded\">\n<div class=\"prod-desc-wrapper\">\n<div class=\"product-long-description\">\n<p>AQUA (vesi), POTASSIUM ALUM, LEVULINIC ACID, GLYCERIN, SODIUM LEVULINATE, POLYEPSILON-LYSINE, SODIUM CHLORIDE.<\/p>\n<\/div>\n<\/div>\n<\/div>\n","protected":false},"excerpt":{"rendered":"<p>Deodorant spray, valmistatud naturaalsest maarjaj\u00e4\u00e4st, mis efektiivselt eemaldab ebameeldivad kehal\u00f5hnad. H\u00fcpoallergiline, l\u00f5hnatu. Sobib igap\u00e4evakseks kasutamiseks.COSMOC naturaalsuse sertifikaat Ecocert Greenlife poolt.<br \/>\n<b>kasutamine &#8211; pihusta kaenla alla, kergelt niiskele nahale.<\/b><\/p>\n","protected":false},"featured_media":150996,"template":"","meta":[],"product_brand":[],"product_cat":[275,433],"product_tag":[],"class_list":{"0":"post-150995","1":"product","2":"type-product","3":"status-publish","4":"has-post-thumbnail","6":"product_cat-jalgadele","7":"product_cat-kehale","8":"product_shipping_class-xs","10":"first","11":"outofstock","12":"taxable","13":"shipping-taxable","14":"purchasable","15":"product-type-simple"},"_links":{"self":[{"href":"https:\/\/minervashop.eu\/en\/wp-json\/wp\/v2\/product\/150995","targetHints":{"allow":["GET"]}}],"collection":[{"href":"https:\/\/minervashop.eu\/en\/wp-json\/wp\/v2\/product"}],"about":[{"href":"https:\/\/minervashop.eu\/en\/wp-json\/wp\/v2\/types\/product"}],"wp:featuredmedia":[{"embeddable":true,"href":"https:\/\/minervashop.eu\/en\/wp-json\/wp\/v2\/media\/150996"}],"wp:attachment":[{"href":"https:\/\/minervashop.eu\/en\/wp-json\/wp\/v2\/media?parent=150995"}],"wp:term":[{"taxonomy":"product_brand","embeddable":true,"href":"https:\/\/minervashop.eu\/en\/wp-json\/wp\/v2\/product_brand?post=150995"},{"taxonomy":"product_cat","embeddable":true,"href":"https:\/\/minervashop.eu\/en\/wp-json\/wp\/v2\/product_cat?post=150995"},{"taxonomy":"product_tag","embeddable":true,"href":"https:\/\/minervashop.eu\/en\/wp-json\/wp\/v2\/product_tag?post=150995"}],"curies":[{"name":"wp","href":"https:\/\/api.w.org\/{rel}","templated":true}]}}