{"id":150998,"date":"2025-08-21T10:41:33","date_gmt":"2025-08-21T10:41:33","guid":{"rendered":"https:\/\/minervashop.eu\/?post_type=product&#038;p=150998"},"modified":"2026-03-14T08:35:13","modified_gmt":"2026-03-14T08:35:13","slug":"najel-deodorant-balm-with-white-clay-and-shea-butter-45g","status":"publish","type":"product","link":"https:\/\/minervashop.eu\/en\/toode\/najel-deodorant-balm-with-white-clay-and-shea-butter-45g\/","title":{"rendered":"Najel deodorant balm with White Clay and Shea Butter 45g"},"content":{"rendered":"<p>koostis &#8211;<\/p>\n<p>OLEA EUROPAEA (OLIVE) FRUIT OIL*, SODIUM BICARBONATE, KAOLIN, TAPIOCA STARCH*, BUTYROSPERMUM PARKII (SHEA) BUTTER*, PARFUM (FRAGRANCE), HYDROGENATED OLIVE OIL**, HELIANTHUS ANNUUS (SUNFLOWER) SEED WAX, LAURUS NOBILIS (LAUREL) FRUIT OIL*, TOCOPHEROL, BETA-SITOSTEROL, SQUALENE, CITRAL, CITRONELLOL, LIMONENE, LINALOOL<\/p>\n<p>*koostisained orgaanilisest tootmisest.<br \/>\n**toodetud orgaanilistest materjalidest<\/p>\n<p>Pakitud mugavasse 45g klaas purki, mida on hea kaasas kanda reisil, sobib igap\u00e4evaseks kasutamiseks. Kerge l\u00f5hnaga, v\u00e4rskus kestab kogu p\u00e4eva.<\/p>\n<p>NAJEL deodorant on valmistatud kahjulike kemikaalideta, sisaldades orgaanilisi koostisosi, nagu kaoliin,\u00a0 sooda,\u00a0 shea v\u00f5i.\u00a0 \u00a0Sertifitseeritud orgaaniline, s\u00fcnteetiliste l\u00f5hnaainete, parabeenide ja alumiiniumi vaba.\u00a0 100% koostisainetest on orgaanilist p\u00e4ritolu.54% kogu koostisest on p\u00e4rit orgaanilisest tootmisest.<\/p>\n<div class=\"prod-desc-container expandable expanded\">\n<div class=\"prod-desc-wrapper\">\n<div class=\"product-long-description\">\n<p>Cosmos Organic sertifikaat Ecocert Greenlife-lt, vastavuses Cosmos standardile, mille leiab siit <a href=\"http:\/\/cosmos.ecocert.com\/\">http:\/\/cosmos.ecocert.com<\/a>.<\/p>\n<\/div>\n<\/div>\n<\/div>\n","protected":false},"excerpt":{"rendered":"<p>Kerge meeldiva mango l\u00f5hnaga NAJEL deodorant balsam. See keskkonnas\u00f5bralik ja efektiivne keha deodorant balsam on kombineeritud\u00a0 mango ja tsitruse v\u00e4rskuse ning valge savi ja tapioca pulbri loodusliku imamisv\u00f5imega, tagades naha kuivuse ja mugavuse, ilma nahka liigselt kuivatamata. Segatud shea v\u00f5iga ja oliivi\u00f5liga, toidab see kaenlaaluse nahka, j\u00e4ttes selle pehmeks ja mustuse kuhjumiseta.<\/p>\n<div class=\"product-short-description\">\n<p><strong>vaata lisa\u00a0<a href=\"https:\/\/rnojomku.sendsmaily.net\/templates\/ecf3332f-9eed-4892-b19d-dca55d2a20fc\/html\/\">siit<\/a><\/strong><\/p>\n<\/div>\n","protected":false},"featured_media":150999,"template":"","meta":[],"product_brand":[],"product_cat":[275,433],"product_tag":[],"class_list":{"0":"post-150998","1":"product","2":"type-product","3":"status-publish","4":"has-post-thumbnail","6":"product_cat-jalgadele","7":"product_cat-kehale","8":"product_shipping_class-s","10":"first","11":"outofstock","12":"taxable","13":"shipping-taxable","14":"purchasable","15":"product-type-simple"},"_links":{"self":[{"href":"https:\/\/minervashop.eu\/en\/wp-json\/wp\/v2\/product\/150998","targetHints":{"allow":["GET"]}}],"collection":[{"href":"https:\/\/minervashop.eu\/en\/wp-json\/wp\/v2\/product"}],"about":[{"href":"https:\/\/minervashop.eu\/en\/wp-json\/wp\/v2\/types\/product"}],"wp:featuredmedia":[{"embeddable":true,"href":"https:\/\/minervashop.eu\/en\/wp-json\/wp\/v2\/media\/150999"}],"wp:attachment":[{"href":"https:\/\/minervashop.eu\/en\/wp-json\/wp\/v2\/media?parent=150998"}],"wp:term":[{"taxonomy":"product_brand","embeddable":true,"href":"https:\/\/minervashop.eu\/en\/wp-json\/wp\/v2\/product_brand?post=150998"},{"taxonomy":"product_cat","embeddable":true,"href":"https:\/\/minervashop.eu\/en\/wp-json\/wp\/v2\/product_cat?post=150998"},{"taxonomy":"product_tag","embeddable":true,"href":"https:\/\/minervashop.eu\/en\/wp-json\/wp\/v2\/product_tag?post=150998"}],"curies":[{"name":"wp","href":"https:\/\/api.w.org\/{rel}","templated":true}]}}