{"id":151004,"date":"2025-08-21T11:19:46","date_gmt":"2025-08-21T11:19:46","guid":{"rendered":"https:\/\/minervashop.eu\/?post_type=product&#038;p=151004"},"modified":"2026-03-02T10:07:27","modified_gmt":"2026-03-02T10:07:27","slug":"viiruki-karp-hoidikuga","status":"publish","type":"product","link":"https:\/\/minervashop.eu\/en\/toode\/viiruki-karp-hoidikuga\/","title":{"rendered":"Viiruki karp hoidikuga"},"content":{"rendered":"","protected":false},"excerpt":{"rendered":"<p>puidust kaunistustega karp viirukite ja koonuste p\u00f5letamiseks, all hoidik viirukitele.<\/p>\n<p>30,50 x 6 x 5,5 cm<\/p>\n<p>k\u00e4sit\u00f6\u00f6na valminud karp<\/p>\n","protected":false},"featured_media":151015,"template":"","meta":[],"product_brand":[],"product_cat":[397,42],"product_tag":[],"class_list":{"0":"post-151004","1":"product","2":"type-product","3":"status-publish","4":"has-post-thumbnail","6":"product_cat-lohnakoonused","7":"product_cat-viirukialused","8":"product_shipping_class-s","10":"first","11":"outofstock","12":"taxable","13":"shipping-taxable","14":"purchasable","15":"product-type-simple"},"_links":{"self":[{"href":"https:\/\/minervashop.eu\/en\/wp-json\/wp\/v2\/product\/151004","targetHints":{"allow":["GET"]}}],"collection":[{"href":"https:\/\/minervashop.eu\/en\/wp-json\/wp\/v2\/product"}],"about":[{"href":"https:\/\/minervashop.eu\/en\/wp-json\/wp\/v2\/types\/product"}],"wp:featuredmedia":[{"embeddable":true,"href":"https:\/\/minervashop.eu\/en\/wp-json\/wp\/v2\/media\/151015"}],"wp:attachment":[{"href":"https:\/\/minervashop.eu\/en\/wp-json\/wp\/v2\/media?parent=151004"}],"wp:term":[{"taxonomy":"product_brand","embeddable":true,"href":"https:\/\/minervashop.eu\/en\/wp-json\/wp\/v2\/product_brand?post=151004"},{"taxonomy":"product_cat","embeddable":true,"href":"https:\/\/minervashop.eu\/en\/wp-json\/wp\/v2\/product_cat?post=151004"},{"taxonomy":"product_tag","embeddable":true,"href":"https:\/\/minervashop.eu\/en\/wp-json\/wp\/v2\/product_tag?post=151004"}],"curies":[{"name":"wp","href":"https:\/\/api.w.org\/{rel}","templated":true}]}}