{"id":151005,"date":"2025-08-21T11:22:55","date_gmt":"2025-08-21T11:22:55","guid":{"rendered":"https:\/\/minervashop.eu\/?post_type=product&#038;p=151005"},"modified":"2026-03-03T14:33:26","modified_gmt":"2026-03-03T14:33:26","slug":"klaasist-ingel","status":"publish","type":"product","link":"https:\/\/minervashop.eu\/en\/toode\/klaasist-ingel\/","title":{"rendered":"Klaasist ingel"},"content":{"rendered":"<h4 align=\"left\"><strong>Ingel \u2013 headuse kehastus, maa ja taeva vahendaja. Nimetus tuleb kreekakeelsest s\u00f5nast\u00a0<i>angelos<\/i>\u00a0(s\u00f5numitooja) ja viitab nende peamisele rollile edastada h\u00e4id s\u00f5numeid. Nad on vahendajad Jumala ja inimese vahel. Iga\u00fchel on oma kaitseingel, kes teda juhatab ja valvab. Peainglid on taevase riigi pealikud ja juhid.\u00a0<\/strong><strong>Keerubid on jumalale k\u00f5ige l\u00e4hemal. Neil arvati olevat 6 tiiba. Esinevad punn-p\u00f5sksete lapsukestena ja omavad m\u00e4ngulist loomust, s\u00fcmboliseerides nii r\u00f5\u00f5mu kui ka headust. Putod on tiibadega poisikesed, kes t\u00e4hendavad s\u00fc\u00fctust ja puhtust.<\/strong><\/h4>\n","protected":false},"excerpt":{"rendered":"<p>Jaapani stiilis sool lootosega. Kujutle end Jaapani tervendusvannis Luksuslikus soolavannis. Pole midagi l\u00f5\u00f5gastavamat p\u00e4eva l\u00f5puks kui rahustav vann. V\u00e4hendab lihasvalusid, puhastab nahka m\u00fcrkidest ja rahustab meeli. See on t\u00f5eline enese eest hoolitsemise elamus!\u00a0 Lootose aroom l\u00f5\u00f5gastab, v\u00e4hendab aknet ja stressi ning loob emotsionaalse tasakaalu.<\/p>\n<p>155 g<\/p>\n<p>7,3 x 10 x 3,5 cm<\/p>\n","protected":false},"featured_media":151022,"template":"","meta":[],"product_brand":[],"product_cat":[758,261,620,44],"product_tag":[],"class_list":{"0":"post-151005","1":"product","2":"type-product","3":"status-publish","4":"has-post-thumbnail","6":"product_cat-uued-tooted","7":"product_cat-brigitta","8":"product_cat-inglid-2","9":"product_cat-inglite-kujud","10":"product_shipping_class-s","12":"first","13":"instock","14":"taxable","15":"shipping-taxable","16":"purchasable","17":"product-type-simple"},"_links":{"self":[{"href":"https:\/\/minervashop.eu\/en\/wp-json\/wp\/v2\/product\/151005","targetHints":{"allow":["GET"]}}],"collection":[{"href":"https:\/\/minervashop.eu\/en\/wp-json\/wp\/v2\/product"}],"about":[{"href":"https:\/\/minervashop.eu\/en\/wp-json\/wp\/v2\/types\/product"}],"wp:featuredmedia":[{"embeddable":true,"href":"https:\/\/minervashop.eu\/en\/wp-json\/wp\/v2\/media\/151022"}],"wp:attachment":[{"href":"https:\/\/minervashop.eu\/en\/wp-json\/wp\/v2\/media?parent=151005"}],"wp:term":[{"taxonomy":"product_brand","embeddable":true,"href":"https:\/\/minervashop.eu\/en\/wp-json\/wp\/v2\/product_brand?post=151005"},{"taxonomy":"product_cat","embeddable":true,"href":"https:\/\/minervashop.eu\/en\/wp-json\/wp\/v2\/product_cat?post=151005"},{"taxonomy":"product_tag","embeddable":true,"href":"https:\/\/minervashop.eu\/en\/wp-json\/wp\/v2\/product_tag?post=151005"}],"curies":[{"name":"wp","href":"https:\/\/api.w.org\/{rel}","templated":true}]}}