{"id":151024,"date":"2025-08-21T12:03:58","date_gmt":"2025-08-21T12:03:58","guid":{"rendered":"https:\/\/minervashop.eu\/?post_type=product&#038;p=151024"},"modified":"2026-03-07T08:55:07","modified_gmt":"2026-03-07T08:55:07","slug":"najel-aleppo-argaania-oliga-must-seep-200ml","status":"publish","type":"product","link":"https:\/\/minervashop.eu\/en\/toode\/najel-aleppo-argaania-oliga-must-seep-200ml\/","title":{"rendered":"Najel Aleppo argaania \u00f5liga must seep 200ml"},"content":{"rendered":"<p style=\"font-weight: 400;\">Kasuta kord n\u00e4dalas naha pesemiseks. Kanna niiskele nahale, j\u00e4ta peale 5-10 minutiks ja seej\u00e4rel koori ringjate liigutustega, kasutades koorivat kinnast v\u00f5i svammi. Loputa sooja veega ja loputa k\u00fclma veega t\u00e4ielikuks hoolduseks.<\/p>\n<p><span lang=\"EN-US\"><b>aktiivsed koostisained &#8211; <\/b>Olea europaea (oliivi) vilja \u00f5li \u2013 <em>toidab ja silendab nahka, j\u00e4ttes selle pehme ja sileda.<\/em><br \/>\nArgania spinosa (argaania) \u00f5li \u2013 <em>niisutav, antioks\u00fcdantsed omadused, soodustab naha taastumist.<\/em><br \/>\ngl\u00fctseriin \u2013 <em>niisutaja, mis aitab s\u00e4ilitada niiskust koorimise ajal.<\/em><\/span><\/p>\n<p><span lang=\"EN-US\"><b>koostis <\/b>AQUA (vesi), POTASSIUM OLIVATE, gl\u00fctseriin, POTASSIUM ARGANATE*, SODIUM BENZOATE, POTASSIUM SORBATE, POTASSIUM HYDROXIDE<br \/>\n*valmistatud looduslikke tooraineid kasutades<br \/>\n99.2% naturaalset p\u00e4ritolu.<em><br \/>\nCosmos Natural sertifikaat Ecocert Greenlife-i poolt \u00a0standard vaadata siit <a href=\"http:\/\/cosmos.ecocert.com\/\">http:\/\/cosmos.ecocert.com<\/a>\u00a0.<\/em><\/span><\/p>\n<p>Al Najjar perekond on teinud traditsioonilisi autentseid\u00a0 Aleppo seepe alates 1895 kasutades traditsioonilist meisterlikkust. Teadmised on edastatud p\u00f5lvkondade kaupa.\u00a0 Al Najjar perekonna seebitehas\u00a0 asub Aleppo linnas P\u00f5hja-S\u00fc\u00fcrias.<\/p>\n","protected":false},"excerpt":{"rendered":"<p>Najel\u2019i l\u00f5hnavaba must seep on 100% naturaalne, valmistatud oliivi \u00f5liga &#8211; rahustava ja toitva omadusega. See traditsiooniline seebipasta pakub \u00f5rna efektiivset koorimist, sobib igale nahale. Koorib s\u00fcgavalt, j\u00e4ttes naha sileda, v\u00e4rske ja terve. Sobib igan\u00e4dalaseks kasutamiseks, v\u00f5ib kasutada ka lisaks koorivat pesemisnuustikut.\u00a0 Annab Hammam-stiilis hoolitsuse ja spa-sarnase tervenduse. Rikastatud argaania \u00f5liga niisutamiseks ja taastamiseks.<br \/>\nCosmos Natural sertifikaadiga<br \/>\nSobib igale nahale.<\/p>\n","protected":false},"featured_media":151025,"template":"","meta":[],"product_brand":[],"product_cat":[26],"product_tag":[],"class_list":{"0":"post-151024","1":"product","2":"type-product","3":"status-publish","4":"has-post-thumbnail","6":"product_cat-seebid","7":"product_shipping_class-s","9":"first","10":"outofstock","11":"taxable","12":"shipping-taxable","13":"purchasable","14":"product-type-simple"},"_links":{"self":[{"href":"https:\/\/minervashop.eu\/en\/wp-json\/wp\/v2\/product\/151024","targetHints":{"allow":["GET"]}}],"collection":[{"href":"https:\/\/minervashop.eu\/en\/wp-json\/wp\/v2\/product"}],"about":[{"href":"https:\/\/minervashop.eu\/en\/wp-json\/wp\/v2\/types\/product"}],"wp:featuredmedia":[{"embeddable":true,"href":"https:\/\/minervashop.eu\/en\/wp-json\/wp\/v2\/media\/151025"}],"wp:attachment":[{"href":"https:\/\/minervashop.eu\/en\/wp-json\/wp\/v2\/media?parent=151024"}],"wp:term":[{"taxonomy":"product_brand","embeddable":true,"href":"https:\/\/minervashop.eu\/en\/wp-json\/wp\/v2\/product_brand?post=151024"},{"taxonomy":"product_cat","embeddable":true,"href":"https:\/\/minervashop.eu\/en\/wp-json\/wp\/v2\/product_cat?post=151024"},{"taxonomy":"product_tag","embeddable":true,"href":"https:\/\/minervashop.eu\/en\/wp-json\/wp\/v2\/product_tag?post=151024"}],"curies":[{"name":"wp","href":"https:\/\/api.w.org\/{rel}","templated":true}]}}