{"id":151090,"date":"2025-08-22T11:16:51","date_gmt":"2025-08-22T11:16:51","guid":{"rendered":"https:\/\/minervashop.eu\/?post_type=product&#038;p=151090"},"modified":"2025-09-25T13:54:11","modified_gmt":"2025-09-25T13:54:11","slug":"punaste-moonidega-must-pluus","status":"publish","type":"product","link":"https:\/\/minervashop.eu\/en\/toode\/punaste-moonidega-must-pluus\/","title":{"rendered":"Punaste moonidega must pluus"},"content":{"rendered":"","protected":false},"excerpt":{"rendered":"<p>suurus 38\/40<\/p>\n<p>95% pol\u00fcester 5% elastaan, tr\u00fckitud pilt<\/p>\n<p>seotav n\u00f6\u00f6r \u00fcmber kaela lisab elegantsi<\/p>\n<p>\u00f5lad 41 cm rind 46 cm varruka pikkus 65 cm<\/p>\n","protected":false},"featured_media":151095,"template":"","meta":[],"product_brand":[],"product_cat":[702],"product_tag":[],"class_list":{"0":"post-151090","1":"product","2":"type-product","3":"status-publish","4":"has-post-thumbnail","6":"product_cat-pluusid-ja-topid","7":"product_shipping_class-xs","9":"first","10":"instock","11":"taxable","12":"shipping-taxable","13":"purchasable","14":"product-type-simple"},"_links":{"self":[{"href":"https:\/\/minervashop.eu\/en\/wp-json\/wp\/v2\/product\/151090","targetHints":{"allow":["GET"]}}],"collection":[{"href":"https:\/\/minervashop.eu\/en\/wp-json\/wp\/v2\/product"}],"about":[{"href":"https:\/\/minervashop.eu\/en\/wp-json\/wp\/v2\/types\/product"}],"wp:featuredmedia":[{"embeddable":true,"href":"https:\/\/minervashop.eu\/en\/wp-json\/wp\/v2\/media\/151095"}],"wp:attachment":[{"href":"https:\/\/minervashop.eu\/en\/wp-json\/wp\/v2\/media?parent=151090"}],"wp:term":[{"taxonomy":"product_brand","embeddable":true,"href":"https:\/\/minervashop.eu\/en\/wp-json\/wp\/v2\/product_brand?post=151090"},{"taxonomy":"product_cat","embeddable":true,"href":"https:\/\/minervashop.eu\/en\/wp-json\/wp\/v2\/product_cat?post=151090"},{"taxonomy":"product_tag","embeddable":true,"href":"https:\/\/minervashop.eu\/en\/wp-json\/wp\/v2\/product_tag?post=151090"}],"curies":[{"name":"wp","href":"https:\/\/api.w.org\/{rel}","templated":true}]}}