{"id":151098,"date":"2025-08-22T11:25:04","date_gmt":"2025-08-22T11:25:04","guid":{"rendered":"https:\/\/minervashop.eu\/?post_type=product&#038;p=151098"},"modified":"2025-09-25T14:00:37","modified_gmt":"2025-09-25T14:00:37","slug":"beez-haldjaga-kleit","status":"publish","type":"product","link":"https:\/\/minervashop.eu\/en\/toode\/beez-haldjaga-kleit\/","title":{"rendered":"Bee\u017e haldjaga kleit"},"content":{"rendered":"","protected":false},"excerpt":{"rendered":"<p>75% pol\u00fcester 14% linane 11% puuvill<\/p>\n<p>tr\u00fckitud pilt<\/p>\n<p>suurus S<\/p>\n<p>toote m\u00f5\u00f5dud &#8211; \u00f5lad 37 cm laius 50 cm varruka pikkus 41 cm kogu pikkus 82 cm<\/p>\n","protected":false},"featured_media":151103,"template":"","meta":[],"product_brand":[],"product_cat":[262,708,702,632],"product_tag":[],"class_list":{"0":"post-151098","1":"product","2":"type-product","3":"status-publish","4":"has-post-thumbnail","6":"product_cat-artha","7":"product_cat-kleidid-ja-tuunikad","8":"product_cat-pluusid-ja-topid","9":"product_cat-haldjad-2","10":"product_shipping_class-xs","12":"first","13":"instock","14":"taxable","15":"shipping-taxable","16":"purchasable","17":"product-type-simple"},"_links":{"self":[{"href":"https:\/\/minervashop.eu\/en\/wp-json\/wp\/v2\/product\/151098","targetHints":{"allow":["GET"]}}],"collection":[{"href":"https:\/\/minervashop.eu\/en\/wp-json\/wp\/v2\/product"}],"about":[{"href":"https:\/\/minervashop.eu\/en\/wp-json\/wp\/v2\/types\/product"}],"wp:featuredmedia":[{"embeddable":true,"href":"https:\/\/minervashop.eu\/en\/wp-json\/wp\/v2\/media\/151103"}],"wp:attachment":[{"href":"https:\/\/minervashop.eu\/en\/wp-json\/wp\/v2\/media?parent=151098"}],"wp:term":[{"taxonomy":"product_brand","embeddable":true,"href":"https:\/\/minervashop.eu\/en\/wp-json\/wp\/v2\/product_brand?post=151098"},{"taxonomy":"product_cat","embeddable":true,"href":"https:\/\/minervashop.eu\/en\/wp-json\/wp\/v2\/product_cat?post=151098"},{"taxonomy":"product_tag","embeddable":true,"href":"https:\/\/minervashop.eu\/en\/wp-json\/wp\/v2\/product_tag?post=151098"}],"curies":[{"name":"wp","href":"https:\/\/api.w.org\/{rel}","templated":true}]}}