{"id":151133,"date":"2025-08-23T07:22:48","date_gmt":"2025-08-23T07:22:48","guid":{"rendered":"https:\/\/minervashop.eu\/?post_type=product&#038;p=151133"},"modified":"2026-03-06T12:17:49","modified_gmt":"2026-03-06T12:17:49","slug":"musta-kassiga-korvarongad","status":"publish","type":"product","link":"https:\/\/minervashop.eu\/en\/toode\/musta-kassiga-korvarongad\/","title":{"rendered":"Musta kassiga k\u00f5rvar\u00f5ngad"},"content":{"rendered":"<p align=\"justify\"><strong>Kass \u2013 s\u00f5ltumatu, uudishimulik, t\u00e4helepanelik. Kassidele meeldib teha inimestega koost\u00f6\u00f6d, kaitsta n\u00e4riliste eest, pakkuda \u00f5rnust, vastu saades aga ohutust, soojust, toitu ja p\u00fchendumust. Kodukassidel on siiski ka m\u00f5ned oma metsikute sugulaste omadused. Nad v\u00f5ivad magusalt uneleda, kuid \u00e4kitselt, kuuldes v\u00e4ikseimatki tuulehoogu v\u00f5i vaevu m\u00e4rgatavat liikumist, ilmnevad neis leopardi, jaaguari v\u00f5i m\u00f5ne teise suure kaslasest kiskja omadused. Nad suudavad enda eest ise hoolt kanda ja jahti pidada. V\u00e4\u00e4rikas rahulikkus, eraldatud uhkus ja eriline graatsia on iidsetest aegadest inimesi paelunud. Kassid on tuntud paindlikkuse ja kiire kohanemisv\u00f5ime poolest. Arvatakse, et kassid maanduvad alati neljale k\u00e4pale, kukkudes mistahes k\u00f5rguselt. Tehniliselt see aga 100% nii ei ole. Kassidel on taastav refleks, mis laseb neil oma keha \u00f5hus \u00fcmber p\u00f6\u00f6rata ja maanduda k\u00e4ppadele, v\u00f5ime graatsiliselt laskuda maapinnale turvaliselt ja kindlalt. Siit on inimesel m\u00f5ndagi \u00f5ppida, olgu kukkumine f\u00fc\u00fcsiline v\u00f5i emotsionaalne. Kassid ei saa ignoreerida kummalist heli, auku maapinnas, k\u00f5rget oksa v\u00f5i astangut. Inimesel tuleks ka \u00f5ppida kassidelt uudishimu, mis viiks meid v\u00f5imatute loominguliste puhanguteni, annaks inspiratsiooni ja motivatsiooni katkematuteks \u00f5pinguteks. Kassi uudishimu v\u00f5ib kombineerida tasakaalu ja ettevaatlikkuse tunnetusega, et mitte sattuda soovimatusse ohtu. Kassid nagu hoiaksid endas suurt ja erilist saladust. Nende libistavad liigutused ja keskendunud valvas pilk ning teravad instinktid on kujutatud ka m\u00fc\u00fctides ja legendides. Iidse Egiptuse ilu ja armastuse jumalanna on Bastet, must kass. Maagiliste kasside v\u00e4\u00e4rtuslikkus seisneb selles, et meie koosolemisel nendega tundub k\u00f5ik olevat v\u00f5imalik \u2013 kassid ise k\u00e4tkevad endis midagi imelist.<\/strong><\/p>\n","protected":false},"excerpt":{"rendered":"<p>metallisulam<\/p>\n<p>eesmine osa 8 x15mm<\/p>\n","protected":false},"featured_media":151144,"template":"","meta":[],"product_brand":[],"product_cat":[171,168,621],"product_tag":[],"class_list":{"0":"post-151133","1":"product","2":"type-product","3":"status-publish","4":"has-post-thumbnail","6":"product_cat-ceridwen","7":"product_cat-muust-materjalist-korvarongad","8":"product_cat-kaslased-ja-rebased","9":"product_shipping_class-xs","11":"first","12":"outofstock","13":"taxable","14":"shipping-taxable","15":"purchasable","16":"product-type-simple"},"_links":{"self":[{"href":"https:\/\/minervashop.eu\/en\/wp-json\/wp\/v2\/product\/151133","targetHints":{"allow":["GET"]}}],"collection":[{"href":"https:\/\/minervashop.eu\/en\/wp-json\/wp\/v2\/product"}],"about":[{"href":"https:\/\/minervashop.eu\/en\/wp-json\/wp\/v2\/types\/product"}],"wp:featuredmedia":[{"embeddable":true,"href":"https:\/\/minervashop.eu\/en\/wp-json\/wp\/v2\/media\/151144"}],"wp:attachment":[{"href":"https:\/\/minervashop.eu\/en\/wp-json\/wp\/v2\/media?parent=151133"}],"wp:term":[{"taxonomy":"product_brand","embeddable":true,"href":"https:\/\/minervashop.eu\/en\/wp-json\/wp\/v2\/product_brand?post=151133"},{"taxonomy":"product_cat","embeddable":true,"href":"https:\/\/minervashop.eu\/en\/wp-json\/wp\/v2\/product_cat?post=151133"},{"taxonomy":"product_tag","embeddable":true,"href":"https:\/\/minervashop.eu\/en\/wp-json\/wp\/v2\/product_tag?post=151133"}],"curies":[{"name":"wp","href":"https:\/\/api.w.org\/{rel}","templated":true}]}}