{"id":151240,"date":"2025-08-25T08:02:08","date_gmt":"2025-08-25T08:02:08","guid":{"rendered":"https:\/\/minervashop.eu\/?post_type=product&#038;p=151240"},"modified":"2025-10-07T09:46:05","modified_gmt":"2025-10-07T09:46:05","slug":"sinise-safiiriga-kuldne-sormus-suurus-17","status":"publish","type":"product","link":"https:\/\/minervashop.eu\/en\/toode\/sinise-safiiriga-kuldne-sormus-suurus-17\/","title":{"rendered":"Sinise safiiriga kuldne s\u00f5rmus suurus 17"},"content":{"rendered":"<p class=\"western\" align=\"justify\"><b>Sinine safiir <\/b> s\u00fcmboliseerib taevasina ja taevaga seostuvat t\u00f5de, harmooniat, k\u00f5lbelist puhtust ja m\u00f5ttes\u00fcgavust. Tarkuse ja kuninglikkuse ning ennustamise ja jumaliku soosingu kivi. Vaimse t\u00f5e otsingu kivi, \u00fchendatakse armastuse ja puhtusega, h\u00f5lbustab enesev\u00e4ljendust ning oma t\u00f5e r\u00e4\u00e4kimist. Seostatakse p\u00fchade asjadega. Ajaloost k\u00fcllastunud ja osa peaaegu iga religiooni p\u00e4rimusest. Iidsel ja keskajal peeti jumaliku lootuse ja truuduse kiviks ning arvati toovat kaitset, head \u00f5nne ja spirituaalset kindlust. See oli j\u00f5u ja v\u00f5imu s\u00fcmbol, samuti headuse ja targa otsuse kivi. T\u00e4nap\u00e4eval peetakse seda ikka veel tarkuse, \u00f5ppimise, vaimse terasuse ja ps\u00fc\u00fchilise aktiivsuse \u2013 spirituaalse t\u00f5e otsimise kiviks. Peetakse kalliskivide kalliskiviks. Toob korda ja tervenemist meeltesse, andes j\u00f5udu ja fookust ning v\u00f5ime n\u00e4ha pinna alla seal oleva t\u00f5e leidmiseks ja kasutamiseks. Stimuleerib k\u00f5ri- ja kolmanda silma t\u0161akrat, aidates ligi p\u00e4\u00e4seda s\u00fcgavamatele teadvustasanditele, et aru saada iseendast. Seostatuna planeediga Saturn, h\u00f5lmab korda, struktuuri ja enesdistsipliini ning on ideaalne eesm\u00e4rkide teostamisel ja ideede ellurakendamisel. Muudab \u00fcmber negatiivset energiat ja m\u00f5tteid. Annab kandjale vaimset valgustatust ja sisemist rahu. V\u00f5imendab \u00fclemeelelisi v\u00f5imeid, nagu ps\u00fchhokinees, telepaatia, selgeltn\u00e4gemine ja astraalprojektsioon. KEHA: ravib kurku ja kilpn\u00e4\u00e4ret.<\/p>\n","protected":false},"excerpt":{"rendered":"<p>messing<\/p>\n<p>k\u00fclgedel sinine safiir<\/p>\n<p>max k\u00f5rgus 14 mm<\/p>\n","protected":false},"featured_media":151259,"template":"","meta":[],"product_brand":[],"product_cat":[160,40,254],"product_tag":[],"class_list":{"0":"post-151240","1":"product","2":"type-product","3":"status-publish","4":"has-post-thumbnail","6":"product_cat-kuldsed-sormused","7":"product_cat-naturaalse-kiviga-sormused","8":"product_cat-sinise-kiviga-sormused","9":"product_shipping_class-xs","11":"first","12":"instock","13":"taxable","14":"shipping-taxable","15":"purchasable","16":"product-type-simple"},"_links":{"self":[{"href":"https:\/\/minervashop.eu\/en\/wp-json\/wp\/v2\/product\/151240","targetHints":{"allow":["GET"]}}],"collection":[{"href":"https:\/\/minervashop.eu\/en\/wp-json\/wp\/v2\/product"}],"about":[{"href":"https:\/\/minervashop.eu\/en\/wp-json\/wp\/v2\/types\/product"}],"wp:featuredmedia":[{"embeddable":true,"href":"https:\/\/minervashop.eu\/en\/wp-json\/wp\/v2\/media\/151259"}],"wp:attachment":[{"href":"https:\/\/minervashop.eu\/en\/wp-json\/wp\/v2\/media?parent=151240"}],"wp:term":[{"taxonomy":"product_brand","embeddable":true,"href":"https:\/\/minervashop.eu\/en\/wp-json\/wp\/v2\/product_brand?post=151240"},{"taxonomy":"product_cat","embeddable":true,"href":"https:\/\/minervashop.eu\/en\/wp-json\/wp\/v2\/product_cat?post=151240"},{"taxonomy":"product_tag","embeddable":true,"href":"https:\/\/minervashop.eu\/en\/wp-json\/wp\/v2\/product_tag?post=151240"}],"curies":[{"name":"wp","href":"https:\/\/api.w.org\/{rel}","templated":true}]}}