{"id":151364,"date":"2025-08-29T12:52:53","date_gmt":"2025-08-29T12:52:53","guid":{"rendered":"https:\/\/minervashop.eu\/?post_type=product&#038;p=151364"},"modified":"2025-10-10T08:53:09","modified_gmt":"2025-10-10T08:53:09","slug":"blomdahl-medical-korvarongad-meditsiiniline-plastik-niklivaba-pearl-white-valge-parl-6mm","status":"publish","type":"product","link":"https:\/\/minervashop.eu\/en\/toode\/blomdahl-medical-korvarongad-meditsiiniline-plastik-niklivaba-pearl-white-valge-parl-6mm\/","title":{"rendered":"Blomdahl Medical k\u00f5rvar\u00f5ngad, meditsiiniline plastik, niklivaba, Pearl White valge p\u00e4rl 6mm"},"content":{"rendered":"<div id=\"row-498503493\" class=\"row\">\n<div id=\"col-216454466\" class=\"col small-12 large-12\">\n<div class=\"col-inner\">\n<div class=\"woocommerce-tabs wc-tabs-wrapper container tabbed-content\">\n<div class=\"tab-panels\">\n<div id=\"tab-description\" class=\"woocommerce-Tabs-panel woocommerce-Tabs-panel--description panel entry-content active\" role=\"tabpanel\" aria-labelledby=\"tab-title-description\">\n<p><strong>Materjalideks on meditsiiniline plastik (haavaniit) Blomdahl omab meditsiiniseadmete tootmise ISO 13485 sertifikaati. Need ehted on siis m\u00f5eldud kandmiseks, kui k\u00f5rvar\u00f5ngaaugud on juba olemas, mitte augustamiseks. Meditsiinilisest plastikust (haavaniit) ehted on t\u00e4ielikult niklivabad. Need on maailmas ainsad k\u00f5rvar\u00f5ngad, milles on\u00a0 0% niklit. Need k\u00f5rvar\u00f5ngad on ka lateksivabad. Ei tohi unustada, et k\u00f5ik metallid sisaldavad niklit- ka kuld ja h\u00f5be. Blomdahli ehted sobivad eelk\u00f5ige just inimestele, kes kannatavad nikliallergia all v\u00f5i on tundliku nahaga.\u00a0Suur valik k\u00f5rvar\u00f5ngaid on m\u00f5eldud just lastele, et neil ei oleks v\u00f5imalik saada nikliallergiat, mis on k\u00f5ige levinum kontaktallergia t\u00e4nap\u00e4eval.<\/strong><\/p>\n<\/div>\n<\/div>\n<\/div>\n<\/div>\n<\/div>\n<\/div>\n","protected":false},"excerpt":{"rendered":"<p><strong>Blomdahli ehted sobivad eelk\u00f5ige just inimestele, kes kannatavad nikliallergia all v\u00f5i on tundliku nahaga. Suur valik k\u00f5rvar\u00f5ngaid on m\u00f5eldud just lastele, et neil ei oleks v\u00f5imalik saada nikliallergiat, mis on k\u00f5ige levinum kontaktallergia t\u00e4nap\u00e4eval.\u00a0<\/strong><strong>Ehetes on kasutatud ainult k\u00f5rgeima kvaliteediga Swarovski kristalle.<\/strong><\/p>\n<p><strong>\u00a0Blomdahli nahas\u00f5bralikud ehted on pakitud nn. Clean Pack karbikesse, mis hoiavad ehted h\u00fcgieenilisena kuni pakend avatakse. Pakendi etikett toimib pitsatina, mis garanteerib selle, et klient on esimene, kes puutub oma uute ehetega esimesena kokku.<\/strong><\/p>\n<p>Tagused meditsiinilisest plastikust, v\u00f5imalik reguleerida nelja erinevasse asendisse.<\/p>\n","protected":false},"featured_media":151365,"template":"","meta":[],"product_brand":[],"product_cat":[261,508,549],"product_tag":[],"class_list":{"0":"post-151364","1":"product","2":"type-product","3":"status-publish","4":"has-post-thumbnail","6":"product_cat-brigitta","7":"product_cat-blomdahl-korvarongad","8":"product_cat-parliga-ja-merekarbiga-korvarongad","9":"product_shipping_class-xs","11":"first","12":"instock","13":"taxable","14":"shipping-taxable","15":"purchasable","16":"product-type-simple"},"_links":{"self":[{"href":"https:\/\/minervashop.eu\/en\/wp-json\/wp\/v2\/product\/151364","targetHints":{"allow":["GET"]}}],"collection":[{"href":"https:\/\/minervashop.eu\/en\/wp-json\/wp\/v2\/product"}],"about":[{"href":"https:\/\/minervashop.eu\/en\/wp-json\/wp\/v2\/types\/product"}],"wp:featuredmedia":[{"embeddable":true,"href":"https:\/\/minervashop.eu\/en\/wp-json\/wp\/v2\/media\/151365"}],"wp:attachment":[{"href":"https:\/\/minervashop.eu\/en\/wp-json\/wp\/v2\/media?parent=151364"}],"wp:term":[{"taxonomy":"product_brand","embeddable":true,"href":"https:\/\/minervashop.eu\/en\/wp-json\/wp\/v2\/product_brand?post=151364"},{"taxonomy":"product_cat","embeddable":true,"href":"https:\/\/minervashop.eu\/en\/wp-json\/wp\/v2\/product_cat?post=151364"},{"taxonomy":"product_tag","embeddable":true,"href":"https:\/\/minervashop.eu\/en\/wp-json\/wp\/v2\/product_tag?post=151364"}],"curies":[{"name":"wp","href":"https:\/\/api.w.org\/{rel}","templated":true}]}}