{"id":151483,"date":"2025-09-03T14:32:03","date_gmt":"2025-09-03T14:32:03","guid":{"rendered":"https:\/\/minervashop.eu\/?post_type=product&#038;p=151483"},"modified":"2026-03-28T10:20:24","modified_gmt":"2026-03-28T10:20:24","slug":"elulille-mustriga-aroomiga-teekuunal-tk","status":"publish","type":"product","link":"https:\/\/minervashop.eu\/en\/toode\/elulille-mustriga-aroomiga-teekuunal-tk\/","title":{"rendered":"Elulille mustriga Aroomiga teek\u00fc\u00fcnal tk."},"content":{"rendered":"<p>Paljudes maailma traditsioonides seostub k\u00fc\u00fcnla s\u00fc\u00fctamine p\u00fcha tegevusega, mis t\u00e4hendab rohkem kui s\u00f5nad v\u00f5ivad \u00f6elda. See on k\u00f5ik t\u00e4nulikkusest. M\u00e4lestuseks on inimesed s\u00fc\u00fcdanud k\u00fc\u00fcnlaid p\u00fchades paikades. V\u00f5ib-olla sulle meeldib alustada v\u00f5i l\u00f5petada oma p\u00e4eva selle lihtsa rituaaliga &#8211; k\u00fc\u00fcnla s\u00fc\u00fctamine on t\u00e4helepanu endale ja teistele.<\/p>\n<p><strong>k\u00e4sitsi valmistatud ausa kaubanduse tavasid arvestades Indoneesias <\/strong>WFTO sertifikaadiga.<\/p>\n<p>Tootmine on peamiselt k\u00e4sitsi, pakkudes sel moel v\u00f5imalikult paljudele inimestele t\u00f6\u00f6d. Pakendatud keskkonnas\u00f5bralikult.<\/p>\n<p><em>\u00c4ra pane k\u00fc\u00fcnalt tuulet\u00f5mbe k\u00e4tte, sest see l\u00fchendab p\u00f5lemise aega. L\u00f5ika n\u00f6\u00f6r ca 1 cm pikkuseks, et v\u00e4ltida k\u00fc\u00fcnla liiga kiiret \u00e4rap\u00f5lemist. Aseta tulekindlale alusele. \u00c4ra j\u00e4ta p\u00f5levat k\u00fc\u00fcnalt valveta. Hoia eemale lastest ja lemmikloomadest.<\/em><\/p>\n<p><em> NB! see k\u00fc\u00fcnal ei sobi kasutamiseks aroomilambis!<br \/>\n100% taimsest palmi\/kookose vahast, mis on p\u00e4rit taastuvtootmisest. Valmistatud 80% steariinist (taastuv sertifitseeritud palmivaha) ja 20% kookosvahast. Toormaterjal on palmivaha.<\/em><\/p>\n<p align=\"justify\"><b>Elulille<\/b>\u00a0s\u00fcmbolit esineb kunstis, k\u00e4sikirjades ja templites l\u00e4bi kultuuride \u00fcle maailma.\u00a0 Elulill on \u00fcmbritsetud m\u00fcstikaga ja usutakse, et temas on k\u00f5ige elava baasinformatsioon. See on v\u00e4ga v\u00f5imas s\u00fcmbol, mis aitab avada teadmatuse ja tunda end valgustununa. Elulill on \u00fcks v\u00f5imsamaid s\u00fcmboleid looduses. Ta esineb p\u00fchas geomeetrias. See on iidne metafoor \u00fchendumise kohta eluga Universumis. Selle t\u00e4hendus on tuntud paljudes kultuurides.<a name=\"orgoniit\"><\/a><\/p>\n","protected":false},"excerpt":{"rendered":"<div class=\"product-short-description\">\n<div class=\"product-short-description\">\n<h3><strong>vaata lisaks\u00a0<a href=\"https:\/\/minervashop.eu\/uudised\/ruumide-lohnastamine\/\">siit<\/a><\/strong><\/h3>\n<p>Ausa kaubanduse toodang on valmistatud taastuvast steariinist. K\u00fc\u00fcnlad loovad l\u00f5\u00f5gastava atmosf\u00e4\u00e4ri.\u00a0 P\u00f5lemisaeg 5 tundi, mille jooksul saad tunnetada rahulikku k\u00fc\u00fcnlavalgust, nautides oma lemmikl\u00f5hna. P\u00f5lemise aeg 5 tundi<\/p>\n<div class=\"product-short-description\">\n<div class=\"product-short-description\">\n<div class=\"product-short-description\">\n<p><strong>vaata lisa\u00a0<a href=\"https:\/\/rnojomku.sendsmaily.net\/templates\/acafb176-ee1f-4e4a-bba3-5c57e9a8e0e3\/html\/\">siit<\/a><\/strong><\/p>\n<\/div>\n<\/div>\n<\/div>\n<\/div>\n<\/div>\n","protected":false},"featured_media":151484,"template":"","meta":[],"product_brand":[],"product_cat":[232,261,260,263],"product_tag":[],"class_list":{"0":"post-151483","1":"product","2":"type-product","3":"status-publish","4":"has-post-thumbnail","6":"product_cat-aroomikuunlad","7":"product_cat-brigitta","8":"product_cat-danu","9":"product_cat-rhiannon","10":"product_shipping_class-xs","12":"first","13":"instock","14":"taxable","15":"shipping-taxable","16":"purchasable","17":"product-type-variable"},"_links":{"self":[{"href":"https:\/\/minervashop.eu\/en\/wp-json\/wp\/v2\/product\/151483","targetHints":{"allow":["GET"]}}],"collection":[{"href":"https:\/\/minervashop.eu\/en\/wp-json\/wp\/v2\/product"}],"about":[{"href":"https:\/\/minervashop.eu\/en\/wp-json\/wp\/v2\/types\/product"}],"wp:featuredmedia":[{"embeddable":true,"href":"https:\/\/minervashop.eu\/en\/wp-json\/wp\/v2\/media\/151484"}],"wp:attachment":[{"href":"https:\/\/minervashop.eu\/en\/wp-json\/wp\/v2\/media?parent=151483"}],"wp:term":[{"taxonomy":"product_brand","embeddable":true,"href":"https:\/\/minervashop.eu\/en\/wp-json\/wp\/v2\/product_brand?post=151483"},{"taxonomy":"product_cat","embeddable":true,"href":"https:\/\/minervashop.eu\/en\/wp-json\/wp\/v2\/product_cat?post=151483"},{"taxonomy":"product_tag","embeddable":true,"href":"https:\/\/minervashop.eu\/en\/wp-json\/wp\/v2\/product_tag?post=151483"}],"curies":[{"name":"wp","href":"https:\/\/api.w.org\/{rel}","templated":true}]}}