{"id":151517,"date":"2025-09-04T08:23:57","date_gmt":"2025-09-04T08:23:57","guid":{"rendered":"https:\/\/minervashop.eu\/?post_type=product&#038;p=151517"},"modified":"2026-03-13T14:03:45","modified_gmt":"2026-03-13T14:03:45","slug":"viiruki-koonuse-alus-umar","status":"publish","type":"product","link":"https:\/\/minervashop.eu\/en\/toode\/viiruki-koonuse-alus-umar\/","title":{"rendered":"Viiruki-koonuse alus, \u00fcmar"},"content":{"rendered":"<p align=\"justify\"><b>Elulille<\/b>\u00a0s\u00fcmbolit esineb kunstis, k\u00e4sikirjades ja templites l\u00e4bi kultuuride \u00fcle maailma.\u00a0 Elulill on \u00fcmbritsetud m\u00fcstikaga ja usutakse, et temas on k\u00f5ige elava baasinformatsioon. See on v\u00e4ga v\u00f5imas s\u00fcmbol, mis aitab avada teadmatuse ja tunda end valgustununa. Elulill on \u00fcks v\u00f5imsamaid s\u00fcmboleid looduses. Ta esineb p\u00fchas geomeetrias. See on iidne metafoor \u00fchendumise kohta eluga Universumis. Selle t\u00e4hendus on tuntud paljudes kultuurides.<a name=\"orgoniit\"><\/a><\/p>\n<div class=\"term-description\">\n<div class=\"product-short-description\">\n<h4 align=\"JUSTIFY\"><strong>Lootos \u2013 iidne puhtuse ja jumaliku armastuse s\u00fcmbol. Ebav\u00f5rdsuse \u00fcletamise ja raskete aegadega toimetuleku, aga ka vaimu, hinge ja iseenda taass\u00fcnni s\u00fcmbol. Lootose\u00f5it peetakse inimese tarkuse ja vaimse virgumise kujutuseks. Avanemisootel lootosepung s\u00fcmboliseerib s\u00fcnnieelset hinge, mis v\u00f5ib puhkeda ja ennast jumalikule t\u00f5ele avada. Punane lootos on armastuse ja siiruse s\u00fcmbol. Sinine lootos s\u00fcmboliseerib p\u00fcha v\u00f5imu. Selle taime v\u00e4rskemaid osasid lisatakse armujoogile, omades narkootilist toimet. 8 kroonlehte t\u00e4hendavad ilmakaari. Joogas kasutatava t\u0161akras\u00fcsteemi s\u00fcmbol. Iga kroonleht on seotud t\u0161akra e. energiakeskusega, mis l\u00e4bivad n\u00e4htamatu spiraaline keha. Kaheksas kroonleht t\u00e4hendab kroont\u0161akra \u00fchinemist jumalikuga, mis on saavutatav ainult neile, kes on j\u00f5udnud virgumise \u00fclimale astmele. Nii, nagu lootose\u00f5is avaneb, areneb ka hing ja virgub spirituaalses v\u00f5i transtsedentses maailmas. Lootos on universaalne puhtuse ja valgustatuse s\u00fcmbol. Seda peetakse paljude feng shui meistrite poolt hea\u00f5nne lilleks, mis muudab halva \u00f5nne heaks ning t\u00f5stab r\u00f5\u00f5mu ja rahu tunnet.<\/strong><\/h4>\n<div class=\"product-short-description\">\n<div class=\"product-short-description\">\n<div class=\"product-short-description\">\n<h3><strong>vaata lisaks\u00a0<a href=\"https:\/\/minervashop.eu\/uudised\/ruumide-lohnastamine\/\">siit<\/a><\/strong><\/h3>\n<\/div>\n<\/div>\n<\/div>\n<\/div>\n<\/div>\n","protected":false},"excerpt":{"rendered":"<p>10 cm<\/p>\n<p>India jalakas papri puit<\/p>\n<p>alus erineva suurusega pirdudele ja koonustele<\/p>\n<div class=\"product-short-description\">\n<p><strong>vaata lisa\u00a0<a href=\"https:\/\/rnojomku.sendsmaily.net\/templates\/ecf3332f-9eed-4892-b19d-dca55d2a20fc\/html\/\">siit<\/a><\/strong><\/p>\n<\/div>\n","protected":false},"featured_media":151518,"template":"","meta":[],"product_brand":[],"product_cat":[397,42,741],"product_tag":[],"class_list":{"0":"post-151517","1":"product","2":"type-product","3":"status-publish","4":"has-post-thumbnail","6":"product_cat-lohnakoonused","7":"product_cat-viirukialused","8":"product_cat-lootos","9":"product_shipping_class-xs","11":"first","12":"instock","13":"taxable","14":"shipping-taxable","15":"purchasable","16":"product-type-variable"},"_links":{"self":[{"href":"https:\/\/minervashop.eu\/en\/wp-json\/wp\/v2\/product\/151517","targetHints":{"allow":["GET"]}}],"collection":[{"href":"https:\/\/minervashop.eu\/en\/wp-json\/wp\/v2\/product"}],"about":[{"href":"https:\/\/minervashop.eu\/en\/wp-json\/wp\/v2\/types\/product"}],"wp:featuredmedia":[{"embeddable":true,"href":"https:\/\/minervashop.eu\/en\/wp-json\/wp\/v2\/media\/151518"}],"wp:attachment":[{"href":"https:\/\/minervashop.eu\/en\/wp-json\/wp\/v2\/media?parent=151517"}],"wp:term":[{"taxonomy":"product_brand","embeddable":true,"href":"https:\/\/minervashop.eu\/en\/wp-json\/wp\/v2\/product_brand?post=151517"},{"taxonomy":"product_cat","embeddable":true,"href":"https:\/\/minervashop.eu\/en\/wp-json\/wp\/v2\/product_cat?post=151517"},{"taxonomy":"product_tag","embeddable":true,"href":"https:\/\/minervashop.eu\/en\/wp-json\/wp\/v2\/product_tag?post=151517"}],"curies":[{"name":"wp","href":"https:\/\/api.w.org\/{rel}","templated":true}]}}