{"id":151525,"date":"2025-09-04T08:37:41","date_gmt":"2025-09-04T08:37:41","guid":{"rendered":"https:\/\/minervashop.eu\/?post_type=product&#038;p=151525"},"modified":"2026-02-20T10:44:20","modified_gmt":"2026-02-20T10:44:20","slug":"naturaalse-kristalliga-pastakas","status":"publish","type":"product","link":"https:\/\/minervashop.eu\/en\/toode\/naturaalse-kristalliga-pastakas\/","title":{"rendered":"Naturaalse kristalliga pastakas"},"content":{"rendered":"<p class=\"western\" align=\"justify\"><b>P\u00dcRIIT<\/b>&#8211; (metalne l\u00e4ige) tulekivi v\u00f5i narrikuld; enese tunnustamine, toob v\u00e4lja saladused ja allasurutud m\u00e4lestused; annab eluj\u00f5udu; tugevdab tahet; muudab avatuks, otsekoheseks ja ausaks; v\u00e4hendab kindlate olukordade ja haiguste p\u00f5hjusi. Leevendab \u00e4revust, nurjumistunnet ja depressiooni. Kaitseb negatiivse energia eest. Stimuleerides aju v\u00e4hendab n\u00e4rvilisust ja v\u00e4simust. Ideaalne kivi uuteks ideedeks, projektideks ja finantsotsusteks, aidates vastu v\u00f5tta kindlaid otsuseid ja tegutseda kiiresti. Naistel aitab v\u00e4hendada ebakindlust ja hirme, meestele annab j\u00f5udu ning arendab liidri omadusi. Sobib \u00f5pilastele, kellel on raskusi \u00f5ppimisega. Aitab arendada m\u00e4lu ja meeles pidada \u00f5ppematerjali. KEHA: reguleerib seedes\u00fcsteemi &#8211; stimuleerib maksa, soolestikku, m\u00fcrkide kahjutustamist ja v\u00e4ljutamist; ergutab vereringet. Vabastab kehast m\u00fcrke, kaitstes organismi saastumise ja negatiivse energia eest. Sisaldab rauda ja v\u00e4\u00e4vlit. Raud on oluline vere koostisosa, ilma milleta ei suuda rakud hapnikku omastada. V\u00e4\u00e4vel kuulub aminohapete ja proteiinide koostisse.<\/p>\n<p class=\"western\" align=\"justify\"><b>ROOSA KVARTS<\/b> on pere ja kodu kaitseks, lisab enesekindlust ning vabastab s\u00fcdamevalust. Seotud emotsionaalsuse ja armastusega. Tasakaalustab tundeelu ja eemaldab stressi. Roosa kvartsi vesi on imehea lastele. Viib armastavasse seisundisse, tuletades meelde, et meid armastatakse. Hingehaavade ravitseja. \u00d5rnuse, tundlikkuse, soojuse ja s\u00f5pruse kivi. Aitab kurbuse, stressi ja pingete korral. Hea \u201eunekivi\u201c, kaitstes \u00f6iste ko\u0161maaride eest. Aitab v\u00f5idelda pimeduse-kartusega. Efektiivne kriisisituatsioonis. Suurendab empaatiat, aitab leppida muutustega. Leevendab s\u00fcdamevalu, p\u00e4\u00e4stab kurbusest, hirmust ja kurjusest, mis segavad vastu v\u00f5tta armastust. Sobib k\u00f5igile, kes ei ole j\u00f5udnud kohaneda eluga aga ole kogenud armastust. Ka neile, kellele lapsep\u00f5lves pole j\u00e4tkunud hellust ja hoolitsust. Kui suudame armastada endid, siis suudame ka armastada \u00fcmbritsevat. Ravitseb emotsionaalseid haavu ja valu, alustades kibestumuse taandamisega. Avab s\u00fcdame ilule meie sees ja \u00fcmber. Seotud s\u00f5pruse, armuloitsude, hingelise tasakaalu, \u00fcksildusest vabanemise, edukate kohtuasjade ja iseennast armastama \u00f5ppimisega. Kui amet\u00fcst on vaimule, siis roosa kvarts on s\u00fcdamele. Ta annab enesearmastust, enese heakskiitu ja enda isiklikku kasulikolemise tunnet. Suurendab igasugust armastust: enda vastu, emaarmastust, hoolimist, headust, platoonilist ja romantilist armastust. Headus: avama s\u00fcdame ja julgustama \u00f5rnusele ja rahule. \u00d5petab andestamist ja tolerantsi. Veetlus: kiirgama tingimusteta armastust ja hellust. Aitab tuua positiivset ja \u00f5rna armastust meie ellu. MAAGIA: Kui surnud s\u00f5ber v\u00f5i sugulane ei lase teil rahulikult elada, kandke kaelas roosat kvartsi. See aitab teil vabaneda s\u00fc\u00fctundest. Argadele ja h\u00e4belikele inimestele m\u00f5juvat obsidiaani reaalsuse tugevalt l\u00f5ikavat toimet aitab pehmendada aventuriin, roosa kvarts ja kr\u00fcsokolla. VAIM: tundlikkus; aitab seksuaalraskuste puhul, valgustab selgelt isiklikke vajadusi ja ootusi. KEHA: harmoniseerib s\u00fcdame t\u00f6\u00f6d, tugevdab seksuaalorganeid ja viljakust. MAAGIA: Peret\u00fclide korral pane eluruumi k\u00e4idavamatesse kohtadesse roosa kvarts, mis muudab negatiivse energia positiivseks. P\u00e4rast traumaatilist s\u00fcndmust, nt. lahkuminekut v\u00f5i f\u00fc\u00fcsilist r\u00fcnnakut, pane tassi teed tehes sinna sisse t\u00fckike roosat kvartsi, mis aitab l\u00f5\u00f5gastuda ja halba unustada. <b>T\u00e4htkuju<\/b>: <b> V\u00e4hk, Kaljukits, S\u00f5nn, Kaalud, Veevalaja<\/b><\/p>\n","protected":false},"excerpt":{"rendered":"<div class=\"product-short-description\">\n<div class=\"product-short-description\">\n<h4><strong>vaata lisaks\u00a0<a href=\"https:\/\/minervashop.eu\/uudised\/naturaalsete-kivide-vagi\/\">siit<\/a><\/strong><\/h4>\n<p>naturaalse toorkiviga pastakas<\/p>\n<\/div>\n<\/div>\n<div class=\"add-to-cart-container form-normal is-normal\"><\/div>\n","protected":false},"featured_media":151526,"template":"","meta":[],"product_brand":[],"product_cat":[262,266,261,171,265,263,499,53],"product_tag":[],"class_list":{"0":"post-151525","1":"product","2":"type-product","3":"status-publish","4":"has-post-thumbnail","6":"product_cat-artha","7":"product_cat-banbha","8":"product_cat-brigitta","9":"product_cat-ceridwen","10":"product_cat-ker","11":"product_cat-rhiannon","12":"product_cat-kirjutusvahendid","13":"product_cat-toorkivid","14":"product_shipping_class-xs","16":"first","17":"instock","18":"taxable","19":"shipping-taxable","20":"purchasable","21":"product-type-variable"},"_links":{"self":[{"href":"https:\/\/minervashop.eu\/en\/wp-json\/wp\/v2\/product\/151525","targetHints":{"allow":["GET"]}}],"collection":[{"href":"https:\/\/minervashop.eu\/en\/wp-json\/wp\/v2\/product"}],"about":[{"href":"https:\/\/minervashop.eu\/en\/wp-json\/wp\/v2\/types\/product"}],"wp:featuredmedia":[{"embeddable":true,"href":"https:\/\/minervashop.eu\/en\/wp-json\/wp\/v2\/media\/151526"}],"wp:attachment":[{"href":"https:\/\/minervashop.eu\/en\/wp-json\/wp\/v2\/media?parent=151525"}],"wp:term":[{"taxonomy":"product_brand","embeddable":true,"href":"https:\/\/minervashop.eu\/en\/wp-json\/wp\/v2\/product_brand?post=151525"},{"taxonomy":"product_cat","embeddable":true,"href":"https:\/\/minervashop.eu\/en\/wp-json\/wp\/v2\/product_cat?post=151525"},{"taxonomy":"product_tag","embeddable":true,"href":"https:\/\/minervashop.eu\/en\/wp-json\/wp\/v2\/product_tag?post=151525"}],"curies":[{"name":"wp","href":"https:\/\/api.w.org\/{rel}","templated":true}]}}