{"id":151588,"date":"2025-09-04T09:05:57","date_gmt":"2025-09-04T09:05:57","guid":{"rendered":"https:\/\/minervashop.eu\/?post_type=product&#038;p=151588"},"modified":"2026-02-24T12:28:01","modified_gmt":"2026-02-24T12:28:01","slug":"najel-skin-hair-care-castor-oil-organic-80ml","status":"publish","type":"product","link":"https:\/\/minervashop.eu\/en\/toode\/najel-skin-hair-care-castor-oil-organic-80ml\/","title":{"rendered":"Najel skin &#038; hair care castor oil organic 80ml"},"content":{"rendered":"<p>kasutamine<\/p>\n<p><strong>juustele:<\/strong> et parandada juuste kasvu ja tugevdada neid, kasuta juuste maskina. Masseeri \u00f5li peanahasse ja lase seista m\u00f5nda aega ning seej\u00e4rel pese \u0161ampooniga.<br \/>\n<strong>k\u00e4tele: <\/strong>kasuta igap\u00e4evaselt kuivadele kestendavatele k\u00e4tele, n\u00e4iteks k\u00fclma t\u00f5ttu. Samuti stimuleerib \u00f5li vereringet, et v\u00e4ltida talvel k\u00fclmetamist.<br \/>\n<strong>k\u00fc\u00fcned: <\/strong>kanna pintsliga k\u00fc\u00fcntele ja hoia 10 minutit v\u00f5i masseeri k\u00fc\u00fcntesse, kuni k\u00f5ik on imendunud.<br \/>\n<strong>ripsmed: <\/strong>\u00a0p\u00e4rast meigi eemaldamist kanna puhta harjaga ripsmetele ja j\u00e4ta \u00f6\u00f6seks.<\/p>\n<p>100% naturaalne &amp; sertifitseeritud orgaaniline toode COSMOS-ECOCERTi poolt<br \/>\nstruktuur: katsudes \u00f5line, v\u00e4ga viskoosne<br \/>\nv\u00e4rvitu<br \/>\ntundlikule nahale, vananemis plekkidele, kahjustunud nahale<br \/>\njuuste t\u00fc\u00fcp: kuiv, elutu, haprad juuksed, katkenud, rabedale juuksele, soodustab juuste kasvu<br \/>\npakendatud tumepruuni pumbata pudelisse, et kaitsta p\u00e4ikesevalguse eest.<\/p>\n<p><b>koostis<\/b><\/p>\n<p>Ricinus communis (kastoor) seemne \u00f5li.*<br \/>\n*100% kogu koostisest on p\u00e4rit orgaanilisest kasvatusest<\/p>\n","protected":false},"excerpt":{"rendered":"<p>Najel orgaaniline kastoor \u00f5li on k\u00f5rge viskoossusega tugevdav \u00f5li, mis on tuntud oma juuste, ripsmete ja k\u00fc\u00fcnte kasvu stimuleeriva omaduse poolest. Sobib igale nahale. Toodetud eetilises kaubanduses ja orgaanilise toormega. See \u00f5li on valmistatud meistrite poolt P\u00f5hja-Indias. Saadud k\u00fclmpressi teel kastoori seemnetest, et s\u00e4ilitada k\u00f5ik selle kosmeetilised omadused.<\/p>\n","protected":false},"featured_media":151589,"template":"","meta":[],"product_brand":[],"product_cat":[228,512,438,433,230],"product_tag":[],"class_list":{"0":"post-151588","1":"product","2":"type-product","3":"status-publish","4":"has-post-thumbnail","6":"product_cat-baasolid","7":"product_cat-juuste-hoolduseks","8":"product_cat-kate-hooldus","9":"product_cat-kehale","10":"product_cat-naole","11":"product_shipping_class-s","13":"first","14":"instock","15":"taxable","16":"shipping-taxable","17":"purchasable","18":"product-type-simple"},"_links":{"self":[{"href":"https:\/\/minervashop.eu\/en\/wp-json\/wp\/v2\/product\/151588","targetHints":{"allow":["GET"]}}],"collection":[{"href":"https:\/\/minervashop.eu\/en\/wp-json\/wp\/v2\/product"}],"about":[{"href":"https:\/\/minervashop.eu\/en\/wp-json\/wp\/v2\/types\/product"}],"wp:featuredmedia":[{"embeddable":true,"href":"https:\/\/minervashop.eu\/en\/wp-json\/wp\/v2\/media\/151589"}],"wp:attachment":[{"href":"https:\/\/minervashop.eu\/en\/wp-json\/wp\/v2\/media?parent=151588"}],"wp:term":[{"taxonomy":"product_brand","embeddable":true,"href":"https:\/\/minervashop.eu\/en\/wp-json\/wp\/v2\/product_brand?post=151588"},{"taxonomy":"product_cat","embeddable":true,"href":"https:\/\/minervashop.eu\/en\/wp-json\/wp\/v2\/product_cat?post=151588"},{"taxonomy":"product_tag","embeddable":true,"href":"https:\/\/minervashop.eu\/en\/wp-json\/wp\/v2\/product_tag?post=151588"}],"curies":[{"name":"wp","href":"https:\/\/api.w.org\/{rel}","templated":true}]}}