{"id":151592,"date":"2025-09-04T09:33:27","date_gmt":"2025-09-04T09:33:27","guid":{"rendered":"https:\/\/minervashop.eu\/?post_type=product&#038;p=151592"},"modified":"2025-10-16T13:37:16","modified_gmt":"2025-10-16T13:37:16","slug":"toilet-cleaner-descaler-eucalyptus-750ml","status":"publish","type":"product","link":"https:\/\/minervashop.eu\/en\/toode\/toilet-cleaner-descaler-eucalyptus-750ml\/","title":{"rendered":"Toilet cleaner &#038; descaler Eucalyptus 750ml"},"content":{"rendered":"<p>eemaldab sette ja v\u00e4ldib kusekivi teket. Lisatud eukal\u00fcpti \u00f5li desinfitseerib ja neutraliseerib halba l\u00f5hna ja v\u00e4rskendab. 95.5% koostisainetest on naturaalset p\u00e4ritolu, 25.3% on toodetud kontrollitud orgaanilisest tootmisest v\u00f5i vabast loodusest. Looduses lagunev t\u00e4ielikult. Pakend (rHDPE), kork (rPP) ja silt (PE) on valmistatud 92% \u00fcmbert\u00f6\u00f6deldud plastikust. Laialdaselt taaskasutatav. Sertifikaat: Eco-garantii, Vegan<\/p>\n<p>koostis &#8211; vesi; Sapindus Mukurossi Extract; Sodium Levulinate; Alkylpolyglucoside; Lactic Acid; Potassium Sorbate; Camelia Oleifera Leaf Extract; Saponaria Officinalis Extract; Xanthan Gum; Parfum; 1,8-Cineol.<\/p>\n<p>&nbsp;<\/p>\n","protected":false},"excerpt":{"rendered":"<p>Orgaaniline WC puhastamise vahend on valmistatud puhtast saponiin taime ekstraktist, ilma keemilise t\u00f6\u00f6tlemiseta. See puhastab ja desinfitseerib tualettpotti, torusid ja teisi sanitaarseid seadmeid.<\/p>\n<p><b>kasutamine <\/b>Vala puhastusvahendit potti ja selle \u00e4\u00e4re alla, lase m\u00f5ni hetk toimida, harja korralikult\u00a0 ja siis loputa.<br \/>\nsertifikaadid: Vegan, Austria Orgaanika garantii, Original Dermatest<\/p>\n","protected":false},"featured_media":151593,"template":"","meta":[],"product_brand":[],"product_cat":[774],"product_tag":[],"class_list":{"0":"post-151592","1":"product","2":"type-product","3":"status-publish","4":"has-post-thumbnail","6":"product_cat-kodupuhastus-tooted","7":"product_shipping_class-s","9":"first","10":"instock","11":"taxable","12":"shipping-taxable","13":"purchasable","14":"product-type-simple"},"_links":{"self":[{"href":"https:\/\/minervashop.eu\/en\/wp-json\/wp\/v2\/product\/151592","targetHints":{"allow":["GET"]}}],"collection":[{"href":"https:\/\/minervashop.eu\/en\/wp-json\/wp\/v2\/product"}],"about":[{"href":"https:\/\/minervashop.eu\/en\/wp-json\/wp\/v2\/types\/product"}],"wp:featuredmedia":[{"embeddable":true,"href":"https:\/\/minervashop.eu\/en\/wp-json\/wp\/v2\/media\/151593"}],"wp:attachment":[{"href":"https:\/\/minervashop.eu\/en\/wp-json\/wp\/v2\/media?parent=151592"}],"wp:term":[{"taxonomy":"product_brand","embeddable":true,"href":"https:\/\/minervashop.eu\/en\/wp-json\/wp\/v2\/product_brand?post=151592"},{"taxonomy":"product_cat","embeddable":true,"href":"https:\/\/minervashop.eu\/en\/wp-json\/wp\/v2\/product_cat?post=151592"},{"taxonomy":"product_tag","embeddable":true,"href":"https:\/\/minervashop.eu\/en\/wp-json\/wp\/v2\/product_tag?post=151592"}],"curies":[{"name":"wp","href":"https:\/\/api.w.org\/{rel}","templated":true}]}}