{"id":151598,"date":"2025-09-04T09:48:47","date_gmt":"2025-09-04T09:48:47","guid":{"rendered":"https:\/\/minervashop.eu\/?post_type=product&#038;p=151598"},"modified":"2025-09-15T13:14:34","modified_gmt":"2025-09-15T13:14:34","slug":"hluru-tuulekell","status":"publish","type":"product","link":"https:\/\/minervashop.eu\/en\/toode\/hluru-tuulekell\/","title":{"rendered":"Hluru tuulekell"},"content":{"rendered":"<p data-start=\"3101\" data-end=\"3588\">Komplektis on 2 vahetatavat pendlit: plastikust terava heli tekitamiseks v\u00e4listingumustes ja namnu tugevast puidust sees ruumides kasutamiseks. M\u00f5lemal on\u00a0 bambusest tiib, avades v\u00e4iksema ava, on neid lihtne vahetada \u00fchega 4st v\u00e4rvilisest paber ripatsist, mis on aastaaegade teemalised. Sel moel saad l\u00fclitada t\u00e4ielikku resonantsi bambusega ja kergema heliga paberiga.<\/p>\n<p data-start=\"3590\" data-end=\"3878\">Sobib nii v\u00e4lis- kui sisetingimustes kasutamiseks. Paberist pendel ei ole sobiv v\u00e4ljas kasutamiseks, kuna see on tundlik niiskusele.\u00a0 Bambus sobib v\u00e4ljas kasutamiseks, kuid aja jooksul muudab oma v\u00e4limust. Maksimaalseks kestvuseks riputa tuulekell kuiva ja varjulisse kohta.<\/p>\n<p data-start=\"3590\" data-end=\"3878\">komplektis &#8211;<\/p>\n<p data-start=\"3590\" data-end=\"3878\">bambus tuulekell (\u00b143 cm)<br data-start=\"3921\" data-end=\"3924\" \/>siseruumi pendel (nanmu k\u00f5vapuit) bambusest tiivaga<br data-start=\"3972\" data-end=\"3975\" \/>v\u00e4litingimuste pendel (s\u00fcnteetiline) bambusest tiivaga<br data-start=\"4019\" data-end=\"4022\" \/>4 aastaaegade paber pendlit<br data-start=\"4051\" data-end=\"4054\" \/>juhend<\/p>\n","protected":false},"excerpt":{"rendered":"<p data-start=\"2874\" data-end=\"3099\">Tuulekell, milles kombineerub bambus \u00fcmbris ja\u00a0 vahetatav pendel seespool.\u00a0 8 eelnevalt seadistatud metall ketast loovad F\u2013G\u2013A\u2013D\u2013F\u2013A\u2013A\u2013D ( D-minoor paleti koos lisatud G), luues h\u00f5ljuva lainelise heli.<\/p>\n<p data-start=\"2874\" data-end=\"3099\">143g<\/p>\n<p data-start=\"2874\" data-end=\"3099\">\n","protected":false},"featured_media":151599,"template":"","meta":[],"product_brand":[],"product_cat":[80,220],"product_tag":[],"class_list":{"0":"post-151598","1":"product","2":"type-product","3":"status-publish","4":"has-post-thumbnail","6":"product_cat-muusikariistad","7":"product_cat-bambusest-tuulekellad","8":"product_shipping_class-s","10":"first","11":"outofstock","12":"taxable","13":"shipping-taxable","14":"purchasable","15":"product-type-simple"},"_links":{"self":[{"href":"https:\/\/minervashop.eu\/en\/wp-json\/wp\/v2\/product\/151598","targetHints":{"allow":["GET"]}}],"collection":[{"href":"https:\/\/minervashop.eu\/en\/wp-json\/wp\/v2\/product"}],"about":[{"href":"https:\/\/minervashop.eu\/en\/wp-json\/wp\/v2\/types\/product"}],"wp:featuredmedia":[{"embeddable":true,"href":"https:\/\/minervashop.eu\/en\/wp-json\/wp\/v2\/media\/151599"}],"wp:attachment":[{"href":"https:\/\/minervashop.eu\/en\/wp-json\/wp\/v2\/media?parent=151598"}],"wp:term":[{"taxonomy":"product_brand","embeddable":true,"href":"https:\/\/minervashop.eu\/en\/wp-json\/wp\/v2\/product_brand?post=151598"},{"taxonomy":"product_cat","embeddable":true,"href":"https:\/\/minervashop.eu\/en\/wp-json\/wp\/v2\/product_cat?post=151598"},{"taxonomy":"product_tag","embeddable":true,"href":"https:\/\/minervashop.eu\/en\/wp-json\/wp\/v2\/product_tag?post=151598"}],"curies":[{"name":"wp","href":"https:\/\/api.w.org\/{rel}","templated":true}]}}